{"id":1446,"date":"2014-11-23T14:58:45","date_gmt":"2014-11-23T12:58:45","guid":{"rendered":"http:\/\/80.69.171.23\/py\/?page_id=1446"},"modified":"2025-06-03T11:32:07","modified_gmt":"2025-06-03T08:32:07","slug":"salla","status":"publish","type":"page","link":"https:\/\/paliskunnat.fi\/py\/paliskunnat\/paliskuntien-tiedot\/salla\/","title":{"rendered":"24 Salla"},"content":{"rendered":"<h2>Salla<\/h2>\n<p>Porois\u00e4nt\u00e4: Mursu Sami<br \/>\nPuhelin: 040 547 1397<br \/>\nS\u00e4hk\u00f6posti: &#x73;&#x61;&#x6c;&#x6c;&#97;&#110;&#112;lk&#x32;&#x34;&#x40;&#x67;&#x6d;&#97;&#105;&#108;&#46;c&#x6f;&#x6d;<\/p>\n<p><a href=\"https:\/\/paliskunnat.fi\/py\/wp-content\/uploads\/2014\/11\/24_salla.png\" rel=\"lightbox[1446]\"><img loading=\"lazy\" decoding=\"async\" class=\"alignnone wp-image-1495\" src=\"https:\/\/paliskunnat.fi\/py\/wp-content\/uploads\/2014\/11\/24_salla.png\" alt=\"24 Salla\" width=\"300\" height=\"387\" srcset=\"https:\/\/paliskunnat.fi\/py\/wp-content\/uploads\/2014\/11\/24_salla.png 775w, https:\/\/paliskunnat.fi\/py\/wp-content\/uploads\/2014\/11\/24_salla-232x300.png 232w\" sizes=\"auto, (max-width: 300px) 100vw, 300px\" \/><\/a><\/p>\n<table width=\"450\">\n<tbody>\n<tr>\n<td>Kotikunta:<\/td>\n<td>Salla<\/td>\n<\/tr>\n<tr>\n<td>Pinta-ala:<\/td>\n<td>4 378,0 km<sup>2<\/sup><\/td>\n<\/tr>\n<tr>\n<td>Suurin sallittu eloporom\u00e4\u00e4r\u00e4:<\/td>\n<td>5 300<\/td>\n<\/tr>\n<tr>\n<td>Poronomistajia:<\/td>\n<td>178<\/td>\n<\/tr>\n<\/tbody>\n<\/table>\n<p>Sallan paliskunta kuuluu Sallan merkkipiiriin. Paliskunta sijaitsee suurilta osin Sallan kunnan alueella ja pienilt\u00e4 osin Kemij\u00e4rven, Pelkosenniemen ja Savukosken kuntien alueella.<\/p>\n<p>Paliskunta rajoittuu id\u00e4ss\u00e4 Ven\u00e4j\u00e4n valtakunnan rajaan. Etel\u00e4ss\u00e4 paliskunta rajoittuu Alakitkan ja Tolvan, l\u00e4nness\u00e4 Hirvasniemen, luoteessa Oraniemen ja pohjoisessa Kemin-Sompion ja Pohjois-Sallan paliskuntiin.<\/p>\n<p>Paliskunnan maapinta-alasta 36,1 % on valtionmaata ja 63,9 % on muiden maanomistajien omistuksessa. Oulangan kansallispuisto sijaitsee osittain paliskunnan alueella. Sallatunturin hiihtokeskus sijaitsee paliskunnan alueella.<\/p>\n<p>Paliskunnan alueella on kiinteit\u00e4 aitoja mutta siirtoaidat ovat yh\u00e4 useammin k\u00e4yt\u00f6ss\u00e4.<\/p>\n<p>Asutus on keskittynyt Sallan kirkonkyl\u00e4\u00e4n ja jakautuu muulta osin tasaisesti usean sivukyl\u00e4n kesken.<\/p>\n<p><!--more--><\/p>\n<h2>Sallan paliskunta<\/h2>\n<p>Sallan paliskunnan <a href=\"http:\/\/www.facebook.com\/sallanpaliskunta\/\">Facebook-sivut<\/a><\/p>\n<p>&nbsp;<\/p>\n<p>&nbsp;<\/p>\n","protected":false},"excerpt":{"rendered":"<p>Salla Porois\u00e4nt\u00e4: Mursu Sami Puhelin: 040 547 1397 S\u00e4hk\u00f6posti: &#x73;a&#x6c;&#108;&#x61;&#110;p&#x6c;k&#x32;&#52;&#x40;&#103;m&#x61;&#105;&#x6c;&#46;c&#x6f;m Kotikunta: Salla Pinta-ala: 4 378,0 km2 Suurin sallittu eloporom\u00e4\u00e4r\u00e4: 5 300 Poronomistajia: 178 Sallan paliskunta kuuluu Sallan merkkipiiriin. Paliskunta sijaitsee suurilta osin Sallan kunnan alueella ja pienilt\u00e4 osin Kemij\u00e4rven, Pelkosenniemen ja Savukosken kuntien alueella. Paliskunta rajoittuu id\u00e4ss\u00e4 Ven\u00e4j\u00e4n valtakunnan rajaan. Etel\u00e4ss\u00e4 paliskunta rajoittuu Alakitkan ja [&hellip;]<\/p>\n","protected":false},"author":1,"featured_media":0,"parent":420,"menu_order":24,"comment_status":"open","ping_status":"closed","template":"paliskuntasivut.php","meta":{"footnotes":""},"class_list":["post-1446","page","type-page","status-publish","hentry"],"_links":{"self":[{"href":"https:\/\/paliskunnat.fi\/py\/wp-json\/wp\/v2\/pages\/1446","targetHints":{"allow":["GET"]}}],"collection":[{"href":"https:\/\/paliskunnat.fi\/py\/wp-json\/wp\/v2\/pages"}],"about":[{"href":"https:\/\/paliskunnat.fi\/py\/wp-json\/wp\/v2\/types\/page"}],"author":[{"embeddable":true,"href":"https:\/\/paliskunnat.fi\/py\/wp-json\/wp\/v2\/users\/1"}],"replies":[{"embeddable":true,"href":"https:\/\/paliskunnat.fi\/py\/wp-json\/wp\/v2\/comments?post=1446"}],"version-history":[{"count":25,"href":"https:\/\/paliskunnat.fi\/py\/wp-json\/wp\/v2\/pages\/1446\/revisions"}],"predecessor-version":[{"id":8587,"href":"https:\/\/paliskunnat.fi\/py\/wp-json\/wp\/v2\/pages\/1446\/revisions\/8587"}],"up":[{"embeddable":true,"href":"https:\/\/paliskunnat.fi\/py\/wp-json\/wp\/v2\/pages\/420"}],"wp:attachment":[{"href":"https:\/\/paliskunnat.fi\/py\/wp-json\/wp\/v2\/media?parent=1446"}],"curies":[{"name":"wp","href":"https:\/\/api.w.org\/{rel}","templated":true}]}}