{"id":1449,"date":"2014-11-23T15:12:52","date_gmt":"2014-11-23T13:12:52","guid":{"rendered":"http:\/\/80.69.171.23\/py\/?page_id=1449"},"modified":"2024-05-31T09:28:27","modified_gmt":"2024-05-31T06:28:27","slug":"hirvasniemi","status":"publish","type":"page","link":"https:\/\/paliskunnat.fi\/py\/paliskunnat\/paliskuntien-tiedot\/hirvasniemi\/","title":{"rendered":"25  Hirvasniemi"},"content":{"rendered":"<h2>Hirvasniemi<\/h2>\n<p>Porois\u00e4nt\u00e4: Alaluusua Alpo<br \/>\nPuhelin: 040 720 9385<br \/>\nS\u00e4hk\u00f6posti: &#97;&#x6c;&#x70;o&#97;&#x6c;a&#108;&#x75;u&#115;&#x75;a&#64;&#x67;&#x6d;&#97;&#x69;&#x6c;&#46;&#99;&#x6f;m<\/p>\n<p><a href=\"https:\/\/paliskunnat.fi\/py\/wp-content\/uploads\/2014\/11\/25_hirvasniemi.png\" rel=\"lightbox[1449]\"><img loading=\"lazy\" decoding=\"async\" class=\"alignnone wp-image-1501\" src=\"https:\/\/paliskunnat.fi\/py\/wp-content\/uploads\/2014\/11\/25_hirvasniemi.png\" alt=\"25 Hirvassniemi\" width=\"300\" height=\"387\" srcset=\"https:\/\/paliskunnat.fi\/py\/wp-content\/uploads\/2014\/11\/25_hirvasniemi.png 776w, https:\/\/paliskunnat.fi\/py\/wp-content\/uploads\/2014\/11\/25_hirvasniemi-232x300.png 232w\" sizes=\"auto, (max-width: 300px) 100vw, 300px\" \/><\/a><\/p>\n<table width=\"450\">\n<tbody>\n<tr>\n<td>Kotikunta:<\/td>\n<td>Kemij\u00e4rvi<\/td>\n<\/tr>\n<tr>\n<td>Pinta-ala:<\/td>\n<td>1 925,9 km<sup>2<\/sup><\/td>\n<\/tr>\n<tr>\n<td>Suurin sallittu eloporom\u00e4\u00e4r\u00e4:<\/td>\n<td>2 300<\/td>\n<\/tr>\n<tr>\n<td>Poronomistajia:<\/td>\n<td>70<\/td>\n<\/tr>\n<\/tbody>\n<\/table>\n<p>Hirvasniemen paliskunta kuuluu Sallan merkkipiiriin. Paliskunta sijaitsee Kemij\u00e4rven (n.65 %), Pelkosenniemen (n.25 %) ja Savukosken (n.10 %) kuntien alueella. Paliskunta rajoittuu l\u00e4nness\u00e4 Pyh\u00e4-Kallion, pohjoisessa Oraniemen, id\u00e4ss\u00e4 Sallan sek\u00e4 etel\u00e4ss\u00e4 Timisj\u00e4rven paliskuntiin.<\/p>\n<p>Paliskunnan maapinta-alasta 24,8 % on valtionmaata ja 75,2 % on muiden maanomistajien omistuksessa.\u00a0Kansallis- tai luonnonpuistoja ei paliskunnan alueella ole eik\u00e4 my\u00f6sk\u00e4\u00e4n er\u00e4maa-alueita. Vanhaa mets\u00e4\u00e4 ja luonnonmets\u00e4\u00e4 on viel\u00e4 Ottovaaran sel\u00e4ss\u00e4, joka kuuluu Naturan suojelualueisiin.<\/p>\n<p>Paliskunnan t\u00e4rkeit\u00e4 erotuspaikkoja ovat Isokyl\u00e4, Soppela, Palomaa, Haukivaara ja Seitavaara. Hanhivaarassa on kiinte\u00e4 aita, jota k\u00e4ytet\u00e4\u00e4n kes\u00e4merkinn\u00e4ss\u00e4.<\/p>\n<p>P\u00e4\u00e4osa paliskunnan osakkaista asuu kyliss\u00e4, joita ovat Soppela, Isokyl\u00e4, Kallaanvaara, Joutsij\u00e4rvi, Kostamo ja Luusua. Soppelassa asuu l\u00e4hes 80 % osakkaista.<\/p>\n<p>&nbsp;<\/p>\n<p>&nbsp;<\/p>\n<p>&nbsp;<\/p>\n","protected":false},"excerpt":{"rendered":"<p>Hirvasniemi Porois\u00e4nt\u00e4: Alaluusua Alpo Puhelin: 040 720 9385 S\u00e4hk\u00f6posti: &#97;&#x6c;p&#111;&#x61;l&#97;&#x6c;u&#117;&#x73;u&#97;&#x40;g&#109;&#x61;i&#108;&#x2e;c&#111;&#x6d; Kotikunta: Kemij\u00e4rvi Pinta-ala: 1 925,9 km2 Suurin sallittu eloporom\u00e4\u00e4r\u00e4: 2 300 Poronomistajia: 70 Hirvasniemen paliskunta kuuluu Sallan merkkipiiriin. Paliskunta sijaitsee Kemij\u00e4rven (n.65 %), Pelkosenniemen (n.25 %) ja Savukosken (n.10 %) kuntien alueella. Paliskunta rajoittuu l\u00e4nness\u00e4 Pyh\u00e4-Kallion, pohjoisessa Oraniemen, id\u00e4ss\u00e4 Sallan sek\u00e4 etel\u00e4ss\u00e4 Timisj\u00e4rven paliskuntiin. Paliskunnan [&hellip;]<\/p>\n","protected":false},"author":1,"featured_media":0,"parent":420,"menu_order":25,"comment_status":"open","ping_status":"closed","template":"paliskuntasivut.php","meta":{"footnotes":""},"class_list":["post-1449","page","type-page","status-publish","hentry"],"_links":{"self":[{"href":"https:\/\/paliskunnat.fi\/py\/wp-json\/wp\/v2\/pages\/1449","targetHints":{"allow":["GET"]}}],"collection":[{"href":"https:\/\/paliskunnat.fi\/py\/wp-json\/wp\/v2\/pages"}],"about":[{"href":"https:\/\/paliskunnat.fi\/py\/wp-json\/wp\/v2\/types\/page"}],"author":[{"embeddable":true,"href":"https:\/\/paliskunnat.fi\/py\/wp-json\/wp\/v2\/users\/1"}],"replies":[{"embeddable":true,"href":"https:\/\/paliskunnat.fi\/py\/wp-json\/wp\/v2\/comments?post=1449"}],"version-history":[{"count":18,"href":"https:\/\/paliskunnat.fi\/py\/wp-json\/wp\/v2\/pages\/1449\/revisions"}],"predecessor-version":[{"id":8340,"href":"https:\/\/paliskunnat.fi\/py\/wp-json\/wp\/v2\/pages\/1449\/revisions\/8340"}],"up":[{"embeddable":true,"href":"https:\/\/paliskunnat.fi\/py\/wp-json\/wp\/v2\/pages\/420"}],"wp:attachment":[{"href":"https:\/\/paliskunnat.fi\/py\/wp-json\/wp\/v2\/media?parent=1449"}],"curies":[{"name":"wp","href":"https:\/\/api.w.org\/{rel}","templated":true}]}}