{"id":1451,"date":"2014-11-23T15:14:17","date_gmt":"2014-11-23T13:14:17","guid":{"rendered":"http:\/\/80.69.171.23\/py\/?page_id=1451"},"modified":"2023-06-08T10:43:33","modified_gmt":"2023-06-08T07:43:33","slug":"pyha-kallio","status":"publish","type":"page","link":"https:\/\/paliskunnat.fi\/py\/paliskunnat\/paliskuntien-tiedot\/pyha-kallio\/","title":{"rendered":"26 Pyh\u00e4-Kallio"},"content":{"rendered":"<h2>Pyh\u00e4-Kallio<\/h2>\n<p>Porois\u00e4nt\u00e4: Uutela Ky\u00f6sti<br \/>\nPuhelin: 0400 132 161<br \/>\nS\u00e4hk\u00f6posti: &#x6b;&#x79;&#x6f;&#x73;&#x74;&#x69;&#x2e;&#117;&#117;&#116;&#101;&#108;a&#64;ho&#x74;&#x6d;&#x61;&#x69;&#x6c;&#x2e;&#x66;&#x69;<\/p>\n<p><a href=\"https:\/\/paliskunnat.fi\/py\/wp-content\/uploads\/2014\/11\/26_pyha_kallio.png\" rel=\"lightbox[1451]\"><img loading=\"lazy\" decoding=\"async\" class=\"alignnone wp-image-1503\" src=\"https:\/\/paliskunnat.fi\/py\/wp-content\/uploads\/2014\/11\/26_pyha_kallio.png\" alt=\"26_pyha_kallio\" width=\"300\" height=\"387\" srcset=\"https:\/\/paliskunnat.fi\/py\/wp-content\/uploads\/2014\/11\/26_pyha_kallio.png 776w, https:\/\/paliskunnat.fi\/py\/wp-content\/uploads\/2014\/11\/26_pyha_kallio-232x300.png 232w\" sizes=\"auto, (max-width: 300px) 100vw, 300px\" \/><\/a><\/p>\n<table width=\"450\">\n<tbody>\n<tr>\n<td>Kotikunta:<\/td>\n<td>Kemij\u00e4rvi<\/td>\n<\/tr>\n<tr>\n<td>Pinta-ala:<\/td>\n<td>3 976,7 km<sup>2<\/sup><\/td>\n<\/tr>\n<tr>\n<td>Suurin sallittu eloporom\u00e4\u00e4r\u00e4:<\/td>\n<td>6 500<\/td>\n<\/tr>\n<tr>\n<td>Poronomistajia:<\/td>\n<td>139<\/td>\n<\/tr>\n<\/tbody>\n<\/table>\n<p>Pyh\u00e4-Kallion paliskunta kuuluu Raudanjoen merkkipiiriin. Paliskunta sijoittuu Rovaniemen-, Kemij\u00e4rven-, Sodankyl\u00e4n ja Pelkosenniemen kuntien alueelle. Pohjoisessa paliskunta rajoittuu Oraniemen, id\u00e4ss\u00e4 Hirvasniemen, etel\u00e4ss\u00e4 Vanttauksen ja Timisj\u00e4rven paliskuntiin, l\u00e4nness\u00e4 Poikaj\u00e4rven ja Syv\u00e4j\u00e4rven paliskuntiin.<\/p>\n<p>Paliskunnan maapinta-alasta noin 55,0 % on valtionmaata ja 45,0 % on muiden maanomistajien omistuksessa. Rovaj\u00e4rven ampuma-alue, Pyh\u00e4-Luoston kansallispuisto sek\u00e4 Pyh\u00e4n ja Luoston matkailukeskukset sijaitsevat paliskunnan alueella.<\/p>\n<p>Paliskunnalla on kattava aitaverkosto, joka koostuu noin 40 aidasta. Paliskunnalla on keskim\u00e4\u00e4rin yksi aita \/ 100 km<sup>2<\/sup>.<\/p>\n<p>Merkitt\u00e4v\u00e4t asutuskeskukset ovat Kemij\u00e4rven kaupunki ja Pelkosenniemen kirkonkyl\u00e4. Paliskunnan alueella on lukuisia pikkukyli\u00e4. Poromiehet asuvat pitkin paliskunnan aluetta.<\/p>\n<p>&nbsp;<\/p>\n<p>&nbsp;<\/p>\n<p>&nbsp;<\/p>\n","protected":false},"excerpt":{"rendered":"<p>Pyh\u00e4-Kallio Porois\u00e4nt\u00e4: Uutela Ky\u00f6sti Puhelin: 0400 132 161 S\u00e4hk\u00f6posti: ky&#111;&#115;&#116;&#x69;&#x2e;&#x75;&#x75;te&#108;&#97;&#64;&#x68;&#x6f;&#x74;&#x6d;ai&#108;&#46;&#102;&#x69; Kotikunta: Kemij\u00e4rvi Pinta-ala: 3 976,7 km2 Suurin sallittu eloporom\u00e4\u00e4r\u00e4: 6 500 Poronomistajia: 139 Pyh\u00e4-Kallion paliskunta kuuluu Raudanjoen merkkipiiriin. Paliskunta sijoittuu Rovaniemen-, Kemij\u00e4rven-, Sodankyl\u00e4n ja Pelkosenniemen kuntien alueelle. Pohjoisessa paliskunta rajoittuu Oraniemen, id\u00e4ss\u00e4 Hirvasniemen, etel\u00e4ss\u00e4 Vanttauksen ja Timisj\u00e4rven paliskuntiin, l\u00e4nness\u00e4 Poikaj\u00e4rven ja Syv\u00e4j\u00e4rven paliskuntiin. Paliskunnan maapinta-alasta [&hellip;]<\/p>\n","protected":false},"author":1,"featured_media":0,"parent":420,"menu_order":26,"comment_status":"open","ping_status":"closed","template":"paliskuntasivut.php","meta":{"footnotes":""},"class_list":["post-1451","page","type-page","status-publish","hentry"],"_links":{"self":[{"href":"https:\/\/paliskunnat.fi\/py\/wp-json\/wp\/v2\/pages\/1451","targetHints":{"allow":["GET"]}}],"collection":[{"href":"https:\/\/paliskunnat.fi\/py\/wp-json\/wp\/v2\/pages"}],"about":[{"href":"https:\/\/paliskunnat.fi\/py\/wp-json\/wp\/v2\/types\/page"}],"author":[{"embeddable":true,"href":"https:\/\/paliskunnat.fi\/py\/wp-json\/wp\/v2\/users\/1"}],"replies":[{"embeddable":true,"href":"https:\/\/paliskunnat.fi\/py\/wp-json\/wp\/v2\/comments?post=1451"}],"version-history":[{"count":18,"href":"https:\/\/paliskunnat.fi\/py\/wp-json\/wp\/v2\/pages\/1451\/revisions"}],"predecessor-version":[{"id":7823,"href":"https:\/\/paliskunnat.fi\/py\/wp-json\/wp\/v2\/pages\/1451\/revisions\/7823"}],"up":[{"embeddable":true,"href":"https:\/\/paliskunnat.fi\/py\/wp-json\/wp\/v2\/pages\/420"}],"wp:attachment":[{"href":"https:\/\/paliskunnat.fi\/py\/wp-json\/wp\/v2\/media?parent=1451"}],"curies":[{"name":"wp","href":"https:\/\/api.w.org\/{rel}","templated":true}]}}