{"id":1453,"date":"2014-11-23T15:15:45","date_gmt":"2014-11-23T13:15:45","guid":{"rendered":"http:\/\/80.69.171.23\/py\/?page_id=1453"},"modified":"2024-01-03T05:53:09","modified_gmt":"2024-01-03T03:53:09","slug":"vanttaus","status":"publish","type":"page","link":"https:\/\/paliskunnat.fi\/py\/paliskunnat\/paliskuntien-tiedot\/vanttaus\/","title":{"rendered":"27 Vanttaus"},"content":{"rendered":"<h2>Vanttaus<\/h2>\n<p>Porois\u00e4nt\u00e4: Karvonen Seppo<br \/>\nPuhelin: 040 \u00a0741 1969<br \/>\nS\u00e4hk\u00f6posti: va&#110;&#116;&#x74;&#x61;&#x75;&#x73;pl&#107;&#64;&#x67;&#x6d;&#x61;&#x69;l&#46;&#99;&#111;&#109;<\/p>\n<p><a href=\"https:\/\/paliskunnat.fi\/py\/wp-content\/uploads\/2014\/11\/27_vanttaus.png\" rel=\"lightbox[1453]\"><img loading=\"lazy\" decoding=\"async\" class=\"alignnone wp-image-1505\" src=\"https:\/\/paliskunnat.fi\/py\/wp-content\/uploads\/2014\/11\/27_vanttaus.png\" alt=\"27 Vanttaus\" width=\"300\" height=\"387\" srcset=\"https:\/\/paliskunnat.fi\/py\/wp-content\/uploads\/2014\/11\/27_vanttaus.png 776w, https:\/\/paliskunnat.fi\/py\/wp-content\/uploads\/2014\/11\/27_vanttaus-232x300.png 232w\" sizes=\"auto, (max-width: 300px) 100vw, 300px\" \/><\/a><\/p>\n<table width=\"450\">\n<tbody>\n<tr>\n<td>Kotikunta:<\/td>\n<td>Rovaniemi<\/td>\n<\/tr>\n<tr>\n<td>Pinta-ala:<\/td>\n<td>793,1 km<sup>2<\/sup><\/td>\n<\/tr>\n<tr>\n<td>Suurin sallittu eloporom\u00e4\u00e4r\u00e4:<\/td>\n<td>1 200<\/td>\n<\/tr>\n<tr>\n<td>Poronomistajia:<\/td>\n<td>21<\/td>\n<\/tr>\n<\/tbody>\n<\/table>\n<p>Vanttauksen paliskunta kuuluu Raudanjoen merkkipiiriin. Paliskunta sijaitsee Rovaniemen kaupungin kaakkoisosassa. Paliskunta rajoittuu pohjoisessa Pyh\u00e4-Kallion, id\u00e4ss\u00e4 Timisj\u00e4rven, etel\u00e4ss\u00e4 Niemel\u00e4n ja Narkauksen ja l\u00e4nness\u00e4 Poikaj\u00e4rven paliskuntiin.<\/p>\n<p>Paliskunnan maapinta-alasta 50,8 % on valtionmaata ja 49,2 % on muiden maanomistajien omistuksessa.\u00a0Paliskunnan alueella ei ole turvetuotantoa, mutta alueen suuret maatilat rajoittavat porojen laidunalueita.<\/p>\n<p>Paliskunnalla ei ole este- tai laidunkiertoaitoja. Erotusaitapaikkoja on k\u00e4yt\u00f6ss\u00e4 kuusi.<\/p>\n<p>Paliskunnan poromiehet asuvat p\u00e4\u00e4osin Kemijokivarressa. Taajamassa asuvia poromiehi\u00e4 on muutamia.<\/p>\n<p>&nbsp;<\/p>\n<p>&nbsp;<\/p>\n","protected":false},"excerpt":{"rendered":"<p>Vanttaus Porois\u00e4nt\u00e4: Karvonen Seppo Puhelin: 040 \u00a0741 1969 S\u00e4hk\u00f6posti: &#x76;&#x61;&#x6e;&#116;&#116;au&#x73;&#x70;&#x6c;&#x6b;&#64;&#103;ma&#x69;&#x6c;&#x2e;&#99;&#111;&#109; Kotikunta: Rovaniemi Pinta-ala: 793,1 km2 Suurin sallittu eloporom\u00e4\u00e4r\u00e4: 1 200 Poronomistajia: 21 Vanttauksen paliskunta kuuluu Raudanjoen merkkipiiriin. Paliskunta sijaitsee Rovaniemen kaupungin kaakkoisosassa. Paliskunta rajoittuu pohjoisessa Pyh\u00e4-Kallion, id\u00e4ss\u00e4 Timisj\u00e4rven, etel\u00e4ss\u00e4 Niemel\u00e4n ja Narkauksen ja l\u00e4nness\u00e4 Poikaj\u00e4rven paliskuntiin. Paliskunnan maapinta-alasta 50,8 % on valtionmaata ja 49,2 % [&hellip;]<\/p>\n","protected":false},"author":1,"featured_media":0,"parent":420,"menu_order":27,"comment_status":"open","ping_status":"closed","template":"paliskuntasivut.php","meta":{"footnotes":""},"class_list":["post-1453","page","type-page","status-publish","hentry"],"_links":{"self":[{"href":"https:\/\/paliskunnat.fi\/py\/wp-json\/wp\/v2\/pages\/1453","targetHints":{"allow":["GET"]}}],"collection":[{"href":"https:\/\/paliskunnat.fi\/py\/wp-json\/wp\/v2\/pages"}],"about":[{"href":"https:\/\/paliskunnat.fi\/py\/wp-json\/wp\/v2\/types\/page"}],"author":[{"embeddable":true,"href":"https:\/\/paliskunnat.fi\/py\/wp-json\/wp\/v2\/users\/1"}],"replies":[{"embeddable":true,"href":"https:\/\/paliskunnat.fi\/py\/wp-json\/wp\/v2\/comments?post=1453"}],"version-history":[{"count":23,"href":"https:\/\/paliskunnat.fi\/py\/wp-json\/wp\/v2\/pages\/1453\/revisions"}],"predecessor-version":[{"id":7986,"href":"https:\/\/paliskunnat.fi\/py\/wp-json\/wp\/v2\/pages\/1453\/revisions\/7986"}],"up":[{"embeddable":true,"href":"https:\/\/paliskunnat.fi\/py\/wp-json\/wp\/v2\/pages\/420"}],"wp:attachment":[{"href":"https:\/\/paliskunnat.fi\/py\/wp-json\/wp\/v2\/media?parent=1453"}],"curies":[{"name":"wp","href":"https:\/\/api.w.org\/{rel}","templated":true}]}}