{"id":1456,"date":"2014-11-23T15:17:25","date_gmt":"2014-11-23T13:17:25","guid":{"rendered":"http:\/\/80.69.171.23\/py\/?page_id=1456"},"modified":"2023-06-08T10:44:28","modified_gmt":"2023-06-08T07:44:28","slug":"poikajarvi","status":"publish","type":"page","link":"https:\/\/paliskunnat.fi\/py\/paliskunnat\/paliskuntien-tiedot\/poikajarvi\/","title":{"rendered":"28 Poikaj\u00e4rvi"},"content":{"rendered":"<h2>Poikaj\u00e4rvi<\/h2>\n<p>Porois\u00e4nt\u00e4: Mustonen Janne<br \/>\nPuhelin: 040 127 8990<br \/>\nS\u00e4hk\u00f6posti: &#112;o&#x69;k&#x61;j&#x61;r&#x76;e&#x6e;p&#x6c;&#107;&#x40;&#103;&#x6d;&#97;&#x69;&#108;&#x2e;&#99;&#x6f;&#109;<\/p>\n<p><a href=\"https:\/\/paliskunnat.fi\/py\/wp-content\/uploads\/2014\/11\/28_poikajarvi1.png\" rel=\"lightbox[1456]\"><img loading=\"lazy\" decoding=\"async\" class=\"alignnone wp-image-1509\" src=\"https:\/\/paliskunnat.fi\/py\/wp-content\/uploads\/2014\/11\/28_poikajarvi1.png\" alt=\"28_poikajarvi\" width=\"300\" height=\"387\" srcset=\"https:\/\/paliskunnat.fi\/py\/wp-content\/uploads\/2014\/11\/28_poikajarvi1.png 776w, https:\/\/paliskunnat.fi\/py\/wp-content\/uploads\/2014\/11\/28_poikajarvi1-232x300.png 232w\" sizes=\"auto, (max-width: 300px) 100vw, 300px\" \/><\/a><\/p>\n<table width=\"450\">\n<tbody>\n<tr>\n<td>Kotikunta:<\/td>\n<td>Rovaniemi<\/td>\n<\/tr>\n<tr>\n<td>Pinta-ala:<\/td>\n<td>2 536,0 km<sup>2<\/sup><\/td>\n<\/tr>\n<tr>\n<td>Suurin sallittu eloporom\u00e4\u00e4r\u00e4:<\/td>\n<td>4 600<\/td>\n<\/tr>\n<tr>\n<td>Poronomistajia:<\/td>\n<td>96<\/td>\n<\/tr>\n<\/tbody>\n<\/table>\n<p>Poikaj\u00e4rven paliskunta kuuluu Raudanjoen merkkipiiriin. Paliskunta sijaitsee Rovaniemen pohjoisosassa. Paliskunta rajoittuu pohjoisessa Alakyl\u00e4n ja Syv\u00e4j\u00e4rven, id\u00e4ss\u00e4 Pyh\u00e4-Kallion, kaakossa Vanttauksen, etel\u00e4ss\u00e4 Narkauksen ja l\u00e4nness\u00e4 Paloj\u00e4rven ja J\u00e4\u00e4sk\u00f6n paliskuntiin.<\/p>\n<p>Paliskunnan maapinta-alasta\u00a0 60,1 % on valtionmaata ja 39,9 % on muiden maanomistajien omistuksessa. Paliskunnan aluetta rajaa Ounasjoki, jonka varret kuuluvat Natura 2000- alueeseen. Paliskunnan halki kulkee vilkasliikenteinen valtatie 4, joka aiheuttaa runsaasti porovahinkoja. Someroharjun varuskunta-alue ja lentokentt\u00e4 sijaitsevat paliskunnan alueella.<\/p>\n<p>Paliskunnan alueella on noin 30 porojen k\u00e4sittelyyn tarkoitettua aitaa. M\u00e4\u00e4r\u00e4 on poronhoitoalueen suurimpia.\u00a0Paliskunnalla ei ole este ja laidunaitoja.<\/p>\n<p>Paliskunta sijoittuu osin Rovaniemen kaupungin taajama-alueelle. Osakkaiden asuminen sijoittuu tasaisesti ymp\u00e4ri paliskuntaa. L\u00e4hes kaikki osakkaat ovat maanomistajia. Tilat ovat joko maatiloja tai mets\u00e4tiloja.<\/p>\n<p>&nbsp;<\/p>\n<p><!--more--><\/p>\n<h2>Poroerotus 10\/2013<\/h2>\n<p>Poikaj\u00e4rven paliskunnan syksyn eka poroerotus Hietasel\u00e4n aidalla 7.10.2013 (<a href=\"https:\/\/www.youtube.com\/watch?v=oHAvC1MhwdA\">Youtube<\/a>). Julkaistu 10\/2013.<\/p>\n<h2 class=\"yt watch-title-container\"><span id=\"eow-title\" class=\"watch-title \" dir=\"ltr\" title=\"Poroerotus Hietasel\u00e4ss\u00e4 13.10.2014\">Poroerotus Hietasel\u00e4ss\u00e4 10\/2014<\/span><\/h2>\n<p>Poroerotus Hietasel\u00e4ss\u00e4 13.10.2014 (<a href=\"https:\/\/www.youtube.com\/watch?v=7ryyGXJ3bN0\">Youtube<\/a>). Julkaistu 10\/2014.<\/p>\n<p>&nbsp;<\/p>\n<p>&nbsp;<\/p>\n","protected":false},"excerpt":{"rendered":"<p>Poikaj\u00e4rvi Porois\u00e4nt\u00e4: Mustonen Janne Puhelin: 040 127 8990 S\u00e4hk\u00f6posti: &#x70;&#x6f;&#x69;&#107;&#97;ja&#x72;&#x76;&#x65;&#x6e;&#112;&#108;k&#64;&#x67;&#x6d;&#x61;&#105;&#108;&#46;co&#x6d; Kotikunta: Rovaniemi Pinta-ala: 2 536,0 km2 Suurin sallittu eloporom\u00e4\u00e4r\u00e4: 4 600 Poronomistajia: 96 Poikaj\u00e4rven paliskunta kuuluu Raudanjoen merkkipiiriin. Paliskunta sijaitsee Rovaniemen pohjoisosassa. Paliskunta rajoittuu pohjoisessa Alakyl\u00e4n ja Syv\u00e4j\u00e4rven, id\u00e4ss\u00e4 Pyh\u00e4-Kallion, kaakossa Vanttauksen, etel\u00e4ss\u00e4 Narkauksen ja l\u00e4nness\u00e4 Paloj\u00e4rven ja J\u00e4\u00e4sk\u00f6n paliskuntiin. Paliskunnan maapinta-alasta\u00a0 60,1 % on [&hellip;]<\/p>\n","protected":false},"author":1,"featured_media":0,"parent":420,"menu_order":28,"comment_status":"open","ping_status":"closed","template":"paliskuntasivut.php","meta":{"footnotes":""},"class_list":["post-1456","page","type-page","status-publish","hentry"],"_links":{"self":[{"href":"https:\/\/paliskunnat.fi\/py\/wp-json\/wp\/v2\/pages\/1456","targetHints":{"allow":["GET"]}}],"collection":[{"href":"https:\/\/paliskunnat.fi\/py\/wp-json\/wp\/v2\/pages"}],"about":[{"href":"https:\/\/paliskunnat.fi\/py\/wp-json\/wp\/v2\/types\/page"}],"author":[{"embeddable":true,"href":"https:\/\/paliskunnat.fi\/py\/wp-json\/wp\/v2\/users\/1"}],"replies":[{"embeddable":true,"href":"https:\/\/paliskunnat.fi\/py\/wp-json\/wp\/v2\/comments?post=1456"}],"version-history":[{"count":18,"href":"https:\/\/paliskunnat.fi\/py\/wp-json\/wp\/v2\/pages\/1456\/revisions"}],"predecessor-version":[{"id":7825,"href":"https:\/\/paliskunnat.fi\/py\/wp-json\/wp\/v2\/pages\/1456\/revisions\/7825"}],"up":[{"embeddable":true,"href":"https:\/\/paliskunnat.fi\/py\/wp-json\/wp\/v2\/pages\/420"}],"wp:attachment":[{"href":"https:\/\/paliskunnat.fi\/py\/wp-json\/wp\/v2\/media?parent=1456"}],"curies":[{"name":"wp","href":"https:\/\/api.w.org\/{rel}","templated":true}]}}