{"id":1458,"date":"2014-11-23T15:18:35","date_gmt":"2014-11-23T13:18:35","guid":{"rendered":"http:\/\/80.69.171.23\/py\/?page_id=1458"},"modified":"2024-01-03T05:53:51","modified_gmt":"2024-01-03T03:53:51","slug":"lohijarvi","status":"publish","type":"page","link":"https:\/\/paliskunnat.fi\/py\/paliskunnat\/paliskuntien-tiedot\/lohijarvi\/","title":{"rendered":"29 Lohij\u00e4rvi"},"content":{"rendered":"<h2>Lohij\u00e4rvi<\/h2>\n<p>Porois\u00e4nt\u00e4: Holster Matti<br \/>\nPuhelin: 040 732 8773<br \/>\nS\u00e4hk\u00f6posti: &#109;&#97;&#x74;t&#105;&#x2e;&#x68;o&#108;&#x73;&#x74;e&#114;&#x40;&#x67;m&#97;&#x69;&#x6c;&#46;&#99;&#x6f;&#x6d;<\/p>\n<p><a href=\"https:\/\/paliskunnat.fi\/py\/wp-content\/uploads\/2014\/11\/29_lohijarvi.png\" rel=\"lightbox[1458]\"><img loading=\"lazy\" decoding=\"async\" class=\"alignnone wp-image-1512\" src=\"https:\/\/paliskunnat.fi\/py\/wp-content\/uploads\/2014\/11\/29_lohijarvi.png\" alt=\"29_lohijarvi\" width=\"300\" height=\"387\" srcset=\"https:\/\/paliskunnat.fi\/py\/wp-content\/uploads\/2014\/11\/29_lohijarvi.png 776w, https:\/\/paliskunnat.fi\/py\/wp-content\/uploads\/2014\/11\/29_lohijarvi-232x300.png 232w\" sizes=\"auto, (max-width: 300px) 100vw, 300px\" \/><\/a><\/p>\n<table width=\"450\">\n<tbody>\n<tr>\n<td>Kotikunta:<\/td>\n<td>Ylitornio<\/td>\n<\/tr>\n<tr>\n<td>Pinta-ala:<\/td>\n<td>1 233,8 km<sup>2<\/sup><\/td>\n<\/tr>\n<tr>\n<td>Suurin sallittu eloporom\u00e4\u00e4r\u00e4:<\/td>\n<td>1 400<\/td>\n<\/tr>\n<tr>\n<td>Poronomistajia:<\/td>\n<td>48<\/td>\n<\/tr>\n<\/tbody>\n<\/table>\n<p>Lohij\u00e4rven paliskunta kuuluu l\u00e4ntiseen merkkipiiriin. Paliskunta sijaitsee p\u00e4\u00e4osaltaan Ylitornion kunnan alueella, pieni osa paliskunnan pohjoisosasta on Pellon kunnan alueella. Paliskunta rajoittuu l\u00e4nnest\u00e4 valtakunnan rajaan, pohjoisessa Oraj\u00e4rven, id\u00e4ss\u00e4 Paloj\u00e4rven paliskuntiin ja etel\u00e4ss\u00e4 Tornion kaupungin rajaan, joka on my\u00f6s poronhoitoalueen raja.<\/p>\n<p>Lohij\u00e4rven paliskunnan alue on l\u00e4hes kokonaan yksityisomistuksessa. Paliskunnan maapinta-alasta 6,4 % on valtionmaata ja 93,6 % on muiden maanomistajien omistuksessa. Paliskunta toimii poronhoitoalueen etel\u00e4rajalla, eik\u00e4 rajalla ole aitaa.<\/p>\n<p>Asutus sijoittuu Ylitornion kirkonkyl\u00e4lle, Lohij\u00e4rvelle, Mellakoskelle ja Portimoj\u00e4rvelle. Asutus sijoittuu varsin tasaisesti paliskunnan alueelle. Lohij\u00e4rven paliskunnan osakkaista l\u00e4hes kaikilla on maatila. Varsinaisia porotiloja on yksi.<\/p>\n<p>&nbsp;<\/p>\n<p>&nbsp;<\/p>\n","protected":false},"excerpt":{"rendered":"<p>Lohij\u00e4rvi Porois\u00e4nt\u00e4: Holster Matti Puhelin: 040 732 8773 S\u00e4hk\u00f6posti: matti&#46;holste&#114;&#64;&#103;&#109;&#97;&#105;&#108;&#46;&#99;&#111;&#109; Kotikunta: Ylitornio Pinta-ala: 1 233,8 km2 Suurin sallittu eloporom\u00e4\u00e4r\u00e4: 1 400 Poronomistajia: 48 Lohij\u00e4rven paliskunta kuuluu l\u00e4ntiseen merkkipiiriin. Paliskunta sijaitsee p\u00e4\u00e4osaltaan Ylitornion kunnan alueella, pieni osa paliskunnan pohjoisosasta on Pellon kunnan alueella. Paliskunta rajoittuu l\u00e4nnest\u00e4 valtakunnan rajaan, pohjoisessa Oraj\u00e4rven, id\u00e4ss\u00e4 Paloj\u00e4rven paliskuntiin ja etel\u00e4ss\u00e4 Tornion [&hellip;]<\/p>\n","protected":false},"author":1,"featured_media":0,"parent":420,"menu_order":29,"comment_status":"open","ping_status":"closed","template":"paliskuntasivut.php","meta":{"footnotes":""},"class_list":["post-1458","page","type-page","status-publish","hentry"],"_links":{"self":[{"href":"https:\/\/paliskunnat.fi\/py\/wp-json\/wp\/v2\/pages\/1458","targetHints":{"allow":["GET"]}}],"collection":[{"href":"https:\/\/paliskunnat.fi\/py\/wp-json\/wp\/v2\/pages"}],"about":[{"href":"https:\/\/paliskunnat.fi\/py\/wp-json\/wp\/v2\/types\/page"}],"author":[{"embeddable":true,"href":"https:\/\/paliskunnat.fi\/py\/wp-json\/wp\/v2\/users\/1"}],"replies":[{"embeddable":true,"href":"https:\/\/paliskunnat.fi\/py\/wp-json\/wp\/v2\/comments?post=1458"}],"version-history":[{"count":19,"href":"https:\/\/paliskunnat.fi\/py\/wp-json\/wp\/v2\/pages\/1458\/revisions"}],"predecessor-version":[{"id":7987,"href":"https:\/\/paliskunnat.fi\/py\/wp-json\/wp\/v2\/pages\/1458\/revisions\/7987"}],"up":[{"embeddable":true,"href":"https:\/\/paliskunnat.fi\/py\/wp-json\/wp\/v2\/pages\/420"}],"wp:attachment":[{"href":"https:\/\/paliskunnat.fi\/py\/wp-json\/wp\/v2\/media?parent=1458"}],"curies":[{"name":"wp","href":"https:\/\/api.w.org\/{rel}","templated":true}]}}