{"id":1465,"date":"2014-11-23T15:22:50","date_gmt":"2014-11-23T13:22:50","guid":{"rendered":"http:\/\/80.69.171.23\/py\/?page_id=1465"},"modified":"2024-01-03T05:55:50","modified_gmt":"2024-01-03T03:55:50","slug":"kolari","status":"publish","type":"page","link":"https:\/\/paliskunnat.fi\/py\/paliskunnat\/paliskuntien-tiedot\/kolari\/","title":{"rendered":"32 Kolari"},"content":{"rendered":"<h2>Kolari<\/h2>\n<p>Porois\u00e4nt\u00e4: Satta Mika E.<br \/>\nPuhelin: 0400 231 710<br \/>\nS\u00e4hk\u00f6posti: &#109;i&#x6b;a&#x2e;e&#x2e;s&#x61;t&#x74;a&#x40;&#103;&#x6d;&#97;&#x69;&#108;&#x2e;&#99;&#x6f;&#109;<\/p>\n<p><a href=\"https:\/\/paliskunnat.fi\/py\/wp-content\/uploads\/2014\/11\/32_kolari.png\" rel=\"lightbox[1465]\"><img loading=\"lazy\" decoding=\"async\" class=\"alignnone wp-image-1519\" src=\"https:\/\/paliskunnat.fi\/py\/wp-content\/uploads\/2014\/11\/32_kolari.png\" alt=\"32 Kolari\" width=\"300\" height=\"387\" srcset=\"https:\/\/paliskunnat.fi\/py\/wp-content\/uploads\/2014\/11\/32_kolari.png 776w, https:\/\/paliskunnat.fi\/py\/wp-content\/uploads\/2014\/11\/32_kolari-232x300.png 232w\" sizes=\"auto, (max-width: 300px) 100vw, 300px\" \/><\/a><\/p>\n<table width=\"450\">\n<tbody>\n<tr>\n<td>Kotikunta:<\/td>\n<td>Kolari<\/td>\n<\/tr>\n<tr>\n<td>Pinta-ala:<\/td>\n<td>1 998,8 km<sup>2<\/sup><\/td>\n<\/tr>\n<tr>\n<td>Suurin sallittu eloporom\u00e4\u00e4r\u00e4:<\/td>\n<td>2 600<\/td>\n<\/tr>\n<tr>\n<td>Poronomistajia:<\/td>\n<td>66<\/td>\n<\/tr>\n<\/tbody>\n<\/table>\n<p>Kolarin paliskunta kuuluu l\u00e4ntiseen merkkipiiriin. Paliskunta sijaitsee Kolarin kunnan alueella. Paliskunta rajoittuu pohjoisessa Muonion, id\u00e4ss\u00e4 Alakyl\u00e4n ja J\u00e4\u00e4sk\u00f6n, etel\u00e4ss\u00e4 Paloj\u00e4rven ja Oraj\u00e4rven paliskuntiin ja l\u00e4nness\u00e4 valtakunnan rajaan.<\/p>\n<p>Paliskunnan maapinta-alasta 60,4 % on valtionmaata ja 39,6 % on muiden maanomistajien omistuksessa. Paliskunnan pohjoisosassa sijaitsee Teuravuoman \u2013 Kivij\u00e4rvenvuoman soidensuojelualue. Rautatie Torniosta Kolariin menee paliskunnan alueella. Viel\u00e4 t\u00e4ll\u00e4 hetkell\u00e4 liikennem\u00e4\u00e4r\u00e4t eiv\u00e4t ole uhka porotaloudelle. Mik\u00e4li kuitenkin Pajalan ja Kolarin kaivokset avataan, niin liikennem\u00e4\u00e4r\u00e4 rautatiell\u00e4 kasvaa moninkertaiseksi.<\/p>\n<p>Paliskunnan t\u00e4rkeimm\u00e4t erotuspaikat ovat Kukkarolaki, Karkulainen, Karjalainen, Rantalehto, Vuolittaja, Ylinenvaara, Ruostevaara, Ruokovaara, Hinttarova, Kaivoslaki ja Otosmaa. Paliskunta on aidattu etel\u00e4- ja l\u00e4nsiosistaan laidun- tai raja-aidoilla.<\/p>\n<p>Mainittavimpia kyli\u00e4 ovat Kolari, Vaattoj\u00e4rvi ja Sieppij\u00e4rvi. Poromiesten asutus on sijoittunut tasaisesti koko paliskunnan alueelle.<\/p>\n<p>&nbsp;<\/p>\n<p>&nbsp;<\/p>\n","protected":false},"excerpt":{"rendered":"<p>Kolari Porois\u00e4nt\u00e4: Satta Mika E. Puhelin: 0400 231 710 S\u00e4hk\u00f6posti: mi&#107;&#97;&#46;&#x65;&#x2e;&#x73;&#x61;&#x74;ta&#64;&#103;&#109;&#x61;&#x69;&#x6c;&#x2e;&#x63;om Kotikunta: Kolari Pinta-ala: 1 998,8 km2 Suurin sallittu eloporom\u00e4\u00e4r\u00e4: 2 600 Poronomistajia: 66 Kolarin paliskunta kuuluu l\u00e4ntiseen merkkipiiriin. Paliskunta sijaitsee Kolarin kunnan alueella. Paliskunta rajoittuu pohjoisessa Muonion, id\u00e4ss\u00e4 Alakyl\u00e4n ja J\u00e4\u00e4sk\u00f6n, etel\u00e4ss\u00e4 Paloj\u00e4rven ja Oraj\u00e4rven paliskuntiin ja l\u00e4nness\u00e4 valtakunnan rajaan. Paliskunnan maapinta-alasta 60,4 % [&hellip;]<\/p>\n","protected":false},"author":1,"featured_media":0,"parent":420,"menu_order":32,"comment_status":"open","ping_status":"closed","template":"paliskuntasivut.php","meta":{"footnotes":""},"class_list":["post-1465","page","type-page","status-publish","hentry"],"_links":{"self":[{"href":"https:\/\/paliskunnat.fi\/py\/wp-json\/wp\/v2\/pages\/1465","targetHints":{"allow":["GET"]}}],"collection":[{"href":"https:\/\/paliskunnat.fi\/py\/wp-json\/wp\/v2\/pages"}],"about":[{"href":"https:\/\/paliskunnat.fi\/py\/wp-json\/wp\/v2\/types\/page"}],"author":[{"embeddable":true,"href":"https:\/\/paliskunnat.fi\/py\/wp-json\/wp\/v2\/users\/1"}],"replies":[{"embeddable":true,"href":"https:\/\/paliskunnat.fi\/py\/wp-json\/wp\/v2\/comments?post=1465"}],"version-history":[{"count":16,"href":"https:\/\/paliskunnat.fi\/py\/wp-json\/wp\/v2\/pages\/1465\/revisions"}],"predecessor-version":[{"id":7990,"href":"https:\/\/paliskunnat.fi\/py\/wp-json\/wp\/v2\/pages\/1465\/revisions\/7990"}],"up":[{"embeddable":true,"href":"https:\/\/paliskunnat.fi\/py\/wp-json\/wp\/v2\/pages\/420"}],"wp:attachment":[{"href":"https:\/\/paliskunnat.fi\/py\/wp-json\/wp\/v2\/media?parent=1465"}],"curies":[{"name":"wp","href":"https:\/\/api.w.org\/{rel}","templated":true}]}}