{"id":1467,"date":"2014-11-23T17:25:05","date_gmt":"2014-11-23T15:25:05","guid":{"rendered":"http:\/\/80.69.171.23\/py\/?page_id=1467"},"modified":"2024-01-03T05:56:26","modified_gmt":"2024-01-03T03:56:26","slug":"jaasko","status":"publish","type":"page","link":"https:\/\/paliskunnat.fi\/py\/paliskunnat\/paliskuntien-tiedot\/jaasko\/","title":{"rendered":"33 J\u00e4\u00e4sk\u00f6"},"content":{"rendered":"<h2>J\u00e4\u00e4sk\u00f6<\/h2>\n<p>Porois\u00e4nt\u00e4: Ollila Lauri-Pekka<br \/>\nPuhelin: 040 525 7369<br \/>\nS\u00e4hk\u00f6posti: l&#97;&#x74;&#x65;o&#108;&#108;&#x69;&#x6c;a&#64;&#103;&#x6d;&#x61;i&#108;&#x2e;&#x63;&#x6f;m<\/p>\n<p><a href=\"https:\/\/paliskunnat.fi\/py\/wp-content\/uploads\/2014\/11\/33_jaasko.png\" rel=\"lightbox[1467]\"><img loading=\"lazy\" decoding=\"async\" class=\"alignnone wp-image-1521\" src=\"https:\/\/paliskunnat.fi\/py\/wp-content\/uploads\/2014\/11\/33_jaasko.png\" alt=\"33 J\u00e4\u00e4sk\u00f6\" width=\"300\" height=\"387\" srcset=\"https:\/\/paliskunnat.fi\/py\/wp-content\/uploads\/2014\/11\/33_jaasko.png 775w, https:\/\/paliskunnat.fi\/py\/wp-content\/uploads\/2014\/11\/33_jaasko-232x300.png 232w\" sizes=\"auto, (max-width: 300px) 100vw, 300px\" \/><\/a><\/p>\n<p>&nbsp;<\/p>\n<table width=\"450\">\n<tbody>\n<tr>\n<td>Kotikunta:<\/td>\n<td>Rovaniemi<\/td>\n<\/tr>\n<tr>\n<td>Pinta-ala:<\/td>\n<td>593,7 km<sup>2<\/sup><\/td>\n<\/tr>\n<tr>\n<td>Suurin sallittu eloporom\u00e4\u00e4r\u00e4:<\/td>\n<td>1 000<\/td>\n<\/tr>\n<tr>\n<td>Poronomistajia:<\/td>\n<td>25<\/td>\n<\/tr>\n<\/tbody>\n<\/table>\n<p>J\u00e4\u00e4sk\u00f6n paliskunta kuuluu l\u00e4ntiseen merkkipiiriin. Paliskunta sijaitsee p\u00e4\u00e4osin Rovaniemell\u00e4, ulottuen pohjoisosistaan my\u00f6s Kittil\u00e4n ja Kolarin kuntien alueelle.<\/p>\n<p>Paliskunta rajoittuu pohjoisessa Alakyl\u00e4n, id\u00e4ss\u00e4 Poikaj\u00e4rven, etel\u00e4ss\u00e4 Paloj\u00e4rven ja l\u00e4nness\u00e4 Kolarin paliskuntiin.<\/p>\n<p>Paliskunnan maapinta-alasta 48,1 % on valtionmaata ja 51,9 % on muiden maanomistajien omistuksessa. Pieni\u00e4 suojeltuja aarniomets\u00e4alueita ovat paliskunnan keskiosissa sijaitsevat Haukkakallionmaa ja P\u00e4l\u00e4m\u00e4nnikk\u00f6.<\/p>\n<p>Paliskunnan p\u00e4\u00e4erotuspaikka on Riiminj\u00e4nk\u00e4, joka sijaitsee paliskunnan pohjoisosassa.\u00a0Muita keskeisi\u00e4 erotuspaikkoja ovat \u00c4ij\u00e4vaaran Liikamaa ja\u00a0Riikovaara.<\/p>\n<p>Suurimmat kyl\u00e4t ovat Meltaus, Marrasj\u00e4rvi ja Marraskoski. Paliskunnan poromiehet asuvat paliskunnan alueen kyliss\u00e4: Meltaus, J\u00e4\u00e4sk\u00f6, Tolonen, Maijanen ja Porokari.<\/p>\n<p><!--more--><\/p>\n<h2>J\u00e4\u00e4sk\u00f6 Facebook<\/h2>\n<p>J\u00e4\u00e4sk\u00f6n paliskunta on <a title=\"J\u00e4\u00e4sk\u00f6n paliskunta on Facebookissa\" href=\"https:\/\/www.facebook.com\/pages\/J%C3%A4%C3%A4sk%C3%B6n-paliskunta\/368223076536010?fref=ts\" target=\"_blank\" rel=\"noopener\">Facebookissa<\/a><\/p>\n","protected":false},"excerpt":{"rendered":"<p>J\u00e4\u00e4sk\u00f6 Porois\u00e4nt\u00e4: Ollila Lauri-Pekka Puhelin: 040 525 7369 S\u00e4hk\u00f6posti: lateolli&#108;&#97;&#64;&#103;&#109;&#97;&#105;&#108;&#46;&#99;&#x6f;&#x6d; &nbsp; Kotikunta: Rovaniemi Pinta-ala: 593,7 km2 Suurin sallittu eloporom\u00e4\u00e4r\u00e4: 1 000 Poronomistajia: 25 J\u00e4\u00e4sk\u00f6n paliskunta kuuluu l\u00e4ntiseen merkkipiiriin. Paliskunta sijaitsee p\u00e4\u00e4osin Rovaniemell\u00e4, ulottuen pohjoisosistaan my\u00f6s Kittil\u00e4n ja Kolarin kuntien alueelle. Paliskunta rajoittuu pohjoisessa Alakyl\u00e4n, id\u00e4ss\u00e4 Poikaj\u00e4rven, etel\u00e4ss\u00e4 Paloj\u00e4rven ja l\u00e4nness\u00e4 Kolarin paliskuntiin. Paliskunnan maapinta-alasta 48,1 [&hellip;]<\/p>\n","protected":false},"author":1,"featured_media":0,"parent":420,"menu_order":33,"comment_status":"open","ping_status":"closed","template":"paliskuntasivut.php","meta":{"footnotes":""},"class_list":["post-1467","page","type-page","status-publish","hentry"],"_links":{"self":[{"href":"https:\/\/paliskunnat.fi\/py\/wp-json\/wp\/v2\/pages\/1467","targetHints":{"allow":["GET"]}}],"collection":[{"href":"https:\/\/paliskunnat.fi\/py\/wp-json\/wp\/v2\/pages"}],"about":[{"href":"https:\/\/paliskunnat.fi\/py\/wp-json\/wp\/v2\/types\/page"}],"author":[{"embeddable":true,"href":"https:\/\/paliskunnat.fi\/py\/wp-json\/wp\/v2\/users\/1"}],"replies":[{"embeddable":true,"href":"https:\/\/paliskunnat.fi\/py\/wp-json\/wp\/v2\/comments?post=1467"}],"version-history":[{"count":40,"href":"https:\/\/paliskunnat.fi\/py\/wp-json\/wp\/v2\/pages\/1467\/revisions"}],"predecessor-version":[{"id":7991,"href":"https:\/\/paliskunnat.fi\/py\/wp-json\/wp\/v2\/pages\/1467\/revisions\/7991"}],"up":[{"embeddable":true,"href":"https:\/\/paliskunnat.fi\/py\/wp-json\/wp\/v2\/pages\/420"}],"wp:attachment":[{"href":"https:\/\/paliskunnat.fi\/py\/wp-json\/wp\/v2\/media?parent=1467"}],"curies":[{"name":"wp","href":"https:\/\/api.w.org\/{rel}","templated":true}]}}