{"id":1469,"date":"2014-11-23T17:27:20","date_gmt":"2014-11-23T15:27:20","guid":{"rendered":"http:\/\/80.69.171.23\/py\/?page_id=1469"},"modified":"2024-01-03T05:57:01","modified_gmt":"2024-01-03T03:57:01","slug":"narkaus","status":"publish","type":"page","link":"https:\/\/paliskunnat.fi\/py\/paliskunnat\/paliskuntien-tiedot\/narkaus\/","title":{"rendered":"34 Narkaus"},"content":{"rendered":"<h2>Narkaus<\/h2>\n<p>Porois\u00e4nt\u00e4: Pet\u00e4j\u00e4j\u00e4rvi Antero<br \/>\nPuhelin: 0400 151 988<br \/>\nS\u00e4hk\u00f6posti: ante&#114;&#111;&#46;&#112;&#101;&#x74;&#x61;&#x6a;&#x61;&#x6a;&#x61;&#x72;vi&#64;g&#109;&#97;&#105;&#108;&#46;&#x63;&#x6f;&#x6d;<\/p>\n<p><a href=\"https:\/\/paliskunnat.fi\/py\/wp-content\/uploads\/2014\/11\/34_narkaus.png\" rel=\"lightbox[1469]\"><img loading=\"lazy\" decoding=\"async\" class=\"alignnone wp-image-1523\" src=\"https:\/\/paliskunnat.fi\/py\/wp-content\/uploads\/2014\/11\/34_narkaus.png\" alt=\"34 Narkaus\" width=\"300\" height=\"387\" srcset=\"https:\/\/paliskunnat.fi\/py\/wp-content\/uploads\/2014\/11\/34_narkaus.png 775w, https:\/\/paliskunnat.fi\/py\/wp-content\/uploads\/2014\/11\/34_narkaus-232x300.png 232w\" sizes=\"auto, (max-width: 300px) 100vw, 300px\" \/><\/a><\/p>\n<table width=\"450\">\n<tbody>\n<tr>\n<td>Kotikunta:<\/td>\n<td>Rovaniemi<\/td>\n<\/tr>\n<tr>\n<td>Pinta-ala:<\/td>\n<td>2 462,5 km<sup>2<\/sup><\/td>\n<\/tr>\n<tr>\n<td>Suurin sallittu eloporom\u00e4\u00e4r\u00e4:<\/td>\n<td>2 000<\/td>\n<\/tr>\n<tr>\n<td>Poronomistajia:<\/td>\n<td>74<\/td>\n<\/tr>\n<\/tbody>\n<\/table>\n<p>Narkauksen paliskunta kuuluu It\u00e4kemijoen merkkipiiriin. Paliskunta sijaitsee Rovaniemen kaupungin sek\u00e4 Tervolan kunnan ja Ranuan kunnan alueella. Pohjoisessa paliskunta rajoittuu Poikaj\u00e4rven, it\u00e4puolella Vanttauksen ja Niemel\u00e4n, etel\u00e4ss\u00e4 Isosyd\u00e4nmaan ja Kuukkaan sek\u00e4 l\u00e4nness\u00e4 Paloj\u00e4rven paliskuntiin.<\/p>\n<p>Paliskunnan maapinta-alasta 34,8 % on valtionmaata ja 65,2 % on muiden maanomistajien omistuksessa.\u00a0Alueella on Suhangon palladiumkaivosvaltausalue, Ranuan M\u00e4t\u00e4skairan uraanikaivosvaltaus, Kakariaavan soidensuojelualue, Runkauksen luonnonpuisto, Rakkaviidan sek\u00e4 Poikkimaan turvetuotantoalue.<\/p>\n<p>Paliskunnalla on kattava aitaverkosto, kiintoaitoja on kymmenen ja siirtoaitoja k\u00e4ytet\u00e4\u00e4n tarpeen mukaan.<\/p>\n<p>Paliskunnan merkitt\u00e4v\u00e4 asutuskeskus on Rovaniemen kaupunki. Palkisen alueella on lukuisia kyli\u00e4, kuten Rautionsaari, Kivitaipale, Portimoj\u00e4rvi, Narkaus ja Jokela. Asututusta on my\u00f6s Ranuan ja Tervolan kuntien alueilla.<\/p>\n<p>&nbsp;<\/p>\n<p>&nbsp;<\/p>\n<p>&nbsp;<\/p>\n","protected":false},"excerpt":{"rendered":"<p>Narkaus Porois\u00e4nt\u00e4: Pet\u00e4j\u00e4j\u00e4rvi Antero Puhelin: 0400 151 988 S\u00e4hk\u00f6posti: &#x61;n&#x74;&#101;&#x72;&#111;&#46;&#x70;e&#x74;&#97;&#x6a;&#97;j&#x61;&#114;&#x76;&#105;&#64;&#x67;m&#x61;&#105;&#x6c;&#46;c&#x6f;m Kotikunta: Rovaniemi Pinta-ala: 2 462,5 km2 Suurin sallittu eloporom\u00e4\u00e4r\u00e4: 2 000 Poronomistajia: 74 Narkauksen paliskunta kuuluu It\u00e4kemijoen merkkipiiriin. Paliskunta sijaitsee Rovaniemen kaupungin sek\u00e4 Tervolan kunnan ja Ranuan kunnan alueella. Pohjoisessa paliskunta rajoittuu Poikaj\u00e4rven, it\u00e4puolella Vanttauksen ja Niemel\u00e4n, etel\u00e4ss\u00e4 Isosyd\u00e4nmaan ja Kuukkaan sek\u00e4 l\u00e4nness\u00e4 Paloj\u00e4rven paliskuntiin. [&hellip;]<\/p>\n","protected":false},"author":1,"featured_media":0,"parent":420,"menu_order":34,"comment_status":"open","ping_status":"closed","template":"paliskuntasivut.php","meta":{"footnotes":""},"class_list":["post-1469","page","type-page","status-publish","hentry"],"_links":{"self":[{"href":"https:\/\/paliskunnat.fi\/py\/wp-json\/wp\/v2\/pages\/1469","targetHints":{"allow":["GET"]}}],"collection":[{"href":"https:\/\/paliskunnat.fi\/py\/wp-json\/wp\/v2\/pages"}],"about":[{"href":"https:\/\/paliskunnat.fi\/py\/wp-json\/wp\/v2\/types\/page"}],"author":[{"embeddable":true,"href":"https:\/\/paliskunnat.fi\/py\/wp-json\/wp\/v2\/users\/1"}],"replies":[{"embeddable":true,"href":"https:\/\/paliskunnat.fi\/py\/wp-json\/wp\/v2\/comments?post=1469"}],"version-history":[{"count":19,"href":"https:\/\/paliskunnat.fi\/py\/wp-json\/wp\/v2\/pages\/1469\/revisions"}],"predecessor-version":[{"id":7992,"href":"https:\/\/paliskunnat.fi\/py\/wp-json\/wp\/v2\/pages\/1469\/revisions\/7992"}],"up":[{"embeddable":true,"href":"https:\/\/paliskunnat.fi\/py\/wp-json\/wp\/v2\/pages\/420"}],"wp:attachment":[{"href":"https:\/\/paliskunnat.fi\/py\/wp-json\/wp\/v2\/media?parent=1469"}],"curies":[{"name":"wp","href":"https:\/\/api.w.org\/{rel}","templated":true}]}}