{"id":1471,"date":"2014-11-23T17:28:46","date_gmt":"2014-11-23T15:28:46","guid":{"rendered":"http:\/\/80.69.171.23\/py\/?page_id=1471"},"modified":"2024-01-03T05:57:31","modified_gmt":"2024-01-03T03:57:31","slug":"niemela","status":"publish","type":"page","link":"https:\/\/paliskunnat.fi\/py\/paliskunnat\/paliskuntien-tiedot\/niemela\/","title":{"rendered":"35 Niemel\u00e4"},"content":{"rendered":"<h2>Niemel\u00e4<\/h2>\n<p>Porois\u00e4nt\u00e4: Komulainen Matti<br \/>\nPuhelin: 0400 696 721<br \/>\nS\u00e4hk\u00f6posti: &#x6d;&#97;&#x74;&#116;i&#x2e;&#107;o&#x6d;&#117;&#x6c;&#x61;i&#x6e;&#101;n&#x40;&#112;&#x61;&#x6c;i&#x73;&#107;u&#x6e;&#110;a&#x74;&#46;&#x66;&#105;<\/p>\n<p><a href=\"http:\/\/paliskunnat.fi\/py\/wp-content\/uploads\/2014\/11\/35_niemela.png\" rel=\"lightbox[1471]\"><img loading=\"lazy\" decoding=\"async\" class=\"alignnone wp-image-1525\" src=\"http:\/\/paliskunnat.fi\/py\/wp-content\/uploads\/2014\/11\/35_niemela.png\" alt=\"Niemel\u00e4n paliskunta\" width=\"300\" height=\"387\" srcset=\"https:\/\/paliskunnat.fi\/py\/wp-content\/uploads\/2014\/11\/35_niemela.png 775w, https:\/\/paliskunnat.fi\/py\/wp-content\/uploads\/2014\/11\/35_niemela-232x300.png 232w\" sizes=\"auto, (max-width: 300px) 100vw, 300px\" \/><\/a><\/p>\n<table width=\"450\">\n<tbody>\n<tr>\n<td>Kotikunta:<\/td>\n<td>Rovaniemi<\/td>\n<\/tr>\n<tr>\n<td>Maapinta-ala:<\/td>\n<td>1 254,4 km<sup>2<\/sup><\/td>\n<\/tr>\n<tr>\n<td>Suurin sallittu eloporom\u00e4\u00e4r\u00e4:<\/td>\n<td>1 900<\/td>\n<\/tr>\n<tr>\n<td>Poronomistajia:<\/td>\n<td>43<\/td>\n<\/tr>\n<\/tbody>\n<\/table>\n<p>Niemel\u00e4n paliskunta kuuluu It\u00e4kemijoen merkkipiiriin. Paliskunta sijaitsee Rovaniemen kaupungin, Ranuan ja Posion kunnan alueella. Paliskunta rajoittuu pohjoisessa Vanttauksen, id\u00e4ss\u00e4 Timisj\u00e4rven ja Posion Livon, etel\u00e4ss\u00e4 Pudasj\u00e4rven Livon ja Kuukkaan ja l\u00e4nness\u00e4 Narkauksen paliskuntiin.<\/p>\n<p>Paliskunnan maapinta-alasta 46,6 % on valtionmaata ja 53,4 % on muiden maanomistajien omistuksessa.<\/p>\n<p>&nbsp;<\/p>\n<p>&nbsp;<\/p>\n","protected":false},"excerpt":{"rendered":"<p>Niemel\u00e4 Porois\u00e4nt\u00e4: Komulainen Matti Puhelin: 0400 696 721 S\u00e4hk\u00f6posti: m&#97;&#x74;&#x74;i&#46;&#x6b;&#x6f;m&#117;&#108;&#x61;&#x69;n&#101;&#x6e;&#x40;p&#97;&#x6c;&#x69;s&#107;&#117;&#x6e;&#x6e;a&#116;&#x2e;&#x66;i Kotikunta: Rovaniemi Maapinta-ala: 1 254,4 km2 Suurin sallittu eloporom\u00e4\u00e4r\u00e4: 1 900 Poronomistajia: 43 Niemel\u00e4n paliskunta kuuluu It\u00e4kemijoen merkkipiiriin. Paliskunta sijaitsee Rovaniemen kaupungin, Ranuan ja Posion kunnan alueella. Paliskunta rajoittuu pohjoisessa Vanttauksen, id\u00e4ss\u00e4 Timisj\u00e4rven ja Posion Livon, etel\u00e4ss\u00e4 Pudasj\u00e4rven Livon ja Kuukkaan ja l\u00e4nness\u00e4 Narkauksen paliskuntiin. [&hellip;]<\/p>\n","protected":false},"author":1,"featured_media":0,"parent":420,"menu_order":35,"comment_status":"open","ping_status":"closed","template":"paliskuntasivut.php","meta":{"footnotes":""},"class_list":["post-1471","page","type-page","status-publish","hentry"],"_links":{"self":[{"href":"https:\/\/paliskunnat.fi\/py\/wp-json\/wp\/v2\/pages\/1471","targetHints":{"allow":["GET"]}}],"collection":[{"href":"https:\/\/paliskunnat.fi\/py\/wp-json\/wp\/v2\/pages"}],"about":[{"href":"https:\/\/paliskunnat.fi\/py\/wp-json\/wp\/v2\/types\/page"}],"author":[{"embeddable":true,"href":"https:\/\/paliskunnat.fi\/py\/wp-json\/wp\/v2\/users\/1"}],"replies":[{"embeddable":true,"href":"https:\/\/paliskunnat.fi\/py\/wp-json\/wp\/v2\/comments?post=1471"}],"version-history":[{"count":23,"href":"https:\/\/paliskunnat.fi\/py\/wp-json\/wp\/v2\/pages\/1471\/revisions"}],"predecessor-version":[{"id":7993,"href":"https:\/\/paliskunnat.fi\/py\/wp-json\/wp\/v2\/pages\/1471\/revisions\/7993"}],"up":[{"embeddable":true,"href":"https:\/\/paliskunnat.fi\/py\/wp-json\/wp\/v2\/pages\/420"}],"wp:attachment":[{"href":"https:\/\/paliskunnat.fi\/py\/wp-json\/wp\/v2\/media?parent=1471"}],"curies":[{"name":"wp","href":"https:\/\/api.w.org\/{rel}","templated":true}]}}