{"id":1473,"date":"2014-11-23T17:30:29","date_gmt":"2014-11-23T15:30:29","guid":{"rendered":"http:\/\/80.69.171.23\/py\/?page_id=1473"},"modified":"2024-05-31T09:25:51","modified_gmt":"2024-05-31T06:25:51","slug":"timisjarvi","status":"publish","type":"page","link":"https:\/\/paliskunnat.fi\/py\/paliskunnat\/paliskuntien-tiedot\/timisjarvi\/","title":{"rendered":"36  Timisj\u00e4rvi"},"content":{"rendered":"<h2>Timisj\u00e4rvi<\/h2>\n<p>Porois\u00e4nt\u00e4: Myllynen Matti<br \/>\nPuhelin: 040 021 5622<br \/>\nS\u00e4hk\u00f6posti: &#x6d;&#97;&#x74;&#116;i&#x2e;&#109;y&#x6c;&#108;&#x79;&#x6e;e&#x6e;&#64;p&#x70;&#49;&#x2e;&#x69;n&#x65;&#116;&#46;&#x66;&#105;<\/p>\n<p><a href=\"https:\/\/paliskunnat.fi\/py\/wp-content\/uploads\/2014\/11\/36_timisjarvi.png\" rel=\"lightbox[1473]\"><img loading=\"lazy\" decoding=\"async\" class=\"alignnone wp-image-1527\" src=\"https:\/\/paliskunnat.fi\/py\/wp-content\/uploads\/2014\/11\/36_timisjarvi.png\" alt=\"36 Timisj\u00e4rvi\" width=\"300\" height=\"387\" srcset=\"https:\/\/paliskunnat.fi\/py\/wp-content\/uploads\/2014\/11\/36_timisjarvi.png 775w, https:\/\/paliskunnat.fi\/py\/wp-content\/uploads\/2014\/11\/36_timisjarvi-232x300.png 232w\" sizes=\"auto, (max-width: 300px) 100vw, 300px\" \/><\/a><\/p>\n<table width=\"450\">\n<tbody>\n<tr>\n<td>Kotikunta:<\/td>\n<td>Posio<\/td>\n<\/tr>\n<tr>\n<td>Pinta-ala:<\/td>\n<td>971,2 km<sup>2<\/sup><\/td>\n<\/tr>\n<tr>\n<td>Suurin sallittu eloporom\u00e4\u00e4r\u00e4:<\/td>\n<td>1 900<\/td>\n<\/tr>\n<tr>\n<td>Poronomistajia:<\/td>\n<td>29<\/td>\n<\/tr>\n<\/tbody>\n<\/table>\n<p>Timisj\u00e4rven paliskunta kuuluu It\u00e4kemijoen merkkipiiriin. Paliskunta sijaitsee Posion kunnan l\u00e4nsi- ja pohjoisosassa, sek\u00e4 osin my\u00f6s Rovaniemen ja Kemij\u00e4rven kaupunkien alueella.<\/p>\n<p>Paliskunta rajoittuu l\u00e4nness\u00e4 Niemel\u00e4n, Vanttauksen ja Pyh\u00e4-Kallion paliskuntiin, pohjoisessa Hirvasniemen ja Sallan paliskuntiin sek\u00e4 id\u00e4ss\u00e4 Tolvan ja etel\u00e4ss\u00e4 Posion Livon paliskuntiin.<\/p>\n<p>Paliskunnan maapinta-alasta 26,4 % on valtionmaata ja 73,6 % on muiden maanomistajien omistuksessa.\u00a0Paliskunnan alueella ovat Korouoman suojelualue ja Pyyt\u00f6uoman suojelualue.<\/p>\n<p>Paliskunnalla on 14 erotuspaikkaa, mutta my\u00f6s siirtoaitoja k\u00e4ytet\u00e4\u00e4n.<\/p>\n<p>Paliskunnan vakituinen asutus keskittyy Aittaniemen, Jumiskon, Suorsan, Lehtiniemen, Per\u00e4-Posion ja Pernun kyliin. Timisj\u00e4rven paliskunnassa ei ole luontaiselinkeinotiloja.<\/p>\n<p>&nbsp;<\/p>\n<p>&nbsp;<\/p>\n","protected":false},"excerpt":{"rendered":"<p>Timisj\u00e4rvi Porois\u00e4nt\u00e4: Myllynen Matti Puhelin: 040 021 5622 S\u00e4hk\u00f6posti: &#x6d;&#97;&#x74;&#x74;i&#x2e;&#109;y&#x6c;&#108;y&#x6e;&#101;&#x6e;&#x40;p&#x70;&#49;&#46;&#x69;&#110;e&#x74;&#46;&#x66;&#x69; Kotikunta: Posio Pinta-ala: 971,2 km2 Suurin sallittu eloporom\u00e4\u00e4r\u00e4: 1 900 Poronomistajia: 29 Timisj\u00e4rven paliskunta kuuluu It\u00e4kemijoen merkkipiiriin. Paliskunta sijaitsee Posion kunnan l\u00e4nsi- ja pohjoisosassa, sek\u00e4 osin my\u00f6s Rovaniemen ja Kemij\u00e4rven kaupunkien alueella. Paliskunta rajoittuu l\u00e4nness\u00e4 Niemel\u00e4n, Vanttauksen ja Pyh\u00e4-Kallion paliskuntiin, pohjoisessa Hirvasniemen ja Sallan paliskuntiin [&hellip;]<\/p>\n","protected":false},"author":1,"featured_media":0,"parent":420,"menu_order":36,"comment_status":"open","ping_status":"closed","template":"paliskuntasivut.php","meta":{"footnotes":""},"class_list":["post-1473","page","type-page","status-publish","hentry"],"_links":{"self":[{"href":"https:\/\/paliskunnat.fi\/py\/wp-json\/wp\/v2\/pages\/1473","targetHints":{"allow":["GET"]}}],"collection":[{"href":"https:\/\/paliskunnat.fi\/py\/wp-json\/wp\/v2\/pages"}],"about":[{"href":"https:\/\/paliskunnat.fi\/py\/wp-json\/wp\/v2\/types\/page"}],"author":[{"embeddable":true,"href":"https:\/\/paliskunnat.fi\/py\/wp-json\/wp\/v2\/users\/1"}],"replies":[{"embeddable":true,"href":"https:\/\/paliskunnat.fi\/py\/wp-json\/wp\/v2\/comments?post=1473"}],"version-history":[{"count":20,"href":"https:\/\/paliskunnat.fi\/py\/wp-json\/wp\/v2\/pages\/1473\/revisions"}],"predecessor-version":[{"id":8338,"href":"https:\/\/paliskunnat.fi\/py\/wp-json\/wp\/v2\/pages\/1473\/revisions\/8338"}],"up":[{"embeddable":true,"href":"https:\/\/paliskunnat.fi\/py\/wp-json\/wp\/v2\/pages\/420"}],"wp:attachment":[{"href":"https:\/\/paliskunnat.fi\/py\/wp-json\/wp\/v2\/media?parent=1473"}],"curies":[{"name":"wp","href":"https:\/\/api.w.org\/{rel}","templated":true}]}}