{"id":1477,"date":"2014-11-23T17:33:54","date_gmt":"2014-11-23T15:33:54","guid":{"rendered":"http:\/\/80.69.171.23\/py\/?page_id=1477"},"modified":"2023-06-08T10:51:18","modified_gmt":"2023-06-08T07:51:18","slug":"posion-livo","status":"publish","type":"page","link":"https:\/\/paliskunnat.fi\/py\/paliskunnat\/paliskuntien-tiedot\/posion-livo\/","title":{"rendered":"38 Posion Livo"},"content":{"rendered":"<h2>Posion Livo<\/h2>\n<p>Porois\u00e4nt\u00e4: Hirvonen Seppo<br \/>\nPuhelin: 040 585 3663<br \/>\nS\u00e4hk\u00f6posti: &#105;n&#x66;o&#x40;v&#x61;l&#x6b;e&#x61;p&#x65;&#117;&#x72;&#97;&#x2e;&#102;&#x69;<\/p>\n<p><a href=\"https:\/\/paliskunnat.fi\/py\/wp-content\/uploads\/2014\/11\/38_posion_livo.png\" rel=\"lightbox[1477]\"><img loading=\"lazy\" decoding=\"async\" class=\"alignnone wp-image-1532\" src=\"https:\/\/paliskunnat.fi\/py\/wp-content\/uploads\/2014\/11\/38_posion_livo.png\" alt=\"38_posion_livo\" width=\"300\" height=\"387\" srcset=\"https:\/\/paliskunnat.fi\/py\/wp-content\/uploads\/2014\/11\/38_posion_livo.png 775w, https:\/\/paliskunnat.fi\/py\/wp-content\/uploads\/2014\/11\/38_posion_livo-232x300.png 232w\" sizes=\"auto, (max-width: 300px) 100vw, 300px\" \/><\/a><\/p>\n<table width=\"450\">\n<tbody>\n<tr>\n<td>Kotikunta:<\/td>\n<td>Posio<\/td>\n<\/tr>\n<tr>\n<td>Pinta-ala:<\/td>\n<td>967,5 km<sup>2<\/sup><\/td>\n<\/tr>\n<tr>\n<td>Suurin sallittu eloporom\u00e4\u00e4r\u00e4:<\/td>\n<td>1 500<\/td>\n<\/tr>\n<tr>\n<td>Poronomistajia:<\/td>\n<td>39<\/td>\n<\/tr>\n<\/tbody>\n<\/table>\n<p>Posion Livon paliskunta kuuluu It\u00e4kemijoen merkkipiiriin. Paliskunta sijaitsee Posion kunnan alueella. Paliskunta rajoittuu pohjoisessa Timisj\u00e4rven, koillisessa Tolvan, id\u00e4ss\u00e4 Akanlahden, etel\u00e4ss\u00e4 Taivalkosken ja l\u00e4nness\u00e4 Niemel\u00e4n ja Pudasj\u00e4rven Livon paliskuntiin.<\/p>\n<p>Paliskunnan maapinta-alasta 58,8 % on valtionmaata ja 41,2 % on muiden maanomistajien omistuksessa. Sy\u00f6tteen kansallispuiston pohjoisosa sijoittuu Posion Livon paliskuntaan ja siell\u00e4 on erityisen hyvi\u00e4 laidunalueita. Paliskunnassa on Sy\u00f6tteen kansallispuiston lis\u00e4ksi muutamia Natura-alueen kohteita.<\/p>\n<p>Paliskunnassa on seitsem\u00e4n kiinte\u00e4\u00e4 aitaa: Kokkovaara, Suottaniemen p\u00e4\u00e4, Jalankangas, Kuivakangas, Lohij\u00e4rvi, Livojoki-Kerkk\u00e4m\u00e4nnikk\u00f6 ja Kellinniemi. Posion alueella on paljon maataloutta, joten viljelysten suoja-aitoja on rakennettu runsaasti.<\/p>\n<p>V\u00e4h\u00e4inen asutus sijoittuu p\u00e4\u00e4asiassa paliskunnan etel\u00e4osiin yhdess\u00e4 maatalouden kanssa. Paliskunnan alueella olevat kyl\u00e4t ovat Sirni\u00f6, Kuloj\u00e4rvi, Anetj\u00e4rvi, Lauhkia, Raistakka, Livo, Pernu, Per\u00e4l\u00e4 ja Posion kirkonkyl\u00e4n etel\u00e4osa. Paliskunnan osakkaat ovat jakaantuneet tasaisesti kaikkiin kyliin.<\/p>\n<p>&nbsp;<\/p>\n<p><!--more--><\/p>\n<h2>Posion Livon porotyt\u00f6n el\u00e4m\u00e4\u00e4<\/h2>\n<p>Posion livonpalkisen porotyt\u00f6n el\u00e4m\u00e4\u00e4 poronhoidossa (<a href=\"https:\/\/www.youtube.com\/watch?v=uhDH31nsx_o\">Youtube<\/a>). Julkaistu 3\/2011.<\/p>\n<p>&nbsp;<\/p>\n","protected":false},"excerpt":{"rendered":"<p>Posion Livo Porois\u00e4nt\u00e4: Hirvonen Seppo Puhelin: 040 585 3663 S\u00e4hk\u00f6posti: in&#102;&#111;&#x40;&#x76;&#x61;&#x6c;ke&#97;&#112;&#x65;&#x75;&#x72;&#x61;&#46;f&#105; Kotikunta: Posio Pinta-ala: 967,5 km2 Suurin sallittu eloporom\u00e4\u00e4r\u00e4: 1 500 Poronomistajia: 39 Posion Livon paliskunta kuuluu It\u00e4kemijoen merkkipiiriin. Paliskunta sijaitsee Posion kunnan alueella. Paliskunta rajoittuu pohjoisessa Timisj\u00e4rven, koillisessa Tolvan, id\u00e4ss\u00e4 Akanlahden, etel\u00e4ss\u00e4 Taivalkosken ja l\u00e4nness\u00e4 Niemel\u00e4n ja Pudasj\u00e4rven Livon paliskuntiin. Paliskunnan maapinta-alasta 58,8 % [&hellip;]<\/p>\n","protected":false},"author":1,"featured_media":0,"parent":420,"menu_order":38,"comment_status":"open","ping_status":"closed","template":"paliskuntasivut.php","meta":{"footnotes":""},"class_list":["post-1477","page","type-page","status-publish","hentry"],"_links":{"self":[{"href":"https:\/\/paliskunnat.fi\/py\/wp-json\/wp\/v2\/pages\/1477","targetHints":{"allow":["GET"]}}],"collection":[{"href":"https:\/\/paliskunnat.fi\/py\/wp-json\/wp\/v2\/pages"}],"about":[{"href":"https:\/\/paliskunnat.fi\/py\/wp-json\/wp\/v2\/types\/page"}],"author":[{"embeddable":true,"href":"https:\/\/paliskunnat.fi\/py\/wp-json\/wp\/v2\/users\/1"}],"replies":[{"embeddable":true,"href":"https:\/\/paliskunnat.fi\/py\/wp-json\/wp\/v2\/comments?post=1477"}],"version-history":[{"count":17,"href":"https:\/\/paliskunnat.fi\/py\/wp-json\/wp\/v2\/pages\/1477\/revisions"}],"predecessor-version":[{"id":7835,"href":"https:\/\/paliskunnat.fi\/py\/wp-json\/wp\/v2\/pages\/1477\/revisions\/7835"}],"up":[{"embeddable":true,"href":"https:\/\/paliskunnat.fi\/py\/wp-json\/wp\/v2\/pages\/420"}],"wp:attachment":[{"href":"https:\/\/paliskunnat.fi\/py\/wp-json\/wp\/v2\/media?parent=1477"}],"curies":[{"name":"wp","href":"https:\/\/api.w.org\/{rel}","templated":true}]}}