{"id":1479,"date":"2014-11-23T17:35:51","date_gmt":"2014-11-23T15:35:51","guid":{"rendered":"http:\/\/80.69.171.23\/py\/?page_id=1479"},"modified":"2023-06-08T10:51:46","modified_gmt":"2023-06-08T07:51:46","slug":"isosydanmaa","status":"publish","type":"page","link":"https:\/\/paliskunnat.fi\/py\/paliskunnat\/paliskuntien-tiedot\/isosydanmaa\/","title":{"rendered":"39 Isosyd\u00e4nmaa"},"content":{"rendered":"<h2>Isosyd\u00e4nmaa<\/h2>\n<p>Porois\u00e4nt\u00e4: Haapaniemi Markus<br \/>\nPuhelin: 050 561 9827<br \/>\nS\u00e4hk\u00f6posti: mark&#117;&#115;&#46;&#104;&#97;&#x61;&#x70;&#x61;&#x6e;&#x69;&#x65;&#x6d;i&#64;gm&#97;&#105;&#108;&#46;&#99;&#x6f;&#x6d;<\/p>\n<p><a href=\"https:\/\/paliskunnat.fi\/py\/wp-content\/uploads\/2014\/11\/39_isosydanmaa.png\" rel=\"lightbox[1479]\"><img loading=\"lazy\" decoding=\"async\" class=\"alignnone wp-image-1535\" src=\"https:\/\/paliskunnat.fi\/py\/wp-content\/uploads\/2014\/11\/39_isosydanmaa.png\" alt=\"39 Isosyd\u00e4nmaa\" width=\"300\" height=\"387\" srcset=\"https:\/\/paliskunnat.fi\/py\/wp-content\/uploads\/2014\/11\/39_isosydanmaa.png 775w, https:\/\/paliskunnat.fi\/py\/wp-content\/uploads\/2014\/11\/39_isosydanmaa-232x300.png 232w\" sizes=\"auto, (max-width: 300px) 100vw, 300px\" \/><\/a><\/p>\n<table width=\"450\">\n<tbody>\n<tr>\n<td>Kotikunta:<\/td>\n<td>Simo<\/td>\n<\/tr>\n<tr>\n<td>Pinta-ala:<\/td>\n<td>2 268,2 km<sup>2<\/sup><\/td>\n<\/tr>\n<tr>\n<td>Suurin sallittu eloporom\u00e4\u00e4r\u00e4:<\/td>\n<td>2 000<\/td>\n<\/tr>\n<tr>\n<td>Poronomistajia:<\/td>\n<td>68<\/td>\n<\/tr>\n<\/tbody>\n<\/table>\n<p>Isosyd\u00e4nmaan paliskunta kuuluu It\u00e4kemijoen merkkipiiriin. Paliskunta sijaitsee Simon, Ranuan ja Tervolan kuntien alueella. Paliskunta rajoittuu pohjoisessa Narkauksen, id\u00e4ss\u00e4 Kuukkaan ja etel\u00e4ss\u00e4 Oij\u00e4rven paliskuntiin. L\u00e4nsipuolelta paliskunta ulottuu Per\u00e4meren rantaan saakka.<\/p>\n<p>Paliskunnan maapinta-alasta 46,3 % on valtionmaata ja 53,7 % on muiden maanomistajien omistuksessa.<\/p>\n<p>Paliskunnan alueelle sijoittuu Runkauksen luonnonpuisto sek\u00e4 muutamia muita Natura-alueita. Ranuan Suhankoon on suunnitteilla platinametallikaivos, joka tulisi Isosyd\u00e4nmaan ja Narkauksen rajalle. Paliskunnan alueella on toiminnassa ja suunnitteilla olevia turvetuotantoalueita sek\u00e4 useita suunniteltuja tuulivoimantuotantoalueita.<\/p>\n<p>Paliskunnassa on suurimmaksi osaksi k\u00e4yt\u00f6ss\u00e4 siirrett\u00e4v\u00e4t aitatarvikkeet. Kiinteit\u00e4 aitoja paliskunnassa on Alatalon-antinvaarassa, joka on vuosittaisessa k\u00e4yt\u00f6ss\u00e4.<\/p>\n<p>Merkitt\u00e4v\u00e4 asutuskeskus on Simon kirkonkyl\u00e4, mutta paliskunnan alueella on lukuisia pikkukyli\u00e4. Asutus paliskunnan alueella on my\u00f6s varsin maatalousvaltaista.<\/p>\n<p>&nbsp;<\/p>\n","protected":false},"excerpt":{"rendered":"<p>Isosyd\u00e4nmaa Porois\u00e4nt\u00e4: Haapaniemi Markus Puhelin: 050 561 9827 S\u00e4hk\u00f6posti: &#109;a&#x72;k&#x75;s&#x2e;h&#x61;&#97;&#x70;&#97;&#x6e;&#105;&#x65;&#109;i&#64;g&#x6d;a&#x69;l&#x2e;&#99;&#x6f;&#109; Kotikunta: Simo Pinta-ala: 2 268,2 km2 Suurin sallittu eloporom\u00e4\u00e4r\u00e4: 2 000 Poronomistajia: 68 Isosyd\u00e4nmaan paliskunta kuuluu It\u00e4kemijoen merkkipiiriin. Paliskunta sijaitsee Simon, Ranuan ja Tervolan kuntien alueella. Paliskunta rajoittuu pohjoisessa Narkauksen, id\u00e4ss\u00e4 Kuukkaan ja etel\u00e4ss\u00e4 Oij\u00e4rven paliskuntiin. L\u00e4nsipuolelta paliskunta ulottuu Per\u00e4meren rantaan saakka. Paliskunnan maapinta-alasta 46,3 [&hellip;]<\/p>\n","protected":false},"author":1,"featured_media":0,"parent":420,"menu_order":39,"comment_status":"open","ping_status":"closed","template":"paliskuntasivut.php","meta":{"footnotes":""},"class_list":["post-1479","page","type-page","status-publish","hentry"],"_links":{"self":[{"href":"https:\/\/paliskunnat.fi\/py\/wp-json\/wp\/v2\/pages\/1479","targetHints":{"allow":["GET"]}}],"collection":[{"href":"https:\/\/paliskunnat.fi\/py\/wp-json\/wp\/v2\/pages"}],"about":[{"href":"https:\/\/paliskunnat.fi\/py\/wp-json\/wp\/v2\/types\/page"}],"author":[{"embeddable":true,"href":"https:\/\/paliskunnat.fi\/py\/wp-json\/wp\/v2\/users\/1"}],"replies":[{"embeddable":true,"href":"https:\/\/paliskunnat.fi\/py\/wp-json\/wp\/v2\/comments?post=1479"}],"version-history":[{"count":17,"href":"https:\/\/paliskunnat.fi\/py\/wp-json\/wp\/v2\/pages\/1479\/revisions"}],"predecessor-version":[{"id":7836,"href":"https:\/\/paliskunnat.fi\/py\/wp-json\/wp\/v2\/pages\/1479\/revisions\/7836"}],"up":[{"embeddable":true,"href":"https:\/\/paliskunnat.fi\/py\/wp-json\/wp\/v2\/pages\/420"}],"wp:attachment":[{"href":"https:\/\/paliskunnat.fi\/py\/wp-json\/wp\/v2\/media?parent=1479"}],"curies":[{"name":"wp","href":"https:\/\/api.w.org\/{rel}","templated":true}]}}