{"id":1481,"date":"2014-11-23T17:37:48","date_gmt":"2014-11-23T15:37:48","guid":{"rendered":"http:\/\/80.69.171.23\/py\/?page_id=1481"},"modified":"2023-06-08T10:52:08","modified_gmt":"2023-06-08T07:52:08","slug":"kuukas","status":"publish","type":"page","link":"https:\/\/paliskunnat.fi\/py\/paliskunnat\/paliskuntien-tiedot\/kuukas\/","title":{"rendered":"41 Kuukas"},"content":{"rendered":"<h2>Kuukas<\/h2>\n<p>Porois\u00e4nt\u00e4: Juotasniemi Hannu<br \/>\nPuhelin: 040 012 1364<br \/>\nS\u00e4hk\u00f6posti: &#x70;&#111;&#x72;&#x6f;&#109;&#x69;&#x65;&#115;&#x37;&#x39;&#64;&#x67;&#x6d;a&#x69;&#x6c;&#46;&#x63;&#111;m<\/p>\n<p><a href=\"https:\/\/paliskunnat.fi\/py\/wp-content\/uploads\/2014\/11\/41_kuukas.png\" rel=\"lightbox[1481]\"><img loading=\"lazy\" decoding=\"async\" class=\"alignnone wp-image-1538\" src=\"https:\/\/paliskunnat.fi\/py\/wp-content\/uploads\/2014\/11\/41_kuukas.png\" alt=\"41 Kuukas\" width=\"300\" height=\"387\" srcset=\"https:\/\/paliskunnat.fi\/py\/wp-content\/uploads\/2014\/11\/41_kuukas.png 775w, https:\/\/paliskunnat.fi\/py\/wp-content\/uploads\/2014\/11\/41_kuukas-232x300.png 232w\" sizes=\"auto, (max-width: 300px) 100vw, 300px\" \/><\/a><\/p>\n<table width=\"450\">\n<tbody>\n<tr>\n<td>Kotikunta:<\/td>\n<td>Ranua<\/td>\n<\/tr>\n<tr>\n<td>Pinta-ala:<\/td>\n<td>1 476,0 km<sup>2<\/sup><\/td>\n<\/tr>\n<tr>\n<td>Suurin sallittu eloporom\u00e4\u00e4r\u00e4:<\/td>\n<td>1 500<\/td>\n<\/tr>\n<tr>\n<td>Poronomistajia:<\/td>\n<td>60<\/td>\n<\/tr>\n<\/tbody>\n<\/table>\n<p>Kuukkaan paliskunta kuuluu It\u00e4kemijoen merkkipiiriin. Paliskunta sijaitsee Ranuan ja Pudasj\u00e4rven kunnan alueella. Paliskunta rajoittuu pohjoisessa Narkauksen, koillisessa Niemel\u00e4n, kaakossa Pudasj\u00e4rven Livon, etel\u00e4ss\u00e4 Ikosen ja l\u00e4nness\u00e4 Oij\u00e4rven ja Isosyd\u00e4nmaan paliskuntiin.<\/p>\n<p>Paliskunnan maapinta-alasta 45,1 % on valtionmaata ja 54,9 % on muiden maanomistajien omistuksessa. Huolimatta siit\u00e4, ett\u00e4 Ranuan taajama sijaitsee keskell\u00e4 paliskuntaa, se ei vie paljoa paliskunnan alueesta pienuutensa vuoksi. Paliskunnan alue rajoittuu Litokairan suojelualueeseen l\u00e4nsirajalta. Runsaista suoalueista johtuen paliskunnan laitumia ja toimintaa rasittavat turvetuotantoalueet.<\/p>\n<p>Vasanmerkkaus- ja erotusaitoja on seitsem\u00e4n. Porojenk\u00e4sittelypaikoissa k\u00e4ytet\u00e4\u00e4n siirtoaitoja. Paliskunnan alueella on ainakin 70 viljelysaitaa, joiden kunnostus ja rakentaminen vaativat paljon aikaa.<\/p>\n<p>Asutus keskittyy Ranuan taajaman. Kuhan kyl\u00e4 ja Simoj\u00e4rven ymp\u00e4rist\u00f6 ovat asuttua. Poronomistajista l\u00e4hes kaikki osakkaat omistavat toimivan maa- ja mets\u00e4tilan.<\/p>\n<p>&nbsp;<\/p>\n<p>&nbsp;<\/p>\n<p>&nbsp;<\/p>\n<p>&nbsp;<\/p>\n","protected":false},"excerpt":{"rendered":"<p>Kuukas Porois\u00e4nt\u00e4: Juotasniemi Hannu Puhelin: 040 012 1364 S\u00e4hk\u00f6posti: poro&#109;&#105;&#101;&#115;&#55;&#57;&#64;&#x67;&#x6d;&#x61;&#x69;&#x6c;&#x2e;&#x63;&#x6f;&#x6d; Kotikunta: Ranua Pinta-ala: 1 476,0 km2 Suurin sallittu eloporom\u00e4\u00e4r\u00e4: 1 500 Poronomistajia: 60 Kuukkaan paliskunta kuuluu It\u00e4kemijoen merkkipiiriin. Paliskunta sijaitsee Ranuan ja Pudasj\u00e4rven kunnan alueella. Paliskunta rajoittuu pohjoisessa Narkauksen, koillisessa Niemel\u00e4n, kaakossa Pudasj\u00e4rven Livon, etel\u00e4ss\u00e4 Ikosen ja l\u00e4nness\u00e4 Oij\u00e4rven ja Isosyd\u00e4nmaan paliskuntiin. Paliskunnan maapinta-alasta 45,1 [&hellip;]<\/p>\n","protected":false},"author":1,"featured_media":0,"parent":420,"menu_order":41,"comment_status":"open","ping_status":"closed","template":"paliskuntasivut.php","meta":{"footnotes":""},"class_list":["post-1481","page","type-page","status-publish","hentry"],"_links":{"self":[{"href":"https:\/\/paliskunnat.fi\/py\/wp-json\/wp\/v2\/pages\/1481","targetHints":{"allow":["GET"]}}],"collection":[{"href":"https:\/\/paliskunnat.fi\/py\/wp-json\/wp\/v2\/pages"}],"about":[{"href":"https:\/\/paliskunnat.fi\/py\/wp-json\/wp\/v2\/types\/page"}],"author":[{"embeddable":true,"href":"https:\/\/paliskunnat.fi\/py\/wp-json\/wp\/v2\/users\/1"}],"replies":[{"embeddable":true,"href":"https:\/\/paliskunnat.fi\/py\/wp-json\/wp\/v2\/comments?post=1481"}],"version-history":[{"count":17,"href":"https:\/\/paliskunnat.fi\/py\/wp-json\/wp\/v2\/pages\/1481\/revisions"}],"predecessor-version":[{"id":7837,"href":"https:\/\/paliskunnat.fi\/py\/wp-json\/wp\/v2\/pages\/1481\/revisions\/7837"}],"up":[{"embeddable":true,"href":"https:\/\/paliskunnat.fi\/py\/wp-json\/wp\/v2\/pages\/420"}],"wp:attachment":[{"href":"https:\/\/paliskunnat.fi\/py\/wp-json\/wp\/v2\/media?parent=1481"}],"curies":[{"name":"wp","href":"https:\/\/api.w.org\/{rel}","templated":true}]}}