{"id":1483,"date":"2014-11-23T17:38:34","date_gmt":"2014-11-23T15:38:34","guid":{"rendered":"http:\/\/80.69.171.23\/py\/?page_id=1483"},"modified":"2023-06-08T10:52:42","modified_gmt":"2023-06-08T07:52:42","slug":"alakitka","status":"publish","type":"page","link":"https:\/\/paliskunnat.fi\/py\/paliskunnat\/paliskuntien-tiedot\/alakitka\/","title":{"rendered":"42 Alakitka"},"content":{"rendered":"<h2>Alakitka<\/h2>\n<p>Porois\u00e4nt\u00e4: Oikarainen Jalmari<br \/>\nPuhelin: 040 965 0596<br \/>\nS\u00e4hk\u00f6posti: alak&#105;&#116;&#107;&#97;&#110;&#x70;&#x6c;&#x6b;&#x40;&#x67;&#x6d;&#x61;il&#46;c&#111;&#109;<\/p>\n<p><a href=\"https:\/\/paliskunnat.fi\/py\/wp-content\/uploads\/2014\/11\/42_alakitka.png\" rel=\"lightbox[1483]\"><img loading=\"lazy\" decoding=\"async\" class=\"alignnone wp-image-1541\" src=\"https:\/\/paliskunnat.fi\/py\/wp-content\/uploads\/2014\/11\/42_alakitka.png\" alt=\"42_alakitka\" width=\"300\" height=\"387\" srcset=\"https:\/\/paliskunnat.fi\/py\/wp-content\/uploads\/2014\/11\/42_alakitka.png 776w, https:\/\/paliskunnat.fi\/py\/wp-content\/uploads\/2014\/11\/42_alakitka-232x300.png 232w\" sizes=\"auto, (max-width: 300px) 100vw, 300px\" \/><\/a><\/p>\n<table width=\"450\">\n<tbody>\n<tr>\n<td>Kotikunta:<\/td>\n<td>Kuusamo<\/td>\n<\/tr>\n<tr>\n<td>Pinta-ala:<\/td>\n<td>1 175,9 km<sup>2<\/sup><\/td>\n<\/tr>\n<tr>\n<td>Suurin sallittu eloporom\u00e4\u00e4r\u00e4:<\/td>\n<td>1 600<\/td>\n<\/tr>\n<tr>\n<td>Poronomistajia:<\/td>\n<td>38<\/td>\n<\/tr>\n<\/tbody>\n<\/table>\n<p>Alakitkan paliskunta kuuluu Kuusamon merkkipiiriin. Paliskunta sijaitsee Kuusamon kaupungin pohjoisosassa. Paliskunta rajoittuu id\u00e4ss\u00e4 Ven\u00e4j\u00e4n valtionrajaan, etel\u00e4ss\u00e4 Oivangin, l\u00e4nness\u00e4 Tolvan ja pohjoisessa Sallan paliskuntiin.<\/p>\n<p>Paliskunnan maapinta-alasta 24,6 % on valtionmaata ja 75,4 % on muiden maanomistajien omistuksessa.. Paliskunnan alueella sijaitsee Oulangan kansallispuisto, joka turvaa luppolaitumien s\u00e4ilymisen paliskunnan alueella. Lis\u00e4ksi paliskunnan alueella sijaitsee Sukerin luonnonpuisto. Ven\u00e4j\u00e4n rajan l\u00e4heisyys aiheuttaa voimakasta petojen esiintymist\u00e4 paliskunnan alueella.<\/p>\n<p>Erotusaitoja on yhteens\u00e4 nelj\u00e4. Rytingiss\u00e4 on erotusaidan yhteydess\u00e4 my\u00f6s sy\u00f6tt\u00f6aita, jossa poroja voi pit\u00e4\u00e4 ja ruokkia tarvittaessa ongelmitta. J\u00e4k\u00e4l\u00e4mutkaan on rakennettu uusi erotusaita 2010.<\/p>\n<p>Paliskunnan suurin yksitt\u00e4inen kyl\u00e4 on K\u00e4yl\u00e4. Samoin Vuotungissa on asutusta. Loma- ja vapaa-ajan asutusta on paliskunnan alueella runsaasti. Osakkaiden asuminen keskittyy K\u00e4yl\u00e4n talousalueelle. Joitakin poromiehi\u00e4 asuu Kuusamon keskustassa ja muissa kaupungin kyliss\u00e4.<\/p>\n<p>&nbsp;<\/p>\n<p>&nbsp;<\/p>\n<p>&nbsp;<\/p>\n","protected":false},"excerpt":{"rendered":"<p>Alakitka Porois\u00e4nt\u00e4: Oikarainen Jalmari Puhelin: 040 965 0596 S\u00e4hk\u00f6posti: &#x61;&#108;&#x61;&#x6b;&#105;&#x74;&#x6b;&#97;&#x6e;&#x70;&#108;&#x6b;&#x40;g&#x6d;&#x61;i&#x6c;&#46;c&#x6f;&#109; Kotikunta: Kuusamo Pinta-ala: 1 175,9 km2 Suurin sallittu eloporom\u00e4\u00e4r\u00e4: 1 600 Poronomistajia: 38 Alakitkan paliskunta kuuluu Kuusamon merkkipiiriin. Paliskunta sijaitsee Kuusamon kaupungin pohjoisosassa. Paliskunta rajoittuu id\u00e4ss\u00e4 Ven\u00e4j\u00e4n valtionrajaan, etel\u00e4ss\u00e4 Oivangin, l\u00e4nness\u00e4 Tolvan ja pohjoisessa Sallan paliskuntiin. Paliskunnan maapinta-alasta 24,6 % on valtionmaata ja 75,4 % [&hellip;]<\/p>\n","protected":false},"author":1,"featured_media":0,"parent":420,"menu_order":42,"comment_status":"open","ping_status":"closed","template":"paliskuntasivut.php","meta":{"footnotes":""},"class_list":["post-1483","page","type-page","status-publish","hentry"],"_links":{"self":[{"href":"https:\/\/paliskunnat.fi\/py\/wp-json\/wp\/v2\/pages\/1483","targetHints":{"allow":["GET"]}}],"collection":[{"href":"https:\/\/paliskunnat.fi\/py\/wp-json\/wp\/v2\/pages"}],"about":[{"href":"https:\/\/paliskunnat.fi\/py\/wp-json\/wp\/v2\/types\/page"}],"author":[{"embeddable":true,"href":"https:\/\/paliskunnat.fi\/py\/wp-json\/wp\/v2\/users\/1"}],"replies":[{"embeddable":true,"href":"https:\/\/paliskunnat.fi\/py\/wp-json\/wp\/v2\/comments?post=1483"}],"version-history":[{"count":21,"href":"https:\/\/paliskunnat.fi\/py\/wp-json\/wp\/v2\/pages\/1483\/revisions"}],"predecessor-version":[{"id":7838,"href":"https:\/\/paliskunnat.fi\/py\/wp-json\/wp\/v2\/pages\/1483\/revisions\/7838"}],"up":[{"embeddable":true,"href":"https:\/\/paliskunnat.fi\/py\/wp-json\/wp\/v2\/pages\/420"}],"wp:attachment":[{"href":"https:\/\/paliskunnat.fi\/py\/wp-json\/wp\/v2\/media?parent=1483"}],"curies":[{"name":"wp","href":"https:\/\/api.w.org\/{rel}","templated":true}]}}