{"id":1486,"date":"2014-11-23T17:41:10","date_gmt":"2014-11-23T15:41:10","guid":{"rendered":"http:\/\/80.69.171.23\/py\/?page_id=1486"},"modified":"2023-06-08T10:53:12","modified_gmt":"2023-06-08T07:53:12","slug":"akanlahti","status":"publish","type":"page","link":"https:\/\/paliskunnat.fi\/py\/paliskunnat\/paliskuntien-tiedot\/akanlahti\/","title":{"rendered":"43 Akanlahti"},"content":{"rendered":"<h2>Akanlahti<\/h2>\n<p>Porois\u00e4nt\u00e4:\u00a0P\u00e4tsi Antti<br \/>\nPuhelin: 040 708 2153<br \/>\nS\u00e4hk\u00f6posti: &#97;n&#x74;t&#x69;&#46;&#x70;&#97;&#x74;&#115;i&#x40;g&#x6d;&#97;&#x69;&#108;&#x2e;&#99;&#x6f;&#109;<\/p>\n<p><a href=\"https:\/\/paliskunnat.fi\/py\/wp-content\/uploads\/2014\/11\/43_akanlahti.png\" rel=\"lightbox[1486]\"><img loading=\"lazy\" decoding=\"async\" class=\"alignnone wp-image-1544\" src=\"https:\/\/paliskunnat.fi\/py\/wp-content\/uploads\/2014\/11\/43_akanlahti.png\" alt=\"43_akanlahti\" width=\"300\" height=\"387\" srcset=\"https:\/\/paliskunnat.fi\/py\/wp-content\/uploads\/2014\/11\/43_akanlahti.png 775w, https:\/\/paliskunnat.fi\/py\/wp-content\/uploads\/2014\/11\/43_akanlahti-232x300.png 232w\" sizes=\"auto, (max-width: 300px) 100vw, 300px\" \/><\/a><\/p>\n<table width=\"450\">\n<tbody>\n<tr>\n<td>Kotikunta:<\/td>\n<td>Posio<\/td>\n<\/tr>\n<tr>\n<td>Pinta-ala:<\/td>\n<td>641,5 km<sup>2<\/sup><\/td>\n<\/tr>\n<tr>\n<td>Suurin sallittu eloporom\u00e4\u00e4r\u00e4:<\/td>\n<td>1 000<\/td>\n<\/tr>\n<tr>\n<td>Poronomistajia:<\/td>\n<td>17<\/td>\n<\/tr>\n<\/tbody>\n<\/table>\n<p>Akanlahden paliskunta kuuluu Kuusamon merkkipiiriin. Paliskunta sijaitsee Posion (60 %), Kuusamon (35 %) ja Taivalkosken (5 %) kunnissa. Paliskunta rajoittuu pohjoisessa Tolvan, id\u00e4ss\u00e4 Oivangin ja Kallioluoman, etel\u00e4ss\u00e4 Hossa-Irnin ja Taivalkosken ja l\u00e4nness\u00e4 Posion Livon paliskuntiin.<\/p>\n<p>Paliskunnan maapinta-alasta 12,7 % on valtionmaata ja 87,3 % on muiden maanomistajien omistuksessa. Akanlahden paliskunnassa ei ole luonnon- eik\u00e4 kansallispuistoja eik\u00e4 my\u00f6sk\u00e4\u00e4n er\u00e4maa-alueita.<\/p>\n<p>Paliskunnalla on kuusi erotuspaikkaa: Kolomilampi, Suonper\u00e4, Aitalampi, Pitk\u00e4lampi, Isokangas ja Jokilampi. Vasanmerkinn\u00e4t suoritetaan siirtoaidoissa.<\/p>\n<p>Asutus on v\u00e4h\u00e4ist\u00e4 ja sijoittuu koko paliskunnan alueelle. Paliskunnan alueella ei ole suurta taajama-aluetta vaan pieni\u00e4 kyli\u00e4 kuten Vasaraper\u00e4, Lohiranta, Kynsivaara ja Jokilampi. P\u00e4\u00e4osin kaikki osakkaat asuvat paliskunnan alueen kyliss\u00e4 kuten Lohirannassa ja Jokilammella.<\/p>\n<p>&nbsp;<\/p>\n<p>&nbsp;<\/p>\n","protected":false},"excerpt":{"rendered":"<p>Akanlahti Porois\u00e4nt\u00e4:\u00a0P\u00e4tsi Antti Puhelin: 040 708 2153 S\u00e4hk\u00f6posti: &#97;&#x6e;t&#x74;&#x69;&#46;&#x70;a&#x74;&#x73;&#105;&#x40;g&#x6d;&#x61;&#105;&#x6c;&#46;&#x63;&#x6f;&#109; Kotikunta: Posio Pinta-ala: 641,5 km2 Suurin sallittu eloporom\u00e4\u00e4r\u00e4: 1 000 Poronomistajia: 17 Akanlahden paliskunta kuuluu Kuusamon merkkipiiriin. Paliskunta sijaitsee Posion (60 %), Kuusamon (35 %) ja Taivalkosken (5 %) kunnissa. Paliskunta rajoittuu pohjoisessa Tolvan, id\u00e4ss\u00e4 Oivangin ja Kallioluoman, etel\u00e4ss\u00e4 Hossa-Irnin ja Taivalkosken ja l\u00e4nness\u00e4 Posion Livon [&hellip;]<\/p>\n","protected":false},"author":1,"featured_media":0,"parent":420,"menu_order":43,"comment_status":"open","ping_status":"closed","template":"paliskuntasivut.php","meta":{"footnotes":""},"class_list":["post-1486","page","type-page","status-publish","hentry"],"_links":{"self":[{"href":"https:\/\/paliskunnat.fi\/py\/wp-json\/wp\/v2\/pages\/1486","targetHints":{"allow":["GET"]}}],"collection":[{"href":"https:\/\/paliskunnat.fi\/py\/wp-json\/wp\/v2\/pages"}],"about":[{"href":"https:\/\/paliskunnat.fi\/py\/wp-json\/wp\/v2\/types\/page"}],"author":[{"embeddable":true,"href":"https:\/\/paliskunnat.fi\/py\/wp-json\/wp\/v2\/users\/1"}],"replies":[{"embeddable":true,"href":"https:\/\/paliskunnat.fi\/py\/wp-json\/wp\/v2\/comments?post=1486"}],"version-history":[{"count":17,"href":"https:\/\/paliskunnat.fi\/py\/wp-json\/wp\/v2\/pages\/1486\/revisions"}],"predecessor-version":[{"id":7839,"href":"https:\/\/paliskunnat.fi\/py\/wp-json\/wp\/v2\/pages\/1486\/revisions\/7839"}],"up":[{"embeddable":true,"href":"https:\/\/paliskunnat.fi\/py\/wp-json\/wp\/v2\/pages\/420"}],"wp:attachment":[{"href":"https:\/\/paliskunnat.fi\/py\/wp-json\/wp\/v2\/media?parent=1486"}],"curies":[{"name":"wp","href":"https:\/\/api.w.org\/{rel}","templated":true}]}}