{"id":1488,"date":"2014-11-23T17:42:53","date_gmt":"2014-11-23T15:42:53","guid":{"rendered":"http:\/\/80.69.171.23\/py\/?page_id=1488"},"modified":"2025-06-11T09:51:24","modified_gmt":"2025-06-11T06:51:24","slug":"hossa-irni","status":"publish","type":"page","link":"https:\/\/paliskunnat.fi\/py\/paliskunnat\/paliskuntien-tiedot\/hossa-irni\/","title":{"rendered":"44 Hossa-Irni"},"content":{"rendered":"<h2>Hossa-Irni<\/h2>\n<p>Porois\u00e4nt\u00e4: Sepp\u00e4nen Ville (oto.)<br \/>\nPuhelin:\u00a0040 569 6592<br \/>\nS\u00e4hk\u00f6posti: &#104;&#111;&#x73;s&#97;&#x69;&#x72;n&#105;&#x70;&#x6c;k&#64;&#x67;&#x6d;a&#105;&#x6c;&#x2e;c&#111;&#x6d;<\/p>\n<p><a href=\"https:\/\/paliskunnat.fi\/py\/wp-content\/uploads\/2014\/11\/44_hossa_irni.png\" rel=\"lightbox[1488]\"><img loading=\"lazy\" decoding=\"async\" class=\"alignnone wp-image-1546\" src=\"https:\/\/paliskunnat.fi\/py\/wp-content\/uploads\/2014\/11\/44_hossa_irni.png\" alt=\"44 Hossa Irni\" width=\"300\" height=\"387\" srcset=\"https:\/\/paliskunnat.fi\/py\/wp-content\/uploads\/2014\/11\/44_hossa_irni.png 775w, https:\/\/paliskunnat.fi\/py\/wp-content\/uploads\/2014\/11\/44_hossa_irni-232x300.png 232w\" sizes=\"auto, (max-width: 300px) 100vw, 300px\" \/><\/a><\/p>\n<table width=\"450\">\n<tbody>\n<tr>\n<td>Kotikunta:<\/td>\n<td>Suomussalmi<\/td>\n<\/tr>\n<tr>\n<td>Pinta-ala:<\/td>\n<td>3 087,4 km<sup>2<\/sup><\/td>\n<\/tr>\n<tr>\n<td>Suurin sallittu eloporom\u00e4\u00e4r\u00e4:<\/td>\n<td>3 000<\/td>\n<\/tr>\n<tr>\n<td>Poronomistajia:<\/td>\n<td>71<\/td>\n<\/tr>\n<\/tbody>\n<\/table>\n<p>Hossa-Irnin paliskunta kuuluu Kuusamon merkkipiiriin. Paliskunta sijaitsee Kuusamon kaupungin, Taivalkosken ja Suomussalmen kuntien alueella. Paliskunta rajoittuu id\u00e4ss\u00e4 Ven\u00e4j\u00e4n valtionrajaan, etel\u00e4ss\u00e4 N\u00e4lj\u00e4ng\u00e4n, l\u00e4nnessa Taivalkosken ja pohjoisessa Akanlahden ja Kallioluoman paliskuntiin.<\/p>\n<p>Paliskunnan maapinta-alasta 50,5 % on valtionmaata ja 49,5 % on muiden maanomistajien omistuksessa. Paliskunnan alueella on useita Naturaan liittyvi\u00e4 suojelualueita. Huomattavimmat suojelualueet ovat Martinselkonen, Hossan retkeilyalue ja Romevaara.<\/p>\n<p>Paliskunnalla ei ole este-ja laidunaitoja. Erotusaitoja on yhteens\u00e4 yhdeks\u00e4n. Osassa kiintoaitoja on my\u00f6s sy\u00f6tt\u00f6aidat, joissa poroja voi pit\u00e4\u00e4 ja ruokkia tarvittaessa ongelmitta.<\/p>\n<p>Asutus on vahvaa paliskunnan pohjois-osissa Iijoen vesist\u00f6n varrella. Samoin asutus on Kiannan vesist\u00f6n varrella runsasta. Suurimmat asutut kyl\u00e4t ovat Hossa, Ruhtinansalmi ja Teeriranta. Osakkaiden asuminen keskittyy Suomussalmella Hossan ymp\u00e4rist\u00f6\u00f6n.<\/p>\n<p>&nbsp;<\/p>\n<p>&nbsp;<\/p>\n","protected":false},"excerpt":{"rendered":"<p>Hossa-Irni Porois\u00e4nt\u00e4: Sepp\u00e4nen Ville (oto.) Puhelin:\u00a0040 569 6592 S\u00e4hk\u00f6posti: &#104;&#x6f;&#115;&#x73;&#97;&#x69;&#114;&#x6e;&#105;&#x70;&#108;&#x6b;&#64;&#x67;&#109;&#x61;&#105;&#x6c;&#46;&#x63;&#111;&#x6d; Kotikunta: Suomussalmi Pinta-ala: 3 087,4 km2 Suurin sallittu eloporom\u00e4\u00e4r\u00e4: 3 000 Poronomistajia: 71 Hossa-Irnin paliskunta kuuluu Kuusamon merkkipiiriin. Paliskunta sijaitsee Kuusamon kaupungin, Taivalkosken ja Suomussalmen kuntien alueella. Paliskunta rajoittuu id\u00e4ss\u00e4 Ven\u00e4j\u00e4n valtionrajaan, etel\u00e4ss\u00e4 N\u00e4lj\u00e4ng\u00e4n, l\u00e4nnessa Taivalkosken ja pohjoisessa Akanlahden ja Kallioluoman paliskuntiin. Paliskunnan maapinta-alasta 50,5 [&hellip;]<\/p>\n","protected":false},"author":1,"featured_media":0,"parent":420,"menu_order":44,"comment_status":"open","ping_status":"closed","template":"paliskuntasivut.php","meta":{"footnotes":""},"class_list":["post-1488","page","type-page","status-publish","hentry"],"_links":{"self":[{"href":"https:\/\/paliskunnat.fi\/py\/wp-json\/wp\/v2\/pages\/1488","targetHints":{"allow":["GET"]}}],"collection":[{"href":"https:\/\/paliskunnat.fi\/py\/wp-json\/wp\/v2\/pages"}],"about":[{"href":"https:\/\/paliskunnat.fi\/py\/wp-json\/wp\/v2\/types\/page"}],"author":[{"embeddable":true,"href":"https:\/\/paliskunnat.fi\/py\/wp-json\/wp\/v2\/users\/1"}],"replies":[{"embeddable":true,"href":"https:\/\/paliskunnat.fi\/py\/wp-json\/wp\/v2\/comments?post=1488"}],"version-history":[{"count":19,"href":"https:\/\/paliskunnat.fi\/py\/wp-json\/wp\/v2\/pages\/1488\/revisions"}],"predecessor-version":[{"id":8595,"href":"https:\/\/paliskunnat.fi\/py\/wp-json\/wp\/v2\/pages\/1488\/revisions\/8595"}],"up":[{"embeddable":true,"href":"https:\/\/paliskunnat.fi\/py\/wp-json\/wp\/v2\/pages\/420"}],"wp:attachment":[{"href":"https:\/\/paliskunnat.fi\/py\/wp-json\/wp\/v2\/media?parent=1488"}],"curies":[{"name":"wp","href":"https:\/\/api.w.org\/{rel}","templated":true}]}}