{"id":1490,"date":"2014-11-23T17:45:38","date_gmt":"2014-11-23T15:45:38","guid":{"rendered":"http:\/\/80.69.171.23\/py\/?page_id=1490"},"modified":"2024-01-03T05:59:45","modified_gmt":"2024-01-03T03:59:45","slug":"kallioluoma","status":"publish","type":"page","link":"https:\/\/paliskunnat.fi\/py\/paliskunnat\/paliskuntien-tiedot\/kallioluoma\/","title":{"rendered":"45 Kallioluoma"},"content":{"rendered":"<h2>Kallioluoma<\/h2>\n<p>Porois\u00e4nt\u00e4: H\u00e4rm\u00e4 Heikki<br \/>\nPuhelin: 040 540 9381<br \/>\nS\u00e4hk\u00f6posti:\u00a0&#104;&#101;ik&#x6b;&#x69;&#x70;&#111;ro&#x40;&#x67;&#x6d;&#97;&#105;l&#x2e;&#x63;&#x6f;&#109;<\/p>\n<p><a href=\"https:\/\/paliskunnat.fi\/py\/wp-content\/uploads\/2014\/11\/45_kallioluoma.png\" rel=\"lightbox[1490]\"><img loading=\"lazy\" decoding=\"async\" class=\"alignnone wp-image-1548\" src=\"https:\/\/paliskunnat.fi\/py\/wp-content\/uploads\/2014\/11\/45_kallioluoma.png\" alt=\"45 Kallioluoma\" width=\"300\" height=\"387\" srcset=\"https:\/\/paliskunnat.fi\/py\/wp-content\/uploads\/2014\/11\/45_kallioluoma.png 775w, https:\/\/paliskunnat.fi\/py\/wp-content\/uploads\/2014\/11\/45_kallioluoma-232x300.png 232w\" sizes=\"auto, (max-width: 300px) 100vw, 300px\" \/><\/a><\/p>\n<table width=\"450\">\n<tbody>\n<tr>\n<td>Kotikunta:<\/td>\n<td>Kuusamo<\/td>\n<\/tr>\n<tr>\n<td>Pinta-ala:<\/td>\n<td>1 576,8 km<sup>2<\/sup><\/td>\n<\/tr>\n<tr>\n<td>Suurin sallittu eloporom\u00e4\u00e4r\u00e4:<\/td>\n<td>2 300<\/td>\n<\/tr>\n<tr>\n<td>Poronomistajia:<\/td>\n<td>42<\/td>\n<\/tr>\n<\/tbody>\n<\/table>\n<p>Kallioluoman paliskunta kuuluu Kuusamon merkkipiiriin. Paliskunta sijaitsee Kuusamon kaupungin etel\u00e4osassa. Paliskunta rajoittuu id\u00e4ss\u00e4 Ven\u00e4j\u00e4n valtionrajaan, etel\u00e4ss\u00e4 Hossa-Irnin, l\u00e4nness\u00e4 Akanlahden ja pohjoisessa Oivangin paliskuntiin.<\/p>\n<p>Paliskunnan maapinta-alasta 20,1 % on valtionmaata ja 79,9 % on muiden maanomistajien omistuksessa. Paliskunnan halkaisee valtatie 5, joka jakaa paliskunnan porojen laidunnus- ja vaellusalueen kahteen osaan. Vanhojen metsien suojelualueita ja soidensuojelualueita l\u00f6ytyy palkisen alueelta. Paliskunnan alueella on pari turvesuota, mutta niiden porotaloudelle aiheuttama haitta on melko v\u00e4h\u00e4inen.<\/p>\n<p>Paliskunnalla on kiinteit\u00e4 aitoja yhdeks\u00e4n. Porojen pyyntiaitoja on viisi. Osakkailla on tarha-aitoja. Viljelysten suojaamiseksi porojen laiduntamiselta on rakennettu viljelysaitoja kaikille tiloille.<\/p>\n<p>Asutus on sijoittunut tasaisesti ymp\u00e4ri palkisen aluetta, lukuun ottamatta it\u00e4isi\u00e4 osia. Vapaa-ajan asunnot ovat lis\u00e4\u00e4ntyneet r\u00e4j\u00e4hdysm\u00e4isesti. Osakkaat asuvat ymp\u00e4ri paliskuntaa. Suurin osa palkisen poromiehist\u00e4 on maanomistajia. Tilat ovat maa-mets\u00e4- ja porotiloja.<\/p>\n<p>&nbsp;<\/p>\n<p>&nbsp;<\/p>\n<p>&nbsp;<\/p>\n","protected":false},"excerpt":{"rendered":"<p>Kallioluoma Porois\u00e4nt\u00e4: H\u00e4rm\u00e4 Heikki Puhelin: 040 540 9381 S\u00e4hk\u00f6posti:\u00a0&#x68;&#101;i&#x6b;&#107;&#x69;&#x70;o&#x72;&#111;&#64;&#x67;&#109;&#x61;&#105;l&#x2e;&#99;o&#x6d; Kotikunta: Kuusamo Pinta-ala: 1 576,8 km2 Suurin sallittu eloporom\u00e4\u00e4r\u00e4: 2 300 Poronomistajia: 42 Kallioluoman paliskunta kuuluu Kuusamon merkkipiiriin. Paliskunta sijaitsee Kuusamon kaupungin etel\u00e4osassa. Paliskunta rajoittuu id\u00e4ss\u00e4 Ven\u00e4j\u00e4n valtionrajaan, etel\u00e4ss\u00e4 Hossa-Irnin, l\u00e4nness\u00e4 Akanlahden ja pohjoisessa Oivangin paliskuntiin. Paliskunnan maapinta-alasta 20,1 % on valtionmaata ja 79,9 % on [&hellip;]<\/p>\n","protected":false},"author":1,"featured_media":0,"parent":420,"menu_order":45,"comment_status":"open","ping_status":"closed","template":"paliskuntasivut.php","meta":{"footnotes":""},"class_list":["post-1490","page","type-page","status-publish","hentry"],"_links":{"self":[{"href":"https:\/\/paliskunnat.fi\/py\/wp-json\/wp\/v2\/pages\/1490","targetHints":{"allow":["GET"]}}],"collection":[{"href":"https:\/\/paliskunnat.fi\/py\/wp-json\/wp\/v2\/pages"}],"about":[{"href":"https:\/\/paliskunnat.fi\/py\/wp-json\/wp\/v2\/types\/page"}],"author":[{"embeddable":true,"href":"https:\/\/paliskunnat.fi\/py\/wp-json\/wp\/v2\/users\/1"}],"replies":[{"embeddable":true,"href":"https:\/\/paliskunnat.fi\/py\/wp-json\/wp\/v2\/comments?post=1490"}],"version-history":[{"count":21,"href":"https:\/\/paliskunnat.fi\/py\/wp-json\/wp\/v2\/pages\/1490\/revisions"}],"predecessor-version":[{"id":7996,"href":"https:\/\/paliskunnat.fi\/py\/wp-json\/wp\/v2\/pages\/1490\/revisions\/7996"}],"up":[{"embeddable":true,"href":"https:\/\/paliskunnat.fi\/py\/wp-json\/wp\/v2\/pages\/420"}],"wp:attachment":[{"href":"https:\/\/paliskunnat.fi\/py\/wp-json\/wp\/v2\/media?parent=1490"}],"curies":[{"name":"wp","href":"https:\/\/api.w.org\/{rel}","templated":true}]}}