{"id":1554,"date":"2014-11-23T18:30:38","date_gmt":"2014-11-23T16:30:38","guid":{"rendered":"http:\/\/80.69.171.23\/py\/?page_id=1554"},"modified":"2023-06-08T10:55:05","modified_gmt":"2023-06-08T07:55:05","slug":"taivalkoski","status":"publish","type":"page","link":"https:\/\/paliskunnat.fi\/py\/paliskunnat\/paliskuntien-tiedot\/taivalkoski\/","title":{"rendered":"48 Taivalkoski"},"content":{"rendered":"<h2>Taivalkoski<\/h2>\n<p>Porois\u00e4nt\u00e4: K\u00e4sm\u00e4 Mika<br \/>\nPuhelin: 0400 173 980<br \/>\nS\u00e4hk\u00f6posti: &#x6d;i&#x6b;&#97;&#x2e;&#107;&#x61;&#x73;m&#x61;&#64;&#x70;&#97;&#x6c;&#105;s&#x6b;&#117;&#x6e;&#110;&#x61;&#116;&#46;&#x66;&#105;<\/p>\n<p><a href=\"https:\/\/paliskunnat.fi\/py\/wp-content\/uploads\/2014\/11\/48_taivalkoski.png\" rel=\"lightbox[1554]\"><img loading=\"lazy\" decoding=\"async\" class=\"alignnone wp-image-1557\" src=\"https:\/\/paliskunnat.fi\/py\/wp-content\/uploads\/2014\/11\/48_taivalkoski.png\" alt=\"48 Taivalkoski\" width=\"300\" height=\"387\" srcset=\"https:\/\/paliskunnat.fi\/py\/wp-content\/uploads\/2014\/11\/48_taivalkoski.png 775w, https:\/\/paliskunnat.fi\/py\/wp-content\/uploads\/2014\/11\/48_taivalkoski-232x300.png 232w\" sizes=\"auto, (max-width: 300px) 100vw, 300px\" \/><\/a><\/p>\n<table width=\"450\">\n<tbody>\n<tr>\n<td>Kotikunta:<\/td>\n<td>Taivalkoski<\/td>\n<\/tr>\n<tr>\n<td>Pinta-ala:<\/td>\n<td>2 459,2 km<sup>2<\/sup><\/td>\n<\/tr>\n<tr>\n<td>Suurin sallittu eloporom\u00e4\u00e4r\u00e4:<\/td>\n<td>2 500<\/td>\n<\/tr>\n<tr>\n<td>Poronomistajia:<\/td>\n<td>76<\/td>\n<\/tr>\n<\/tbody>\n<\/table>\n<p>Taivalkosken paliskunta kuuluu Pudasj\u00e4rven merkkipiiriin. Paliskunta sijaitsee Taivalkosken, Posion, Suomussalmen ja Pudasj\u00e4rven kunnan alueella. Paliskunta rajoittuu pohjoisessa Posion Livon ja Akanlahden, id\u00e4ss\u00e4 Hossa-Irnin, etel\u00e4ss\u00e4 N\u00e4lj\u00e4ng\u00e4n ja l\u00e4nness\u00e4 Pintamon ja Pudasj\u00e4rven Livon paliskuntiin.<\/p>\n<p>Paliskunnan maapinta-alasta 67,8 % on valtionmaata ja 32,2 % on muiden maanomistajien omistuksessa.<\/p>\n<p>Paliskunnan pohjoisosaan on suunnitteilla Mustavaaran (vanadiini-rauta-titaani) kaivoksen uudelleen avaaminen. Kaivos sijoittuisi paliskunnan kes\u00e4laidunalueille.<\/p>\n<p>&nbsp;<\/p>\n","protected":false},"excerpt":{"rendered":"<p>Taivalkoski Porois\u00e4nt\u00e4: K\u00e4sm\u00e4 Mika Puhelin: 0400 173 980 S\u00e4hk\u00f6posti: mika&#46;kasma&#64;paliskunnat&#46;f&#105; Kotikunta: Taivalkoski Pinta-ala: 2 459,2 km2 Suurin sallittu eloporom\u00e4\u00e4r\u00e4: 2 500 Poronomistajia: 76 Taivalkosken paliskunta kuuluu Pudasj\u00e4rven merkkipiiriin. Paliskunta sijaitsee Taivalkosken, Posion, Suomussalmen ja Pudasj\u00e4rven kunnan alueella. Paliskunta rajoittuu pohjoisessa Posion Livon ja Akanlahden, id\u00e4ss\u00e4 Hossa-Irnin, etel\u00e4ss\u00e4 N\u00e4lj\u00e4ng\u00e4n ja l\u00e4nness\u00e4 Pintamon ja Pudasj\u00e4rven Livon paliskuntiin. [&hellip;]<\/p>\n","protected":false},"author":1,"featured_media":0,"parent":420,"menu_order":48,"comment_status":"open","ping_status":"closed","template":"paliskuntasivut.php","meta":{"footnotes":""},"class_list":["post-1554","page","type-page","status-publish","hentry"],"_links":{"self":[{"href":"https:\/\/paliskunnat.fi\/py\/wp-json\/wp\/v2\/pages\/1554","targetHints":{"allow":["GET"]}}],"collection":[{"href":"https:\/\/paliskunnat.fi\/py\/wp-json\/wp\/v2\/pages"}],"about":[{"href":"https:\/\/paliskunnat.fi\/py\/wp-json\/wp\/v2\/types\/page"}],"author":[{"embeddable":true,"href":"https:\/\/paliskunnat.fi\/py\/wp-json\/wp\/v2\/users\/1"}],"replies":[{"embeddable":true,"href":"https:\/\/paliskunnat.fi\/py\/wp-json\/wp\/v2\/comments?post=1554"}],"version-history":[{"count":15,"href":"https:\/\/paliskunnat.fi\/py\/wp-json\/wp\/v2\/pages\/1554\/revisions"}],"predecessor-version":[{"id":7843,"href":"https:\/\/paliskunnat.fi\/py\/wp-json\/wp\/v2\/pages\/1554\/revisions\/7843"}],"up":[{"embeddable":true,"href":"https:\/\/paliskunnat.fi\/py\/wp-json\/wp\/v2\/pages\/420"}],"wp:attachment":[{"href":"https:\/\/paliskunnat.fi\/py\/wp-json\/wp\/v2\/media?parent=1554"}],"curies":[{"name":"wp","href":"https:\/\/api.w.org\/{rel}","templated":true}]}}