{"id":1566,"date":"2014-11-23T18:41:37","date_gmt":"2014-11-23T16:41:37","guid":{"rendered":"http:\/\/80.69.171.23\/py\/?page_id=1566"},"modified":"2023-06-08T10:56:26","modified_gmt":"2023-06-08T07:56:26","slug":"pudasjarven-livo","status":"publish","type":"page","link":"https:\/\/paliskunnat.fi\/py\/paliskunnat\/paliskuntien-tiedot\/pudasjarven-livo\/","title":{"rendered":"51 Pudasj\u00e4rven Livo"},"content":{"rendered":"<h2>Pudasj\u00e4rven Livo<\/h2>\n<p>Porois\u00e4nt\u00e4: Konttila Sami<br \/>\nPuhelin: 040 537 4668<br \/>\nS\u00e4hk\u00f6posti: sa&#109;&#105;&#46;&#x6b;&#x6f;&#x6e;&#x74;ti&#108;&#97;&#64;&#x68;&#x6f;&#x74;&#x6d;ai&#108;&#46;&#99;&#x6f;&#x6d;<\/p>\n<p><a href=\"https:\/\/paliskunnat.fi\/py\/wp-content\/uploads\/2014\/11\/51_pudasjarven_livo.png\" rel=\"lightbox[1566]\"><img loading=\"lazy\" decoding=\"async\" class=\"alignnone wp-image-1568\" src=\"https:\/\/paliskunnat.fi\/py\/wp-content\/uploads\/2014\/11\/51_pudasjarven_livo.png\" alt=\"Pudasj\u00e4rven Livon paliskunta (nro 51)\" width=\"300\" height=\"387\" srcset=\"https:\/\/paliskunnat.fi\/py\/wp-content\/uploads\/2014\/11\/51_pudasjarven_livo.png 775w, https:\/\/paliskunnat.fi\/py\/wp-content\/uploads\/2014\/11\/51_pudasjarven_livo-232x300.png 232w\" sizes=\"auto, (max-width: 300px) 100vw, 300px\" \/><\/a><\/p>\n<table width=\"450\">\n<tbody>\n<tr>\n<td>Kotikunta:<\/td>\n<td>Pudasj\u00e4rvi<\/td>\n<\/tr>\n<tr>\n<td>Pinta-ala:<\/td>\n<td>1 897,7 km<sup>2<\/sup><\/td>\n<\/tr>\n<tr>\n<td>Suurin sallittu eloporom\u00e4\u00e4r\u00e4:<\/td>\n<td>\u00a02 100<\/td>\n<\/tr>\n<tr>\n<td>Poronomistajia:<\/td>\n<td>53<\/td>\n<\/tr>\n<\/tbody>\n<\/table>\n<p>Pudasj\u00e4rven Livon paliskunta kuuluu Pudasj\u00e4rven merkkipiiriin. Paliskunta sijaitsee Pudasj\u00e4rven, Posion ja Ranuan kunnan alueella.<\/p>\n<p>Paliskunta rajoittuu pohjoisessa Niemel\u00e4n ja Kuukkaan, koillisessa Posion Livon, id\u00e4ss\u00e4 Taivalkosken, kaakossa Pintamon, etel\u00e4ss\u00e4 Pudasj\u00e4rven, lounaassa Kiiminki-Kollajan ja l\u00e4nness\u00e4 Ikosen paliskuntiin.<\/p>\n<p>Paliskunnan maapinta-alasta 51,1 % on valtionmaata ja 48,9 % on muiden maanomistajien omistuksessa.<\/p>\n<p>&nbsp;<\/p>\n<p>&nbsp;<\/p>\n","protected":false},"excerpt":{"rendered":"<p>Pudasj\u00e4rven Livo Porois\u00e4nt\u00e4: Konttila Sami Puhelin: 040 537 4668 S\u00e4hk\u00f6posti: &#x73;&#97;&#109;i&#x2e;&#x6b;&#111;n&#x74;&#x74;&#105;la&#x40;&#104;&#111;t&#x6d;&#x61;&#105;l&#x2e;&#x63;&#111;&#109; Kotikunta: Pudasj\u00e4rvi Pinta-ala: 1 897,7 km2 Suurin sallittu eloporom\u00e4\u00e4r\u00e4: \u00a02 100 Poronomistajia: 53 Pudasj\u00e4rven Livon paliskunta kuuluu Pudasj\u00e4rven merkkipiiriin. Paliskunta sijaitsee Pudasj\u00e4rven, Posion ja Ranuan kunnan alueella. Paliskunta rajoittuu pohjoisessa Niemel\u00e4n ja Kuukkaan, koillisessa Posion Livon, id\u00e4ss\u00e4 Taivalkosken, kaakossa Pintamon, etel\u00e4ss\u00e4 Pudasj\u00e4rven, lounaassa Kiiminki-Kollajan [&hellip;]<\/p>\n","protected":false},"author":1,"featured_media":0,"parent":420,"menu_order":51,"comment_status":"open","ping_status":"closed","template":"paliskuntasivut.php","meta":{"footnotes":""},"class_list":["post-1566","page","type-page","status-publish","hentry"],"_links":{"self":[{"href":"https:\/\/paliskunnat.fi\/py\/wp-json\/wp\/v2\/pages\/1566","targetHints":{"allow":["GET"]}}],"collection":[{"href":"https:\/\/paliskunnat.fi\/py\/wp-json\/wp\/v2\/pages"}],"about":[{"href":"https:\/\/paliskunnat.fi\/py\/wp-json\/wp\/v2\/types\/page"}],"author":[{"embeddable":true,"href":"https:\/\/paliskunnat.fi\/py\/wp-json\/wp\/v2\/users\/1"}],"replies":[{"embeddable":true,"href":"https:\/\/paliskunnat.fi\/py\/wp-json\/wp\/v2\/comments?post=1566"}],"version-history":[{"count":19,"href":"https:\/\/paliskunnat.fi\/py\/wp-json\/wp\/v2\/pages\/1566\/revisions"}],"predecessor-version":[{"id":7846,"href":"https:\/\/paliskunnat.fi\/py\/wp-json\/wp\/v2\/pages\/1566\/revisions\/7846"}],"up":[{"embeddable":true,"href":"https:\/\/paliskunnat.fi\/py\/wp-json\/wp\/v2\/pages\/420"}],"wp:attachment":[{"href":"https:\/\/paliskunnat.fi\/py\/wp-json\/wp\/v2\/media?parent=1566"}],"curies":[{"name":"wp","href":"https:\/\/api.w.org\/{rel}","templated":true}]}}