{"id":1572,"date":"2014-11-23T18:44:18","date_gmt":"2014-11-23T16:44:18","guid":{"rendered":"http:\/\/80.69.171.23\/py\/?page_id=1572"},"modified":"2023-06-08T10:56:47","modified_gmt":"2023-06-08T07:56:47","slug":"pintamo","status":"publish","type":"page","link":"https:\/\/paliskunnat.fi\/py\/paliskunnat\/paliskuntien-tiedot\/pintamo\/","title":{"rendered":"52 Pintamo"},"content":{"rendered":"<h2>Pintamo<\/h2>\n<p>Porois\u00e4nt\u00e4: Kosamo Eero<br \/>\nPuhelin: 040 089 6583<br \/>\nS\u00e4hk\u00f6posti: &#x6b;&#x6f;&#x73;&#x61;&#109;&#111;&#101;er&#x6f;&#x40;&#x67;&#x6d;&#x61;&#105;&#108;&#46;co&#x6d;<\/p>\n<p><a href=\"https:\/\/paliskunnat.fi\/py\/wp-content\/uploads\/2014\/11\/52_pintamo.png\" rel=\"lightbox[1572]\"><img loading=\"lazy\" decoding=\"async\" class=\"alignnone wp-image-1574\" src=\"https:\/\/paliskunnat.fi\/py\/wp-content\/uploads\/2014\/11\/52_pintamo.png\" alt=\"Pintamon paliskunta (nro 52)\" width=\"300\" height=\"387\" srcset=\"https:\/\/paliskunnat.fi\/py\/wp-content\/uploads\/2014\/11\/52_pintamo.png 775w, https:\/\/paliskunnat.fi\/py\/wp-content\/uploads\/2014\/11\/52_pintamo-232x300.png 232w\" sizes=\"auto, (max-width: 300px) 100vw, 300px\" \/><\/a><\/p>\n<table width=\"450\">\n<tbody>\n<tr>\n<td>Kotikunta:<\/td>\n<td>Pudasj\u00e4rvi<\/td>\n<\/tr>\n<tr>\n<td>Pinta-ala:<\/td>\n<td>1 812,5 km<sup>2<\/sup><\/td>\n<\/tr>\n<tr>\n<td>Suurin sallittu eloporom\u00e4\u00e4r\u00e4:<\/td>\n<td>2 600<\/td>\n<\/tr>\n<tr>\n<td>Poronomistajia:<\/td>\n<td>55<\/td>\n<\/tr>\n<\/tbody>\n<\/table>\n<p>Pintamon paliskunta kuuluu Pudasj\u00e4rven merkkipiiriin. Paliskunta sijaitsee Pudasj\u00e4rven kaupungissa (75 %) sek\u00e4 Taivalkosken (15 %) ja Puolangan (10 %) kunnissa. Paliskunta rajoittuu etel\u00e4ss\u00e4 poronhoitoalueen etel\u00e4rajaan, l\u00e4nness\u00e4 Pudasj\u00e4rven, luoteessa Pudasj\u00e4rven Livon, kaakossa Taivalkosken ja id\u00e4ss\u00e4 N\u00e4lj\u00e4ng\u00e4n paliskuntiin.<\/p>\n<p>Paliskunnan maapinta-alasta 56,3 % on valtionmaata ja 43,7 % on muiden maanomistajien omistuksessa. Pintamon paliskunnassa on useita Natura-alueita. Osa Sy\u00f6tteen kansallispuistosta ja Iso-Sy\u00f6tteen retkeilyalueesta tulee Pintamon paliskunnan pohjoisosaan. Valtatie 20, Oulusta Kuusamoon, katkaisee paliskunnan pohjoisosasta. Tien erityispiirtein\u00e4 on porokolareiden suuri m\u00e4\u00e4r\u00e4.<\/p>\n<p>Pintamon paliskunnassa on viisi kiinte\u00e4\u00e4 aitaa, Alakangas, Sulakangas, Pirinkangas, Ruuhivaara ja Kurkikangas. Viljelysaitoja on paliskunnassa satoja kilometrej\u00e4.<\/p>\n<p>Asutus on v\u00e4h\u00e4ist\u00e4 ja sijoittuu p\u00e4\u00e4asiassa jokivarsiin ja j\u00e4rvien rannoille. Paliskunnan alueella ei ole isoa taajama-aluetta. Mainittavia kyli\u00e4 ovat Jurmu, Iinattij\u00e4rvi, Jaurakka ja Puhos. Poro- ja luontaistalouteen perustuvia tiloja l\u00f6ytyy t\u00e4ll\u00e4 hetkell\u00e4 viisi.<\/p>\n<p>&nbsp;<\/p>\n","protected":false},"excerpt":{"rendered":"<p>Pintamo Porois\u00e4nt\u00e4: Kosamo Eero Puhelin: 040 089 6583 S\u00e4hk\u00f6posti: k&#111;&#x73;&#x61;m&#111;&#x65;&#x65;r&#111;&#64;&#x67;&#x6d;a&#105;&#x6c;&#x2e;c&#111;&#x6d; Kotikunta: Pudasj\u00e4rvi Pinta-ala: 1 812,5 km2 Suurin sallittu eloporom\u00e4\u00e4r\u00e4: 2 600 Poronomistajia: 55 Pintamon paliskunta kuuluu Pudasj\u00e4rven merkkipiiriin. Paliskunta sijaitsee Pudasj\u00e4rven kaupungissa (75 %) sek\u00e4 Taivalkosken (15 %) ja Puolangan (10 %) kunnissa. Paliskunta rajoittuu etel\u00e4ss\u00e4 poronhoitoalueen etel\u00e4rajaan, l\u00e4nness\u00e4 Pudasj\u00e4rven, luoteessa Pudasj\u00e4rven Livon, kaakossa Taivalkosken [&hellip;]<\/p>\n","protected":false},"author":1,"featured_media":0,"parent":420,"menu_order":52,"comment_status":"open","ping_status":"closed","template":"paliskuntasivut.php","meta":{"footnotes":""},"class_list":["post-1572","page","type-page","status-publish","hentry"],"_links":{"self":[{"href":"https:\/\/paliskunnat.fi\/py\/wp-json\/wp\/v2\/pages\/1572","targetHints":{"allow":["GET"]}}],"collection":[{"href":"https:\/\/paliskunnat.fi\/py\/wp-json\/wp\/v2\/pages"}],"about":[{"href":"https:\/\/paliskunnat.fi\/py\/wp-json\/wp\/v2\/types\/page"}],"author":[{"embeddable":true,"href":"https:\/\/paliskunnat.fi\/py\/wp-json\/wp\/v2\/users\/1"}],"replies":[{"embeddable":true,"href":"https:\/\/paliskunnat.fi\/py\/wp-json\/wp\/v2\/comments?post=1572"}],"version-history":[{"count":19,"href":"https:\/\/paliskunnat.fi\/py\/wp-json\/wp\/v2\/pages\/1572\/revisions"}],"predecessor-version":[{"id":7847,"href":"https:\/\/paliskunnat.fi\/py\/wp-json\/wp\/v2\/pages\/1572\/revisions\/7847"}],"up":[{"embeddable":true,"href":"https:\/\/paliskunnat.fi\/py\/wp-json\/wp\/v2\/pages\/420"}],"wp:attachment":[{"href":"https:\/\/paliskunnat.fi\/py\/wp-json\/wp\/v2\/media?parent=1572"}],"curies":[{"name":"wp","href":"https:\/\/api.w.org\/{rel}","templated":true}]}}