{"id":1582,"date":"2014-11-23T18:52:06","date_gmt":"2014-11-23T16:52:06","guid":{"rendered":"http:\/\/80.69.171.23\/py\/?page_id=1582"},"modified":"2023-06-08T10:58:04","modified_gmt":"2023-06-08T07:58:04","slug":"kollaja","status":"publish","type":"page","link":"https:\/\/paliskunnat.fi\/py\/paliskunnat\/paliskuntien-tiedot\/kollaja\/","title":{"rendered":"54 Kollaja"},"content":{"rendered":"<h2>Kollaja<\/h2>\n<p>Porois\u00e4nt\u00e4: Oinas-Panuma Lauri<br \/>\nPuhelin: 040 765 4210<br \/>\nS\u00e4hk\u00f6posti: &#x6c;a&#x75;&#114;i&#x2e;&#111;&#x69;&#110;a&#x73;&#112;&#x61;&#110;u&#x6d;&#97;&#x40;&#x67;m&#x61;&#105;l&#x2e;&#99;&#x6f;&#109;<\/p>\n<p><a href=\"https:\/\/paliskunnat.fi\/py\/wp-content\/uploads\/2014\/11\/54_kollaja.png\" rel=\"lightbox[1582]\"><img loading=\"lazy\" decoding=\"async\" class=\"alignnone wp-image-1583\" src=\"https:\/\/paliskunnat.fi\/py\/wp-content\/uploads\/2014\/11\/54_kollaja.png\" alt=\"Kollajan paliskunta (nro 54)\" width=\"300\" height=\"387\" srcset=\"https:\/\/paliskunnat.fi\/py\/wp-content\/uploads\/2014\/11\/54_kollaja.png 775w, https:\/\/paliskunnat.fi\/py\/wp-content\/uploads\/2014\/11\/54_kollaja-232x300.png 232w\" sizes=\"auto, (max-width: 300px) 100vw, 300px\" \/><\/a><\/p>\n<table width=\"450\">\n<tbody>\n<tr>\n<td>Kotikunta:<\/td>\n<td>Pudasj\u00e4rvi<\/td>\n<\/tr>\n<tr>\n<td>Pinta-ala:<\/td>\n<td>1 160,6 km<sup>2<\/sup><\/td>\n<\/tr>\n<tr>\n<td>Suurin sallittu eloporom\u00e4\u00e4r\u00e4:<\/td>\n<td>1 100<\/td>\n<\/tr>\n<tr>\n<td>Poronomistajia:<\/td>\n<td>71<\/td>\n<\/tr>\n<\/tbody>\n<\/table>\n<p>Kollajan paliskunta kuuluu Pudasj\u00e4rven merkkipiiriin. Paliskunta sijaitsee Pudasj\u00e4rven, Oulun kaupungin alueella. Kiimingin ja Kollajan paliskunnat ovat hallinnollisesti erikoisia paliskuntia. Ne ovat hoitaneet poronsa yhdess\u00e4 k\u00e4yt\u00e4nn\u00f6llisesti katsoen koko paliskuntaj\u00e4rjestelm\u00e4n olemassaolon ajan. Yleisess\u00e4 kielenk\u00e4yt\u00f6ss\u00e4 puhutaan usein Kiiminki-Kollajan paliskunnasta.<\/p>\n<p>Kollajan paliskunta rajoittuu pohjoisessa Oij\u00e4rven ja Ikosen, id\u00e4ss\u00e4 Pudasj\u00e4rven Livon ja Pudasj\u00e4rven ja etel\u00e4ss\u00e4 sek\u00e4 lounaassa Kiimingin paliskuntiin.<\/p>\n<p>Paliskunnan maapinta-alasta 39,8 % on valtionmaata ja 60,2 % on muiden maanomistajien omistuksessa. Valtatie 20 Oulu-Kuusamo kulkee paliskunnan l\u00e4pi.<\/p>\n<p>Paliskunnan k\u00e4yt\u00f6ss\u00e4 on viisi kiinte\u00e4\u00e4 syyserotusaitaa: Pikkula, Huiska, S\u00e4yn\u00e4j\u00e4kangas, Sili\u00e4kangas ja Vengasvaara.<\/p>\n<p>Paliskunnan suurimpia kyli\u00e4 ovat Tannila, Jakkukyl\u00e4 ja Panuma. Varsinaisten poronhoitajien asunto-olot ovat p\u00e4\u00e4asiassa hyv\u00e4t ja poromiehet asuvat p\u00e4\u00e4asiassa haja-asutusalueella.<\/p>\n<p>&nbsp;<\/p>\n<p><!--more--><\/p>\n<p>J. Nyk\u00e4nen &amp; A. Colpaert:<br \/>\n<a href=\"http:\/\/epublications.uef.fi\/pub\/urn_isbn_978-952-61-2084-3\/urn_isbn_978-952-61-2084-3.pdf\">Suunnitellun Kollajan altaan vaikutus poronhoitoon<\/a> &#8211; Porojen GPS-seurannan tulokset ja laidunalueiden k\u00e4ytt\u00f6.<\/p>\n<p>&nbsp;<\/p>\n<p>&nbsp;<\/p>\n","protected":false},"excerpt":{"rendered":"<p>Kollaja Porois\u00e4nt\u00e4: Oinas-Panuma Lauri Puhelin: 040 765 4210 S\u00e4hk\u00f6posti: &#x6c;&#x61;&#x75;&#x72;&#x69;&#x2e;&#111;&#105;&#110;&#97;span&#x75;&#x6d;&#x61;&#x40;&#x67;&#x6d;&#97;&#105;&#108;&#46;&#99;om Kotikunta: Pudasj\u00e4rvi Pinta-ala: 1 160,6 km2 Suurin sallittu eloporom\u00e4\u00e4r\u00e4: 1 100 Poronomistajia: 71 Kollajan paliskunta kuuluu Pudasj\u00e4rven merkkipiiriin. Paliskunta sijaitsee Pudasj\u00e4rven, Oulun kaupungin alueella. Kiimingin ja Kollajan paliskunnat ovat hallinnollisesti erikoisia paliskuntia. Ne ovat hoitaneet poronsa yhdess\u00e4 k\u00e4yt\u00e4nn\u00f6llisesti katsoen koko paliskuntaj\u00e4rjestelm\u00e4n olemassaolon ajan. Yleisess\u00e4 kielenk\u00e4yt\u00f6ss\u00e4 [&hellip;]<\/p>\n","protected":false},"author":1,"featured_media":0,"parent":420,"menu_order":54,"comment_status":"open","ping_status":"closed","template":"paliskuntasivut.php","meta":{"footnotes":""},"class_list":["post-1582","page","type-page","status-publish","hentry"],"_links":{"self":[{"href":"https:\/\/paliskunnat.fi\/py\/wp-json\/wp\/v2\/pages\/1582","targetHints":{"allow":["GET"]}}],"collection":[{"href":"https:\/\/paliskunnat.fi\/py\/wp-json\/wp\/v2\/pages"}],"about":[{"href":"https:\/\/paliskunnat.fi\/py\/wp-json\/wp\/v2\/types\/page"}],"author":[{"embeddable":true,"href":"https:\/\/paliskunnat.fi\/py\/wp-json\/wp\/v2\/users\/1"}],"replies":[{"embeddable":true,"href":"https:\/\/paliskunnat.fi\/py\/wp-json\/wp\/v2\/comments?post=1582"}],"version-history":[{"count":16,"href":"https:\/\/paliskunnat.fi\/py\/wp-json\/wp\/v2\/pages\/1582\/revisions"}],"predecessor-version":[{"id":7850,"href":"https:\/\/paliskunnat.fi\/py\/wp-json\/wp\/v2\/pages\/1582\/revisions\/7850"}],"up":[{"embeddable":true,"href":"https:\/\/paliskunnat.fi\/py\/wp-json\/wp\/v2\/pages\/420"}],"wp:attachment":[{"href":"https:\/\/paliskunnat.fi\/py\/wp-json\/wp\/v2\/media?parent=1582"}],"curies":[{"name":"wp","href":"https:\/\/api.w.org\/{rel}","templated":true}]}}