{"id":1585,"date":"2014-11-23T18:53:50","date_gmt":"2014-11-23T16:53:50","guid":{"rendered":"http:\/\/80.69.171.23\/py\/?page_id=1585"},"modified":"2023-06-08T10:58:25","modified_gmt":"2023-06-08T07:58:25","slug":"ikonen","status":"publish","type":"page","link":"https:\/\/paliskunnat.fi\/py\/paliskunnat\/paliskuntien-tiedot\/ikonen\/","title":{"rendered":"55 Ikonen"},"content":{"rendered":"<h2>Ikonen<\/h2>\n<p>Porois\u00e4nt\u00e4: Hepola Ari<br \/>\nPuhelin: 040 589 7736<br \/>\nS\u00e4hk\u00f6posti: ar&#105;&#46;&#104;&#101;&#x70;&#x6f;&#x6c;&#x61;&#x40;ou&#116;&#108;&#111;&#111;&#x6b;&#x2e;&#x63;&#x6f;&#x6d;<\/p>\n<p><a href=\"https:\/\/paliskunnat.fi\/py\/wp-content\/uploads\/2014\/11\/55_ikonen.png\" rel=\"lightbox[1585]\"><img loading=\"lazy\" decoding=\"async\" class=\"alignnone wp-image-1587\" src=\"https:\/\/paliskunnat.fi\/py\/wp-content\/uploads\/2014\/11\/55_ikonen.png\" alt=\"Ikonen (nro 55)\" width=\"300\" height=\"387\" srcset=\"https:\/\/paliskunnat.fi\/py\/wp-content\/uploads\/2014\/11\/55_ikonen.png 775w, https:\/\/paliskunnat.fi\/py\/wp-content\/uploads\/2014\/11\/55_ikonen-232x300.png 232w\" sizes=\"auto, (max-width: 300px) 100vw, 300px\" \/><\/a><\/p>\n<table width=\"450\">\n<tbody>\n<tr>\n<td>Kotikunta:<\/td>\n<td>Pudasj\u00e4rvi<\/td>\n<\/tr>\n<tr>\n<td>Pinta-ala:<\/td>\n<td>619,1 km<sup>2<\/sup><\/td>\n<\/tr>\n<tr>\n<td>Suurin sallittu eloporom\u00e4\u00e4r\u00e4:<\/td>\n<td>500<\/td>\n<\/tr>\n<tr>\n<td>Poronomistajia:<\/td>\n<td>32<\/td>\n<\/tr>\n<\/tbody>\n<\/table>\n<p>Ikosen paliskunta kuuluu Pudasj\u00e4rven merkkipiiriin. Paliskunta sijaitsee Pudasj\u00e4rven ja Ranuan kunnan alueella. Paliskunta rajoittuu pohjoisessa Kuukkaan, id\u00e4ss\u00e4 Pudasj\u00e4rven Livon, etel\u00e4ss\u00e4 Kollajan ja l\u00e4nness\u00e4 Oij\u00e4rven paliskuntiin.<\/p>\n<p>Paliskunnan maapinta-alasta 62,4 % on valtionmaata ja 37,6 % on muiden maanomistajien omistuksessa.<\/p>\n<p>&nbsp;<\/p>\n<p>&nbsp;<\/p>\n","protected":false},"excerpt":{"rendered":"<p>Ikonen Porois\u00e4nt\u00e4: Hepola Ari Puhelin: 040 589 7736 S\u00e4hk\u00f6posti: &#97;&#x72;i&#x2e;&#x68;&#101;&#x70;o&#108;&#x61;&#64;&#x6f;u&#116;&#x6c;o&#x6f;k&#46;&#x63;o&#x6d; Kotikunta: Pudasj\u00e4rvi Pinta-ala: 619,1 km2 Suurin sallittu eloporom\u00e4\u00e4r\u00e4: 500 Poronomistajia: 32 Ikosen paliskunta kuuluu Pudasj\u00e4rven merkkipiiriin. Paliskunta sijaitsee Pudasj\u00e4rven ja Ranuan kunnan alueella. Paliskunta rajoittuu pohjoisessa Kuukkaan, id\u00e4ss\u00e4 Pudasj\u00e4rven Livon, etel\u00e4ss\u00e4 Kollajan ja l\u00e4nness\u00e4 Oij\u00e4rven paliskuntiin. Paliskunnan maapinta-alasta 62,4 % on valtionmaata ja 37,6 % [&hellip;]<\/p>\n","protected":false},"author":1,"featured_media":0,"parent":420,"menu_order":55,"comment_status":"open","ping_status":"closed","template":"paliskuntasivut.php","meta":{"footnotes":""},"class_list":["post-1585","page","type-page","status-publish","hentry"],"_links":{"self":[{"href":"https:\/\/paliskunnat.fi\/py\/wp-json\/wp\/v2\/pages\/1585","targetHints":{"allow":["GET"]}}],"collection":[{"href":"https:\/\/paliskunnat.fi\/py\/wp-json\/wp\/v2\/pages"}],"about":[{"href":"https:\/\/paliskunnat.fi\/py\/wp-json\/wp\/v2\/types\/page"}],"author":[{"embeddable":true,"href":"https:\/\/paliskunnat.fi\/py\/wp-json\/wp\/v2\/users\/1"}],"replies":[{"embeddable":true,"href":"https:\/\/paliskunnat.fi\/py\/wp-json\/wp\/v2\/comments?post=1585"}],"version-history":[{"count":15,"href":"https:\/\/paliskunnat.fi\/py\/wp-json\/wp\/v2\/pages\/1585\/revisions"}],"predecessor-version":[{"id":7851,"href":"https:\/\/paliskunnat.fi\/py\/wp-json\/wp\/v2\/pages\/1585\/revisions\/7851"}],"up":[{"embeddable":true,"href":"https:\/\/paliskunnat.fi\/py\/wp-json\/wp\/v2\/pages\/420"}],"wp:attachment":[{"href":"https:\/\/paliskunnat.fi\/py\/wp-json\/wp\/v2\/media?parent=1585"}],"curies":[{"name":"wp","href":"https:\/\/api.w.org\/{rel}","templated":true}]}}