{"id":1590,"date":"2014-11-23T18:57:23","date_gmt":"2014-11-23T16:57:23","guid":{"rendered":"http:\/\/80.69.171.23\/py\/?page_id=1590"},"modified":"2023-06-08T10:58:49","modified_gmt":"2023-06-08T07:58:49","slug":"naljanka","status":"publish","type":"page","link":"https:\/\/paliskunnat.fi\/py\/paliskunnat\/paliskuntien-tiedot\/naljanka\/","title":{"rendered":"56 N\u00e4lj\u00e4nk\u00e4"},"content":{"rendered":"<h2>N\u00e4lj\u00e4nk\u00e4<\/h2>\n<p>Porois\u00e4nt\u00e4: Heikkinen Jari<br \/>\nPuhelin: 040 020 2003<br \/>\nS\u00e4hk\u00f6posti: &#x6a;&#x61;&#x72;&#x69;&#104;&#50;00&#64;&#x67;&#x6d;&#x61;&#x69;&#108;&#46;com<\/p>\n<p><a href=\"https:\/\/paliskunnat.fi\/py\/wp-content\/uploads\/2014\/11\/56_naljanka.png\" rel=\"lightbox[1590]\"><img loading=\"lazy\" decoding=\"async\" class=\"alignnone wp-image-1592\" src=\"https:\/\/paliskunnat.fi\/py\/wp-content\/uploads\/2014\/11\/56_naljanka.png\" alt=\"N\u00e4lj\u00e4nk\u00e4 plk (nro 56)\" width=\"300\" height=\"387\" srcset=\"https:\/\/paliskunnat.fi\/py\/wp-content\/uploads\/2014\/11\/56_naljanka.png 775w, https:\/\/paliskunnat.fi\/py\/wp-content\/uploads\/2014\/11\/56_naljanka-232x300.png 232w\" sizes=\"auto, (max-width: 300px) 100vw, 300px\" \/><\/a><\/p>\n<table width=\"450\">\n<tbody>\n<tr>\n<td>Kotikunta:<\/td>\n<td>Suomussalmi<\/td>\n<\/tr>\n<tr>\n<td>Pinta-ala:<\/td>\n<td>2 880,8 km<sup>2<\/sup><\/td>\n<\/tr>\n<tr>\n<td>Suurin sallittu eloporom\u00e4\u00e4r\u00e4:<\/td>\n<td>2 000<\/td>\n<\/tr>\n<tr>\n<td>Poronomistajia:<\/td>\n<td>53<\/td>\n<\/tr>\n<\/tbody>\n<\/table>\n<p>N\u00e4lj\u00e4ng\u00e4n paliskunta kuuluu Kainuun merkkipiiriin. Paliskunta sijaitsee Suomussalmen ja Puolangan kunnan alueella. Paliskunta rajoittuu id\u00e4ss\u00e4 Ven\u00e4j\u00e4n rajaan, etel\u00e4ss\u00e4 Hallan, l\u00e4nness\u00e4 Pintamon ja pohjoisessa Taivalkosken ja Hossa-Irnin paliskuntiin.<\/p>\n<p>Paliskunnan maapinta-alasta 54,1 % on valtionmaata ja 45,9 % on muiden maanomistajien omistuksessa.. Paliskunnan alueella on Naturaan kuuluvia suojelualueita. N\u00e4m\u00e4 alueet eiv\u00e4t kaikki ole pinta-alaltaan laajoja, mutta muodostavat kuitenkin t\u00e4rke\u00e4n osan talvilaitumista.<\/p>\n<p>Este-ja laidunaitoja ei ole. Erotusaitoja on paliskunnalla kolme. Paliskunnalla on k\u00e4yt\u00f6ss\u00e4 Kotvalan kentt\u00e4teurastamon ja erotusaidan yhteydess\u00e4 sy\u00f6tt\u00f6aita.<\/p>\n<p>Puolangan kirkonkyl\u00e4 j\u00e4\u00e4 aivan paliskunnan etel\u00e4rajalle. Paliskunnan pohjoisosassa asutusta on N\u00e4lj\u00e4ng\u00e4n kyl\u00e4n alueella Suomussalmen kunnassa. P\u00e4\u00e4osa N\u00e4lj\u00e4ng\u00e4n paliskunnan osakkaista asuu Puolangan kirkonkyl\u00e4ll\u00e4, Joukokyl\u00e4n, Suolij\u00e4rven sek\u00e4 N\u00e4lj\u00e4ng\u00e4n kyliss\u00e4.<\/p>\n<p>&nbsp;<\/p>\n<p>&nbsp;<\/p>\n","protected":false},"excerpt":{"rendered":"<p>N\u00e4lj\u00e4nk\u00e4 Porois\u00e4nt\u00e4: Heikkinen Jari Puhelin: 040 020 2003 S\u00e4hk\u00f6posti: &#x6a;&#97;&#x72;&#105;h&#x32;&#48;0&#x40;&#103;&#x6d;&#x61;i&#x6c;&#46;c&#x6f;&#109; Kotikunta: Suomussalmi Pinta-ala: 2 880,8 km2 Suurin sallittu eloporom\u00e4\u00e4r\u00e4: 2 000 Poronomistajia: 53 N\u00e4lj\u00e4ng\u00e4n paliskunta kuuluu Kainuun merkkipiiriin. Paliskunta sijaitsee Suomussalmen ja Puolangan kunnan alueella. Paliskunta rajoittuu id\u00e4ss\u00e4 Ven\u00e4j\u00e4n rajaan, etel\u00e4ss\u00e4 Hallan, l\u00e4nness\u00e4 Pintamon ja pohjoisessa Taivalkosken ja Hossa-Irnin paliskuntiin. Paliskunnan maapinta-alasta 54,1 % on [&hellip;]<\/p>\n","protected":false},"author":1,"featured_media":0,"parent":420,"menu_order":56,"comment_status":"open","ping_status":"closed","template":"paliskuntasivut.php","meta":{"footnotes":""},"class_list":["post-1590","page","type-page","status-publish","hentry"],"_links":{"self":[{"href":"https:\/\/paliskunnat.fi\/py\/wp-json\/wp\/v2\/pages\/1590","targetHints":{"allow":["GET"]}}],"collection":[{"href":"https:\/\/paliskunnat.fi\/py\/wp-json\/wp\/v2\/pages"}],"about":[{"href":"https:\/\/paliskunnat.fi\/py\/wp-json\/wp\/v2\/types\/page"}],"author":[{"embeddable":true,"href":"https:\/\/paliskunnat.fi\/py\/wp-json\/wp\/v2\/users\/1"}],"replies":[{"embeddable":true,"href":"https:\/\/paliskunnat.fi\/py\/wp-json\/wp\/v2\/comments?post=1590"}],"version-history":[{"count":18,"href":"https:\/\/paliskunnat.fi\/py\/wp-json\/wp\/v2\/pages\/1590\/revisions"}],"predecessor-version":[{"id":7852,"href":"https:\/\/paliskunnat.fi\/py\/wp-json\/wp\/v2\/pages\/1590\/revisions\/7852"}],"up":[{"embeddable":true,"href":"https:\/\/paliskunnat.fi\/py\/wp-json\/wp\/v2\/pages\/420"}],"wp:attachment":[{"href":"https:\/\/paliskunnat.fi\/py\/wp-json\/wp\/v2\/media?parent=1590"}],"curies":[{"name":"wp","href":"https:\/\/api.w.org\/{rel}","templated":true}]}}