{"id":1595,"date":"2014-11-23T19:00:51","date_gmt":"2014-11-23T17:00:51","guid":{"rendered":"http:\/\/80.69.171.23\/py\/?page_id=1595"},"modified":"2023-06-08T10:59:11","modified_gmt":"2023-06-08T07:59:11","slug":"halla","status":"publish","type":"page","link":"https:\/\/paliskunnat.fi\/py\/paliskunnat\/paliskuntien-tiedot\/halla\/","title":{"rendered":"57 Halla"},"content":{"rendered":"<h2>Halla<\/h2>\n<p>Porois\u00e4nt\u00e4: Ker\u00e4nen Ensio<br \/>\nPuhelin: 040 028 4002<br \/>\nS\u00e4hk\u00f6posti: &#x6b;&#x65;&#x72;&#x61;&#110;&#101;nen&#x73;&#x69;&#x6f;&#x40;&#103;&#109;ail&#x2e;&#x63;&#x6f;&#x6d;<\/p>\n<p><a href=\"https:\/\/paliskunnat.fi\/py\/wp-content\/uploads\/2014\/11\/57_halla.png\" rel=\"lightbox[1595]\"><img loading=\"lazy\" decoding=\"async\" class=\"alignnone wp-image-1596\" src=\"https:\/\/paliskunnat.fi\/py\/wp-content\/uploads\/2014\/11\/57_halla.png\" alt=\"Hallan paliskunta (nro 57)\" width=\"300\" height=\"387\" srcset=\"https:\/\/paliskunnat.fi\/py\/wp-content\/uploads\/2014\/11\/57_halla.png 775w, https:\/\/paliskunnat.fi\/py\/wp-content\/uploads\/2014\/11\/57_halla-232x300.png 232w\" sizes=\"auto, (max-width: 300px) 100vw, 300px\" \/><\/a><\/p>\n<table width=\"450\">\n<tbody>\n<tr>\n<td>Kotikunta:<\/td>\n<td>Suomussalmi<\/td>\n<\/tr>\n<tr>\n<td>Pinta-ala:<\/td>\n<td>3 547,7 km<sup>2<\/sup><\/td>\n<\/tr>\n<tr>\n<td>Suurin sallittu eloporom\u00e4\u00e4r\u00e4:<\/td>\n<td>2 700<\/td>\n<\/tr>\n<tr>\n<td>Poronomistajia:<\/td>\n<td>61<\/td>\n<\/tr>\n<\/tbody>\n<\/table>\n<p>Hallan paliskunta kuuluu Kainuun merkkipiiriin. Paliskunta sijaitsee Suomussalmen, Puolangan ja Hyrynsalmen kunnan alueella. Paliskunta rajoittuu id\u00e4ss\u00e4 Ven\u00e4j\u00e4n valtionrajaan, etel\u00e4-l\u00e4nness\u00e4 poronhoitoalueen etel\u00e4rajaan ja pohjoisessa N\u00e4lj\u00e4ng\u00e4n paliskuntaan.<\/p>\n<p>Paliskunnan maapinta-alasta 48,1 % on valtionmaata ja 51,9 % on muiden maanomistajien omistuksessa.<\/p>\n<p>&nbsp;<\/p>\n<p>&nbsp;<\/p>\n<p><!--more--><\/p>\n<h2>Kes\u00e4erotus 1989<\/h2>\n<p>Kes\u00e4erotus Hallan paliskunnassa 1989 (<a href=\"https:\/\/www.youtube.com\/watch?v=dHF3vVMaSfY\">Youtube<\/a>). Julkaistu 10\/2012.<\/p>\n<p>&nbsp;<\/p>\n<p>&nbsp;<\/p>\n<p>&nbsp;<\/p>\n","protected":false},"excerpt":{"rendered":"<p>Halla Porois\u00e4nt\u00e4: Ker\u00e4nen Ensio Puhelin: 040 028 4002 S\u00e4hk\u00f6posti: &#x6b;&#x65;&#x72;&#x61;&#x6e;&#101;&#110;&#101;&#110;sio&#x40;&#x67;&#x6d;&#x61;&#x69;&#x6c;&#46;&#99;&#111;m Kotikunta: Suomussalmi Pinta-ala: 3 547,7 km2 Suurin sallittu eloporom\u00e4\u00e4r\u00e4: 2 700 Poronomistajia: 61 Hallan paliskunta kuuluu Kainuun merkkipiiriin. Paliskunta sijaitsee Suomussalmen, Puolangan ja Hyrynsalmen kunnan alueella. Paliskunta rajoittuu id\u00e4ss\u00e4 Ven\u00e4j\u00e4n valtionrajaan, etel\u00e4-l\u00e4nness\u00e4 poronhoitoalueen etel\u00e4rajaan ja pohjoisessa N\u00e4lj\u00e4ng\u00e4n paliskuntaan. Paliskunnan maapinta-alasta 48,1 % on valtionmaata ja [&hellip;]<\/p>\n","protected":false},"author":1,"featured_media":0,"parent":420,"menu_order":57,"comment_status":"open","ping_status":"closed","template":"paliskuntasivut.php","meta":{"footnotes":""},"class_list":["post-1595","page","type-page","status-publish","hentry"],"_links":{"self":[{"href":"https:\/\/paliskunnat.fi\/py\/wp-json\/wp\/v2\/pages\/1595","targetHints":{"allow":["GET"]}}],"collection":[{"href":"https:\/\/paliskunnat.fi\/py\/wp-json\/wp\/v2\/pages"}],"about":[{"href":"https:\/\/paliskunnat.fi\/py\/wp-json\/wp\/v2\/types\/page"}],"author":[{"embeddable":true,"href":"https:\/\/paliskunnat.fi\/py\/wp-json\/wp\/v2\/users\/1"}],"replies":[{"embeddable":true,"href":"https:\/\/paliskunnat.fi\/py\/wp-json\/wp\/v2\/comments?post=1595"}],"version-history":[{"count":19,"href":"https:\/\/paliskunnat.fi\/py\/wp-json\/wp\/v2\/pages\/1595\/revisions"}],"predecessor-version":[{"id":7853,"href":"https:\/\/paliskunnat.fi\/py\/wp-json\/wp\/v2\/pages\/1595\/revisions\/7853"}],"up":[{"embeddable":true,"href":"https:\/\/paliskunnat.fi\/py\/wp-json\/wp\/v2\/pages\/420"}],"wp:attachment":[{"href":"https:\/\/paliskunnat.fi\/py\/wp-json\/wp\/v2\/media?parent=1595"}],"curies":[{"name":"wp","href":"https:\/\/api.w.org\/{rel}","templated":true}]}}