{"id":1903,"date":"2014-12-21T17:29:26","date_gmt":"2014-12-21T15:29:26","guid":{"rendered":"http:\/\/80.69.171.23\/py\/?page_id=1903"},"modified":"2026-02-21T18:07:13","modified_gmt":"2026-02-21T16:07:13","slug":"poronlihan-tuotanto","status":"publish","type":"page","link":"https:\/\/paliskunnat.fi\/py\/materiaalit\/tilastot\/poronlihan-tuotanto\/","title":{"rendered":"Poronlihan tuotanto"},"content":{"rendered":"<h2>Poronlihan tuotanto<\/h2>\n<p>Poronlihan tuotantom\u00e4\u00e4r\u00e4 vaihtelee vuosittain ensisijassa luonnonolojen ja petovahinkojen vaikutuksen sanelemana. Porolihan tuotantom\u00e4\u00e4rien lasku koettelee poronomistajan lis\u00e4ksi my\u00f6s poronlihan jalostajia.<\/p>\n<p><a href=\"https:\/\/paliskunnat.fi\/py\/wp-content\/uploads\/2026\/02\/poronlihan-tuotanta-suomessa-2000-2025.jpg\" rel=\"lightbox[1903]\"><img loading=\"lazy\" decoding=\"async\" class=\"alignnone wp-image-8765\" src=\"https:\/\/paliskunnat.fi\/py\/wp-content\/uploads\/2026\/02\/poronlihan-tuotanta-suomessa-2000-2025.jpg\" alt=\"Poronlihan tuotanto Suomessa 2000-luvulla.\" width=\"460\" height=\"308\" srcset=\"https:\/\/paliskunnat.fi\/py\/wp-content\/uploads\/2026\/02\/poronlihan-tuotanta-suomessa-2000-2025.jpg 1200w, https:\/\/paliskunnat.fi\/py\/wp-content\/uploads\/2026\/02\/poronlihan-tuotanta-suomessa-2000-2025-300x201.jpg 300w, https:\/\/paliskunnat.fi\/py\/wp-content\/uploads\/2026\/02\/poronlihan-tuotanta-suomessa-2000-2025-1024x685.jpg 1024w, https:\/\/paliskunnat.fi\/py\/wp-content\/uploads\/2026\/02\/poronlihan-tuotanta-suomessa-2000-2025-768x514.jpg 768w\" sizes=\"auto, (max-width: 460px) 100vw, 460px\" \/><\/a><\/p>\n<p><a href=\"https:\/\/paliskunnat.fi\/py\/wp-content\/uploads\/2025\/02\/poron-teurasmaarien-kehitys-1994-2024.jpg\" rel=\"lightbox[1903]\"><img loading=\"lazy\" decoding=\"async\" class=\"alignnone wp-image-8526\" src=\"https:\/\/paliskunnat.fi\/py\/wp-content\/uploads\/2025\/02\/poron-teurasmaarien-kehitys-1994-2024.jpg\" alt=\"Poron teurasm\u00e4\u00e4rien kehitys Suomessa 1994-2024.\" width=\"460\" height=\"292\" srcset=\"https:\/\/paliskunnat.fi\/py\/wp-content\/uploads\/2025\/02\/poron-teurasmaarien-kehitys-1994-2024.jpg 1200w, https:\/\/paliskunnat.fi\/py\/wp-content\/uploads\/2025\/02\/poron-teurasmaarien-kehitys-1994-2024-300x191.jpg 300w, https:\/\/paliskunnat.fi\/py\/wp-content\/uploads\/2025\/02\/poron-teurasmaarien-kehitys-1994-2024-1024x651.jpg 1024w, https:\/\/paliskunnat.fi\/py\/wp-content\/uploads\/2025\/02\/poron-teurasmaarien-kehitys-1994-2024-768x488.jpg 768w\" sizes=\"auto, (max-width: 460px) 100vw, 460px\" \/><\/a><\/p>\n<p><a href=\"https:\/\/paliskunnat.fi\/py\/wp-content\/uploads\/2026\/02\/poronlihan-tuotanto-ja-tuottajahinta-suomessa.jpg\" rel=\"lightbox[1903]\"><img loading=\"lazy\" decoding=\"async\" class=\"alignnone wp-image-8768\" src=\"https:\/\/paliskunnat.fi\/py\/wp-content\/uploads\/2026\/02\/poronlihan-tuotanto-ja-tuottajahinta-suomessa.jpg\" alt=\"Poronlihan tuotanto ja tuottajahinnan kehitys Suomessa 2000-luvulla.\" width=\"460\" height=\"297\" srcset=\"https:\/\/paliskunnat.fi\/py\/wp-content\/uploads\/2026\/02\/poronlihan-tuotanto-ja-tuottajahinta-suomessa.jpg 1200w, https:\/\/paliskunnat.fi\/py\/wp-content\/uploads\/2026\/02\/poronlihan-tuotanto-ja-tuottajahinta-suomessa-300x194.jpg 300w, https:\/\/paliskunnat.fi\/py\/wp-content\/uploads\/2026\/02\/poronlihan-tuotanto-ja-tuottajahinta-suomessa-1024x661.jpg 1024w, https:\/\/paliskunnat.fi\/py\/wp-content\/uploads\/2026\/02\/poronlihan-tuotanto-ja-tuottajahinta-suomessa-768x496.jpg 768w\" sizes=\"auto, (max-width: 460px) 100vw, 460px\" \/><\/a><\/p>\n<p>Poronlihan tuonti Ven\u00e4j\u00e4lt\u00e4 on hiipunut vuonna 2023, mutta ei kokonaan p\u00e4\u00e4ttynyt (kaavio alla).<\/p>\n<p><a href=\"https:\/\/paliskunnat.fi\/py\/wp-content\/uploads\/2024\/03\/poronlihan-tuonti-vienti-suomi-2023.jpg\" rel=\"lightbox[1903]\"><img loading=\"lazy\" decoding=\"async\" class=\"alignnone wp-image-8283\" src=\"https:\/\/paliskunnat.fi\/py\/wp-content\/uploads\/2024\/03\/poronlihan-tuonti-vienti-suomi-2023.jpg\" alt=\"Poronlihan tuonti Suomeen ja vienti Suomesta 2023.\" width=\"460\" height=\"281\" srcset=\"https:\/\/paliskunnat.fi\/py\/wp-content\/uploads\/2024\/03\/poronlihan-tuonti-vienti-suomi-2023.jpg 1200w, https:\/\/paliskunnat.fi\/py\/wp-content\/uploads\/2024\/03\/poronlihan-tuonti-vienti-suomi-2023-300x183.jpg 300w, https:\/\/paliskunnat.fi\/py\/wp-content\/uploads\/2024\/03\/poronlihan-tuonti-vienti-suomi-2023-1024x625.jpg 1024w, https:\/\/paliskunnat.fi\/py\/wp-content\/uploads\/2024\/03\/poronlihan-tuonti-vienti-suomi-2023-768x468.jpg 768w\" sizes=\"auto, (max-width: 460px) 100vw, 460px\" \/><\/a><\/p>\n","protected":false},"excerpt":{"rendered":"<p>Poronlihan tuotanto Poronlihan tuotantom\u00e4\u00e4r\u00e4 vaihtelee vuosittain ensisijassa luonnonolojen ja petovahinkojen vaikutuksen sanelemana. Porolihan tuotantom\u00e4\u00e4rien lasku koettelee poronomistajan lis\u00e4ksi my\u00f6s poronlihan jalostajia. Poronlihan tuonti Ven\u00e4j\u00e4lt\u00e4 on hiipunut vuonna 2023, mutta ei kokonaan p\u00e4\u00e4ttynyt (kaavio alla).<\/p>\n","protected":false},"author":1,"featured_media":0,"parent":1105,"menu_order":2,"comment_status":"open","ping_status":"closed","template":"","meta":{"footnotes":""},"class_list":["post-1903","page","type-page","status-publish","hentry"],"_links":{"self":[{"href":"https:\/\/paliskunnat.fi\/py\/wp-json\/wp\/v2\/pages\/1903","targetHints":{"allow":["GET"]}}],"collection":[{"href":"https:\/\/paliskunnat.fi\/py\/wp-json\/wp\/v2\/pages"}],"about":[{"href":"https:\/\/paliskunnat.fi\/py\/wp-json\/wp\/v2\/types\/page"}],"author":[{"embeddable":true,"href":"https:\/\/paliskunnat.fi\/py\/wp-json\/wp\/v2\/users\/1"}],"replies":[{"embeddable":true,"href":"https:\/\/paliskunnat.fi\/py\/wp-json\/wp\/v2\/comments?post=1903"}],"version-history":[{"count":73,"href":"https:\/\/paliskunnat.fi\/py\/wp-json\/wp\/v2\/pages\/1903\/revisions"}],"predecessor-version":[{"id":8769,"href":"https:\/\/paliskunnat.fi\/py\/wp-json\/wp\/v2\/pages\/1903\/revisions\/8769"}],"up":[{"embeddable":true,"href":"https:\/\/paliskunnat.fi\/py\/wp-json\/wp\/v2\/pages\/1105"}],"wp:attachment":[{"href":"https:\/\/paliskunnat.fi\/py\/wp-json\/wp\/v2\/media?parent=1903"}],"curies":[{"name":"wp","href":"https:\/\/api.w.org\/{rel}","templated":true}]}}