{"id":2,"date":"2014-08-05T17:17:00","date_gmt":"2014-08-05T17:17:00","guid":{"rendered":"http:\/\/80.69.171.23\/py\/?page_id=2"},"modified":"2019-10-03T10:55:35","modified_gmt":"2019-10-03T07:55:35","slug":"neuvonta","status":"publish","type":"page","link":"https:\/\/paliskunnat.fi\/py\/neuvonta\/","title":{"rendered":"Neuvonta"},"content":{"rendered":"<h2>Neuvonta ja asiantuntijapalvelut<\/h2>\n<p>Paliskuntain yhdistys tarjoaa asiantuntevaa porotalouden neuvontaa sek\u00e4 poroelinkeinon harjoittajille ett\u00e4 sidosryhmille.<\/p>\n<p>Yhdistyksen henkil\u00f6st\u00f6 toimii poronhoidon asiantuntijana erilaisissa ty\u00f6ryhmiss\u00e4 ja neuvotteluissa sek\u00e4 esittelee poronhoitoa eri n\u00e4k\u00f6kulmista monenlaisissa tapahtumissa ja tilaisuuksissa. Poronhoidon parissa toimiville tarjotaan koulutusta vuosittain tarpeen ja tilanteen mukaan.<\/p>\n<p>Kysy lis\u00e4tietoja ja ehdota koulutuksia <a href=\"https:\/\/paliskunnat.fi\/py\/organisaatio\/yhteystiedot\/henkilokunta\/#porotalousneuvojat\">porotalousneuvojat<\/a><\/p>\n<p>&nbsp;<\/p>\n<p><!--more--><\/p>\n<h2>Koulutuksia<\/h2>\n<p>Tutustu <a href=\"https:\/\/paliskunnat.fi\/py\/neuvonta\/koulutustarjonta\/\">koulutustarjontaan<\/a><\/p>\n","protected":false},"excerpt":{"rendered":"<p>Neuvonta ja asiantuntijapalvelut Paliskuntain yhdistys tarjoaa asiantuntevaa porotalouden neuvontaa sek\u00e4 poroelinkeinon harjoittajille ett\u00e4 sidosryhmille. Yhdistyksen henkil\u00f6st\u00f6 toimii poronhoidon asiantuntijana erilaisissa ty\u00f6ryhmiss\u00e4 ja neuvotteluissa sek\u00e4 esittelee poronhoitoa eri n\u00e4k\u00f6kulmista monenlaisissa tapahtumissa ja tilaisuuksissa. Poronhoidon parissa toimiville tarjotaan koulutusta vuosittain tarpeen ja tilanteen mukaan. Kysy lis\u00e4tietoja ja ehdota koulutuksia porotalousneuvojat &nbsp;<\/p>\n","protected":false},"author":1,"featured_media":0,"parent":0,"menu_order":3,"comment_status":"open","ping_status":"closed","template":"","meta":{"footnotes":""},"class_list":["post-2","page","type-page","status-publish","hentry"],"_links":{"self":[{"href":"https:\/\/paliskunnat.fi\/py\/wp-json\/wp\/v2\/pages\/2","targetHints":{"allow":["GET"]}}],"collection":[{"href":"https:\/\/paliskunnat.fi\/py\/wp-json\/wp\/v2\/pages"}],"about":[{"href":"https:\/\/paliskunnat.fi\/py\/wp-json\/wp\/v2\/types\/page"}],"author":[{"embeddable":true,"href":"https:\/\/paliskunnat.fi\/py\/wp-json\/wp\/v2\/users\/1"}],"replies":[{"embeddable":true,"href":"https:\/\/paliskunnat.fi\/py\/wp-json\/wp\/v2\/comments?post=2"}],"version-history":[{"count":37,"href":"https:\/\/paliskunnat.fi\/py\/wp-json\/wp\/v2\/pages\/2\/revisions"}],"predecessor-version":[{"id":6217,"href":"https:\/\/paliskunnat.fi\/py\/wp-json\/wp\/v2\/pages\/2\/revisions\/6217"}],"wp:attachment":[{"href":"https:\/\/paliskunnat.fi\/py\/wp-json\/wp\/v2\/media?parent=2"}],"curies":[{"name":"wp","href":"https:\/\/api.w.org\/{rel}","templated":true}]}}