{"id":220,"date":"2014-08-27T14:54:36","date_gmt":"2014-08-27T11:54:36","guid":{"rendered":"http:\/\/80.69.171.23\/py\/?page_id=220"},"modified":"2017-03-25T23:38:54","modified_gmt":"2017-03-25T21:38:54","slug":"toiminta-ajatus","status":"publish","type":"page","link":"https:\/\/paliskunnat.fi\/py\/organisaatio\/paliskuntain-yhdistys\/toiminta-ajatus\/","title":{"rendered":"Toiminta-ajatus"},"content":{"rendered":"<h2>Toiminta-ajatus<\/h2>\n<p>Paliskuntain yhdistys on monipuolisen ja korkeatasoisen osaamisen asiantuntijaorganisaatio. Se toimii porotalouden kehitt\u00e4misen edell\u00e4k\u00e4vij\u00e4n\u00e4 ja aktiivisena vaikuttajana sek\u00e4 kotimaassa ett\u00e4 kansainv\u00e4lisesti. Paliskuntain yhdistys\u00a0edist\u00e4\u00e4 eri intressitahojen tehokasta vuorovaikutusta ja hyv\u00e4\u00e4 yhteisty\u00f6t\u00e4. Yhdistys tekee aktiivisesti t\u00f6it\u00e4 poronhoidon taloudellisen ja kulttuurisen elinvoimaisuuden puolesta. Yhdistyksen toimintaa ohjaavat avoimuuden, joustavuuden ja tehokkuuden periaatteet. Henkil\u00f6st\u00f6 on eritt\u00e4in motivoitunutta ja ty\u00f6h\u00f6ns\u00e4 sitoutunutta ja johtaminen hyv\u00e4\u00e4.<\/p>\n<p>Poronhoito hy\u00f6dynt\u00e4\u00e4 pohjoisten alueiden luonnonvaroja aidosti kest\u00e4v\u00e4n kehityksen periaattein, tulevien sukupolvien oikeuksia kunnioittaen. Ekologiset reunaehdot muodostavat poronhoidon taloudellisen, sosiaalisen ja kulttuurisen toiminnan perustat. Lains\u00e4\u00e4d\u00e4nt\u00f6 ja yhteiskunnallinen p\u00e4\u00e4t\u00f6ksenteko asettavat poronhoidon toimintamahdollisuuksille kehykset. Poronhoito on pohjoisen elinkeinoista vanhin ja kest\u00e4vin. Pohjoisen kyliss\u00e4 poronhoidon merkitys kasvaa tulevaisuudessa entisest\u00e4\u00e4n, muun kuten maa- ja mets\u00e4talouden tarjoaman ty\u00f6n jatkuvasti v\u00e4hentyess\u00e4. Poronhoito pit\u00e4\u00e4 Pohjois-Suomen kyl\u00e4t asuttuina ja elinkelpoisina.<\/p>\n<p>Poronliha ja muut porotuotteet ovat vastuullisesti tuotettuja, turvallisia ja korkealaatuisia. Poronhoitoa harjoitetaan el\u00e4imi\u00e4 ja luontoa kunnioittaen. Muun yhteiskunnan ja ihmisten kanssa yll\u00e4pidet\u00e4\u00e4n hyv\u00e4\u00e4 keskusteluyhteytt\u00e4 ja mahdolliset ristiriitatilanteet pyrit\u00e4\u00e4n ratkaisemaan hyv\u00e4ss\u00e4 hengess\u00e4. Toiminnan jatkuva kehitt\u00e4minen tukee kannattavaa ja kilpailukykyist\u00e4 elinkeinotoimintaa.<\/p>\n<p>Elinvoimaiset saamelaiset ja suomalaiset porokulttuurit lukemattomine alueellisine erityispiirteineen, legendoineen, kaskuineen ja persoonineen tuovat mittaamatonta imagohy\u00f6ty\u00e4 koko Suomelle ja erityisesti Pohjois-Suomelle. Pororuokakulttuuri ja poronliha kolmine EU:n nimisuojamerkkeineen toimivat Suomen kansallisen ruokakulttuurin kirkkaimpana k\u00e4rken\u00e4. Poro on monipuolisuudessaan yksi keskeisimmist\u00e4 Pohjois-Suomen matkailun vetovoimatekij\u00f6ist\u00e4.<\/p>\n<p>Poronhoito kantaa osansa yhteiskuntavastuusta my\u00f6s yll\u00e4pit\u00e4m\u00e4ll\u00e4 kansallista kriisiajan huoltovarmuutta. Paliskuntain yhdistys toimii Vapaaehtoisen pelastuspalvelun (VAPEPA) j\u00e4senj\u00e4rjest\u00f6n\u00e4 ja poronhoitajat osallistuvat tarvittaessa paikallisen maastotuntemuksen ammattilaisina erilaisiin pelastustoimiin alueillaan. Poronhoitajat toimivat aktiivisina vaikuttajina paikallisesti ja pit\u00e4v\u00e4t yll\u00e4 turvallisuutta ja yhteis\u00f6llisyytt\u00e4 pohjoisen kyliss\u00e4.<\/p>\n<p>&nbsp;<\/p>\n<p>&nbsp;<\/p>\n","protected":false},"excerpt":{"rendered":"<p>Toiminta-ajatus Paliskuntain yhdistys on monipuolisen ja korkeatasoisen osaamisen asiantuntijaorganisaatio. Se toimii porotalouden kehitt\u00e4misen edell\u00e4k\u00e4vij\u00e4n\u00e4 ja aktiivisena vaikuttajana sek\u00e4 kotimaassa ett\u00e4 kansainv\u00e4lisesti. Paliskuntain yhdistys\u00a0edist\u00e4\u00e4 eri intressitahojen tehokasta vuorovaikutusta ja hyv\u00e4\u00e4 yhteisty\u00f6t\u00e4. Yhdistys tekee aktiivisesti t\u00f6it\u00e4 poronhoidon taloudellisen ja kulttuurisen elinvoimaisuuden puolesta. Yhdistyksen toimintaa ohjaavat avoimuuden, joustavuuden ja tehokkuuden periaatteet. Henkil\u00f6st\u00f6 on eritt\u00e4in motivoitunutta ja ty\u00f6h\u00f6ns\u00e4 sitoutunutta [&hellip;]<\/p>\n","protected":false},"author":1,"featured_media":0,"parent":429,"menu_order":1,"comment_status":"open","ping_status":"closed","template":"","meta":{"footnotes":""},"class_list":["post-220","page","type-page","status-publish","hentry"],"_links":{"self":[{"href":"https:\/\/paliskunnat.fi\/py\/wp-json\/wp\/v2\/pages\/220","targetHints":{"allow":["GET"]}}],"collection":[{"href":"https:\/\/paliskunnat.fi\/py\/wp-json\/wp\/v2\/pages"}],"about":[{"href":"https:\/\/paliskunnat.fi\/py\/wp-json\/wp\/v2\/types\/page"}],"author":[{"embeddable":true,"href":"https:\/\/paliskunnat.fi\/py\/wp-json\/wp\/v2\/users\/1"}],"replies":[{"embeddable":true,"href":"https:\/\/paliskunnat.fi\/py\/wp-json\/wp\/v2\/comments?post=220"}],"version-history":[{"count":16,"href":"https:\/\/paliskunnat.fi\/py\/wp-json\/wp\/v2\/pages\/220\/revisions"}],"predecessor-version":[{"id":5047,"href":"https:\/\/paliskunnat.fi\/py\/wp-json\/wp\/v2\/pages\/220\/revisions\/5047"}],"up":[{"embeddable":true,"href":"https:\/\/paliskunnat.fi\/py\/wp-json\/wp\/v2\/pages\/429"}],"wp:attachment":[{"href":"https:\/\/paliskunnat.fi\/py\/wp-json\/wp\/v2\/media?parent=220"}],"curies":[{"name":"wp","href":"https:\/\/api.w.org\/{rel}","templated":true}]}}