{"id":223,"date":"2014-08-27T15:00:11","date_gmt":"2014-08-27T12:00:11","guid":{"rendered":"http:\/\/80.69.171.23\/py\/?page_id=223"},"modified":"2024-01-04T15:13:56","modified_gmt":"2024-01-04T13:13:56","slug":"hallitus","status":"publish","type":"page","link":"https:\/\/paliskunnat.fi\/py\/organisaatio\/paliskuntain-yhdistys\/hallitus\/","title":{"rendered":"Hallitus"},"content":{"rendered":"<h2>Paliskuntain yhdistyksen hallitus<\/h2>\n<p>Paliskuntain yhdistyksen hallitus valitaan edustajakokouksessa kolmivuotiskaudeksi kerrallaan. Hallituksessa on edustajakokouksen valitsema puheenjohtaja ja varapuheenjohtaja sek\u00e4 kaksitoista poronhoitoalueen merkkipiirej\u00e4 edustavaa j\u00e4sent\u00e4. Lis\u00e4ksi maa- ja mets\u00e4talousministeri\u00f6 nimitt\u00e4\u00e4 hallitukseen valtion edustajan ja Saamelaisk\u00e4r\u00e4j\u00e4t nime\u00e4\u00e4 hallitukseen edustajansa.<\/p>\n<h3>Hallituksen kokoonpano kaudella 2024\u20132026<\/h3>\n<table style=\"height: 575px; width: 100%; background-color: #ffffff; padding: 20px;\" width=\"640\">\n<tbody>\n<tr style=\"height: 66px;\">\n<td style=\"width: 32.1767%; height: 66px;\">Matti Riipi<\/td>\n<td style=\"width: 29.7814%; height: 66px;\">Hallituksen<br \/>\npuheenjohtaja<\/td>\n<td style=\"width: 27.0346%; height: 66px;\" width=\"138\">040 706 6832<\/td>\n<\/tr>\n<tr style=\"height: 32px;\">\n<td style=\"width: 32.1767%; height: 32px;\" width=\"148\">\u00c4\u00e4rel\u00e4 Antti<\/td>\n<td style=\"width: 29.7814%; height: 32px;\">Hallituksen varapuheenjohtaja<\/td>\n<td style=\"width: 27.0346%; height: 32px;\" width=\"226\">040 031 8711<\/td>\n<\/tr>\n<tr style=\"height: 32px;\">\n<td style=\"width: 32.1767%; height: 32px;\">Ker\u00e4nen Ensio<\/td>\n<td style=\"width: 29.7814%; height: 32px;\">J\u00e4sen<\/td>\n<td style=\"width: 27.0346%; height: 32px;\">040 028 4002<\/td>\n<\/tr>\n<tr style=\"height: 37px;\">\n<td style=\"width: 32.1767%; height: 37px;\" width=\"148\">Hannula Jari<\/td>\n<td style=\"width: 29.7814%; height: 37px;\">J\u00e4sen<\/td>\n<td style=\"width: 27.0346%; height: 37px;\" width=\"138\">040 742 0291<\/td>\n<\/tr>\n<tr style=\"height: 35px;\">\n<td style=\"width: 32.1767%; height: 35px;\" width=\"148\">Hirvonen Seppo<\/td>\n<td style=\"width: 29.7814%; height: 35px;\">J\u00e4sen<\/td>\n<td style=\"width: 27.0346%; height: 35px;\" width=\"138\">040 585 3663<\/td>\n<\/tr>\n<tr style=\"height: 35px;\">\n<td style=\"width: 32.1767%; height: 35px;\" width=\"148\">Holster Matti<\/td>\n<td style=\"width: 29.7814%; height: 35px;\">J\u00e4sen<\/td>\n<td style=\"width: 27.0346%; height: 35px;\" width=\"138\">040 732 8773<\/td>\n<\/tr>\n<tr style=\"height: 36px;\">\n<td style=\"width: 32.1767%; height: 36px;\" width=\"148\">Koskela Antti I.<\/td>\n<td style=\"width: 29.7814%; height: 36px;\">J\u00e4sen<\/td>\n<td style=\"width: 27.0346%; height: 36px;\" width=\"138\">040 846 8321<\/td>\n<\/tr>\n<tr style=\"height: 37px;\">\n<td style=\"width: 32.1767%; height: 37px;\" width=\"148\">Kustula Niko<\/td>\n<td style=\"width: 29.7814%; height: 37px;\">J\u00e4sen<\/td>\n<td style=\"width: 27.0346%; height: 37px;\" width=\"138\">040 844 6247<\/td>\n<\/tr>\n<tr style=\"height: 34px;\">\n<td style=\"width: 32.1767%; height: 34px;\" width=\"148\">Kutuniva Ilkka<\/td>\n<td style=\"width: 29.7814%; height: 34px;\">J\u00e4sen<\/td>\n<td style=\"width: 27.0346%; height: 34px;\" width=\"138\">040 963 9407<\/td>\n<\/tr>\n<tr style=\"height: 37px;\">\n<td style=\"width: 32.1767%; height: 37px;\" width=\"148\">K\u00e4sm\u00e4 Mika<\/td>\n<td style=\"width: 29.7814%; height: 37px;\">J\u00e4sen<\/td>\n<td style=\"width: 27.0346%; height: 37px;\" width=\"138\">040 017 3980<\/td>\n<\/tr>\n<tr style=\"height: 32px;\">\n<td style=\"width: 32.1767%; height: 32px;\" width=\"148\">Mustonen Janne<\/td>\n<td style=\"width: 29.7814%; height: 32px;\">J\u00e4sen<\/td>\n<td style=\"width: 27.0346%; height: 32px;\" width=\"138\">040 127 8990<\/td>\n<\/tr>\n<tr style=\"height: 31px;\">\n<td style=\"width: 32.1767%; height: 31px;\" width=\"148\">Oinas Pasi<\/td>\n<td style=\"width: 29.7814%; height: 31px;\">J\u00e4sen<\/td>\n<td style=\"width: 27.0346%; height: 31px;\" width=\"138\">040 963 5543<\/td>\n<\/tr>\n<tr style=\"height: 32px;\">\n<td style=\"width: 32.1767%; height: 32px;\" width=\"148\">Pirttil\u00e4 Ensio<\/td>\n<td style=\"width: 29.7814%; height: 32px;\">J\u00e4sen<\/td>\n<td style=\"width: 27.0346%; height: 32px;\" width=\"138\">0400 128 505<\/td>\n<\/tr>\n<tr style=\"height: 37px;\">\n<td style=\"width: 32.1767%; height: 37px;\" width=\"148\">V\u00e4is\u00e4nen Urho<\/td>\n<td style=\"width: 29.7814%; height: 37px;\">J\u00e4sen<\/td>\n<td style=\"width: 27.0346%; height: 37px;\" width=\"138\">040 569 6592<\/td>\n<\/tr>\n<tr style=\"height: 32px;\">\n<td style=\"width: 32.1767%; height: 32px;\"><\/td>\n<td style=\"width: 29.7814%; height: 32px;\">Saamelaisk\u00e4r\u00e4jien edustaja<\/td>\n<td style=\"width: 27.0346%; height: 32px;\"><\/td>\n<\/tr>\n<tr style=\"height: 30px;\">\n<td style=\"width: 32.1767%; height: 30px;\">Katja Holmala<\/td>\n<td style=\"width: 29.7814%; height: 30px;\">Valtion edustaja<\/td>\n<td style=\"width: 27.0346%; height: 30px;\">029 5327206<\/td>\n<\/tr>\n<\/tbody>\n<\/table>\n<p>&nbsp;<\/p>\n<h2><\/h2>\n<p>&nbsp;<\/p>\n","protected":false},"excerpt":{"rendered":"<p>Paliskuntain yhdistyksen hallitus Paliskuntain yhdistyksen hallitus valitaan edustajakokouksessa kolmivuotiskaudeksi kerrallaan. Hallituksessa on edustajakokouksen valitsema puheenjohtaja ja varapuheenjohtaja sek\u00e4 kaksitoista poronhoitoalueen merkkipiirej\u00e4 edustavaa j\u00e4sent\u00e4. Lis\u00e4ksi maa- ja mets\u00e4talousministeri\u00f6 nimitt\u00e4\u00e4 hallitukseen valtion edustajan ja Saamelaisk\u00e4r\u00e4j\u00e4t nime\u00e4\u00e4 hallitukseen edustajansa. Hallituksen kokoonpano kaudella 2024\u20132026 Matti Riipi Hallituksen puheenjohtaja 040 706 6832 \u00c4\u00e4rel\u00e4 Antti Hallituksen varapuheenjohtaja 040 031 8711 Ker\u00e4nen [&hellip;]<\/p>\n","protected":false},"author":1,"featured_media":0,"parent":429,"menu_order":0,"comment_status":"open","ping_status":"closed","template":"poromieslehti.php","meta":{"footnotes":""},"class_list":["post-223","page","type-page","status-publish","hentry"],"_links":{"self":[{"href":"https:\/\/paliskunnat.fi\/py\/wp-json\/wp\/v2\/pages\/223","targetHints":{"allow":["GET"]}}],"collection":[{"href":"https:\/\/paliskunnat.fi\/py\/wp-json\/wp\/v2\/pages"}],"about":[{"href":"https:\/\/paliskunnat.fi\/py\/wp-json\/wp\/v2\/types\/page"}],"author":[{"embeddable":true,"href":"https:\/\/paliskunnat.fi\/py\/wp-json\/wp\/v2\/users\/1"}],"replies":[{"embeddable":true,"href":"https:\/\/paliskunnat.fi\/py\/wp-json\/wp\/v2\/comments?post=223"}],"version-history":[{"count":88,"href":"https:\/\/paliskunnat.fi\/py\/wp-json\/wp\/v2\/pages\/223\/revisions"}],"predecessor-version":[{"id":8014,"href":"https:\/\/paliskunnat.fi\/py\/wp-json\/wp\/v2\/pages\/223\/revisions\/8014"}],"up":[{"embeddable":true,"href":"https:\/\/paliskunnat.fi\/py\/wp-json\/wp\/v2\/pages\/429"}],"wp:attachment":[{"href":"https:\/\/paliskunnat.fi\/py\/wp-json\/wp\/v2\/media?parent=223"}],"curies":[{"name":"wp","href":"https:\/\/api.w.org\/{rel}","templated":true}]}}