{"id":2247,"date":"2015-01-09T21:20:03","date_gmt":"2015-01-09T19:20:03","guid":{"rendered":"http:\/\/80.69.171.23\/py\/?page_id=2247"},"modified":"2020-11-10T14:10:58","modified_gmt":"2020-11-10T12:10:58","slug":"yleisesitteet","status":"publish","type":"page","link":"https:\/\/paliskunnat.fi\/py\/materiaalit\/esitteet-ja-oppaat\/yleisesitteet\/","title":{"rendered":"Yleisesitteet"},"content":{"rendered":"<h2>Yleisesitteet<\/h2>\n<h3>Poro-esite (suomi, englanti ja ven\u00e4j\u00e4)<br \/>\n<a href=\"https:\/\/paliskunnat.fi\/py\/wp-content\/uploads\/2015\/01\/poroesite_kansi.jpg\" rel=\"lightbox[2247]\"><br \/>\n<\/a><a href=\"https:\/\/paliskunnat.fi\/py\/wp-content\/uploads\/2015\/01\/poroesite_kansi.jpg\" rel=\"rel=&quot;nobox&quot;\" rel=\"lightbox[2247]\"><img loading=\"lazy\" decoding=\"async\" class=\"alignnone wp-image-3159 size-full\" src=\"https:\/\/paliskunnat.fi\/py\/wp-content\/uploads\/2015\/01\/poroesite_kansi.jpg\" alt=\"poroesite_kansi\" width=\"108\" height=\"150\" \/><br \/>\n<\/a>Suomi &#8211; p\u00e4ivitetty 2020 (<a href=\"https:\/\/paliskunnat.fi\/py\/wp-content\/uploads\/2020\/09\/Poroesite_2020.pdf\">PDF<\/a> 3989 kt)<\/h3>\n<p>English &#8211; updated 2020 (<a href=\"https:\/\/paliskunnat.fi\/py\/wp-content\/uploads\/2020\/09\/Reindeer_2020.pdf\">PDF<\/a> 3842 kt)<\/p>\n<p>Russian &#8211; old (<a href=\"https:\/\/paliskunnat.fi\/py\/wp-content\/uploads\/2014\/12\/reindeer_russian_web.pdf\">PDF<\/a> 2647 kt)<\/p>\n<p>Reno folleto en espa\u00f1ol 2020 (<a href=\"https:\/\/paliskunnat.fi\/ohjeet_oppaat\/Reno-folleto-finlandia-2020.pdf\">PDF<\/a> 3744 kt)<\/p>\n<h3>Poro liikenteess\u00e4 -esite<\/h3>\n<p>Suomi (<a href=\"https:\/\/paliskunnat.fi\/py\/wp-content\/uploads\/2014\/12\/poro_liikenteessa.pdf\">PDF<\/a> 1822 kt)<\/p>\n<p>&nbsp;<\/p>\n<p>&nbsp;<\/p>\n","protected":false},"excerpt":{"rendered":"<p>Yleisesitteet Poro-esite (suomi, englanti ja ven\u00e4j\u00e4) Suomi &#8211; p\u00e4ivitetty 2020 (PDF 3989 kt) English &#8211; updated 2020 (PDF 3842 kt) Russian &#8211; old (PDF 2647 kt) Reno folleto en espa\u00f1ol 2020 (PDF 3744 kt) Poro liikenteess\u00e4 -esite Suomi (PDF 1822 kt) &nbsp; &nbsp;<\/p>\n","protected":false},"author":1,"featured_media":0,"parent":1109,"menu_order":0,"comment_status":"open","ping_status":"closed","template":"","meta":{"footnotes":""},"class_list":["post-2247","page","type-page","status-publish","hentry"],"_links":{"self":[{"href":"https:\/\/paliskunnat.fi\/py\/wp-json\/wp\/v2\/pages\/2247","targetHints":{"allow":["GET"]}}],"collection":[{"href":"https:\/\/paliskunnat.fi\/py\/wp-json\/wp\/v2\/pages"}],"about":[{"href":"https:\/\/paliskunnat.fi\/py\/wp-json\/wp\/v2\/types\/page"}],"author":[{"embeddable":true,"href":"https:\/\/paliskunnat.fi\/py\/wp-json\/wp\/v2\/users\/1"}],"replies":[{"embeddable":true,"href":"https:\/\/paliskunnat.fi\/py\/wp-json\/wp\/v2\/comments?post=2247"}],"version-history":[{"count":33,"href":"https:\/\/paliskunnat.fi\/py\/wp-json\/wp\/v2\/pages\/2247\/revisions"}],"predecessor-version":[{"id":6722,"href":"https:\/\/paliskunnat.fi\/py\/wp-json\/wp\/v2\/pages\/2247\/revisions\/6722"}],"up":[{"embeddable":true,"href":"https:\/\/paliskunnat.fi\/py\/wp-json\/wp\/v2\/pages\/1109"}],"wp:attachment":[{"href":"https:\/\/paliskunnat.fi\/py\/wp-json\/wp\/v2\/media?parent=2247"}],"curies":[{"name":"wp","href":"https:\/\/api.w.org\/{rel}","templated":true}]}}