{"id":2262,"date":"2015-01-09T21:30:56","date_gmt":"2015-01-09T19:30:56","guid":{"rendered":"http:\/\/80.69.171.23\/py\/?page_id=2262"},"modified":"2024-01-04T13:09:00","modified_gmt":"2024-01-04T11:09:00","slug":"maankayttooppaat","status":"publish","type":"page","link":"https:\/\/paliskunnat.fi\/py\/materiaalit\/esitteet-ja-oppaat\/maankayttooppaat\/","title":{"rendered":"Oppaat maank\u00e4ytt\u00f6\u00f6n"},"content":{"rendered":"<h2>Oppaat maank\u00e4ytt\u00f6\u00f6n<\/h2>\n<p>Opas poronhoidon huomiointiin maank\u00e4ytt\u00f6hankkeissa:<br \/>\n<a href=\"http:\/\/www.paliskunnat.fi\/poroyva\/\">Poro YVA<\/a> (suomi, englanti ja ven\u00e4j\u00e4)<\/p>\n<p>Suomi\u00a0(<a href=\"http:\/\/paliskunnat.fi\/py\/wp-content\/uploads\/2015\/03\/PoroYVA_2014_FI_web.pdf\">PDF<\/a> 2117 kt)<\/p>\n<p>English\u00a0(<a href=\"http:\/\/paliskunnat.fi\/py\/wp-content\/uploads\/2015\/03\/PoroYVA_2014_EN_web.pdf\">PDF<\/a>\u00a01487 kt)<\/p>\n<p>Russian\u00a0(<a href=\"http:\/\/paliskunnat.fi\/py\/wp-content\/uploads\/2015\/03\/PoroYVA_RU_web.pdf\">PDF<\/a> 2258 kt)<\/p>\n<h3>Poro ja maatalous<\/h3>\n<p>Sanna Hast: Poronhoito ja maatalous (<a href=\"https:\/\/paliskunnat.fi\/py\/wp-content\/uploads\/2018\/03\/Poronhoito_ja_maatalous.pdf\">PDF<\/a>\u00a01953 kt)<\/p>\n<h3>Poro ja mets\u00e4talous<\/h3>\n<p><a href=\"https:\/\/paliskunnat.fi\/ohjeet_oppaat\/Poro_ja_poronhoito_talousmetsissa_2008.pdf\">Poro ja poronhoito talousmetsiss\u00e4 2008<\/a><\/p>\n<p><a href=\"https:\/\/paliskunnat.fi\/ohjeet_oppaat\/Poro_ja_poronhoito_talousmetsissa_2018.pdf\">Poro ja poronhoito talousmetsiss\u00e4 2018<\/a><\/p>\n<h3>Kaivannaisteollisuus<\/h3>\n<p><a href=\"http:\/\/www.ulapland.fi\/loader.aspx?id=22dfba05-2a51-438f-a9db-c465e14dbbdc\">Hyv\u00e4 kaivos pohjoisessa<\/a>\u00a0-opaskirja ymp\u00e4rist\u00f6s\u00e4\u00e4ntelyyn ja sosiaalista kest\u00e4vyytt\u00e4 tukeviin parhaisiin k\u00e4yt\u00e4nt\u00f6ihin (Lapin yliopisto 2013).<\/p>\n<p><a href=\"https:\/\/tem.fi\/documents\/1410877\/2851374\/Malminetsint%C3%A4+suojelualueilla+sek%C3%A4+saamelaisten+kotiseutualueella+ja+poronhoitoalueella.pdf\/f113c499-0de1-43fa-9ce0-9a131a491bd4\/Malminetsint%C3%A4+suojelualueilla+sek%C3%A4+saamelaisten+kotiseutualueella+ja+poronhoitoalueella.pdf\">Malminetsint\u00e4 suojelualueilla sek\u00e4 saamelaisten kotiseutualueella ja poronhoitoalueella<\/a> \u00a0(Ty\u00f6- ja elinkeinoministeri\u00f6)<\/p>\n<p>&nbsp;<\/p>\n<p>&nbsp;<\/p>\n<p>&nbsp;<\/p>\n","protected":false},"excerpt":{"rendered":"<p>Oppaat maank\u00e4ytt\u00f6\u00f6n Opas poronhoidon huomiointiin maank\u00e4ytt\u00f6hankkeissa: Poro YVA (suomi, englanti ja ven\u00e4j\u00e4) Suomi\u00a0(PDF 2117 kt) English\u00a0(PDF\u00a01487 kt) Russian\u00a0(PDF 2258 kt) Poro ja maatalous Sanna Hast: Poronhoito ja maatalous (PDF\u00a01953 kt) Poro ja mets\u00e4talous Poro ja poronhoito talousmetsiss\u00e4 2008 Poro ja poronhoito talousmetsiss\u00e4 2018 Kaivannaisteollisuus Hyv\u00e4 kaivos pohjoisessa\u00a0-opaskirja ymp\u00e4rist\u00f6s\u00e4\u00e4ntelyyn ja sosiaalista kest\u00e4vyytt\u00e4 tukeviin parhaisiin k\u00e4yt\u00e4nt\u00f6ihin (Lapin [&hellip;]<\/p>\n","protected":false},"author":1,"featured_media":0,"parent":1109,"menu_order":3,"comment_status":"open","ping_status":"closed","template":"","meta":{"footnotes":""},"class_list":["post-2262","page","type-page","status-publish","hentry"],"_links":{"self":[{"href":"https:\/\/paliskunnat.fi\/py\/wp-json\/wp\/v2\/pages\/2262","targetHints":{"allow":["GET"]}}],"collection":[{"href":"https:\/\/paliskunnat.fi\/py\/wp-json\/wp\/v2\/pages"}],"about":[{"href":"https:\/\/paliskunnat.fi\/py\/wp-json\/wp\/v2\/types\/page"}],"author":[{"embeddable":true,"href":"https:\/\/paliskunnat.fi\/py\/wp-json\/wp\/v2\/users\/1"}],"replies":[{"embeddable":true,"href":"https:\/\/paliskunnat.fi\/py\/wp-json\/wp\/v2\/comments?post=2262"}],"version-history":[{"count":23,"href":"https:\/\/paliskunnat.fi\/py\/wp-json\/wp\/v2\/pages\/2262\/revisions"}],"predecessor-version":[{"id":8003,"href":"https:\/\/paliskunnat.fi\/py\/wp-json\/wp\/v2\/pages\/2262\/revisions\/8003"}],"up":[{"embeddable":true,"href":"https:\/\/paliskunnat.fi\/py\/wp-json\/wp\/v2\/pages\/1109"}],"wp:attachment":[{"href":"https:\/\/paliskunnat.fi\/py\/wp-json\/wp\/v2\/media?parent=2262"}],"curies":[{"name":"wp","href":"https:\/\/api.w.org\/{rel}","templated":true}]}}