{"id":237,"date":"2014-08-27T15:49:29","date_gmt":"2014-08-27T12:49:29","guid":{"rendered":"http:\/\/80.69.171.23\/py\/?page_id=237"},"modified":"2026-04-19T19:06:27","modified_gmt":"2026-04-19T16:06:27","slug":"poroparlamentti","status":"publish","type":"page","link":"https:\/\/paliskunnat.fi\/py\/organisaatio\/poroparlamentti\/","title":{"rendered":"Poroparlamentti"},"content":{"rendered":"<h2>Poroparlamentti<\/h2>\n<p>Poroparlamentti on Paliskuntain yhdistyksen vuosittainen edustajakokous. Kokouksessa k\u00e4ytt\u00e4v\u00e4t p\u00e4\u00e4t\u00f6svaltaansa paliskunnat, porois\u00e4nt\u00e4ns\u00e4 edustamana, paliskuntien porolukujen mukaisessa suhteessa.<\/p>\n\n\t\t<style type=\"text\/css\">\n\t\t\t#gallery-1 {\n\t\t\t\tmargin: auto;\n\t\t\t}\n\t\t\t#gallery-1 .gallery-item {\n\t\t\t\tfloat: left;\n\t\t\t\tmargin-top: 10px;\n\t\t\t\ttext-align: center;\n\t\t\t\twidth: 33%;\n\t\t\t}\n\t\t\t#gallery-1 img {\n\t\t\t\tborder: 2px solid #cfcfcf;\n\t\t\t}\n\t\t\t#gallery-1 .gallery-caption {\n\t\t\t\tmargin-left: 0;\n\t\t\t}\n\t\t\t\/* see gallery_shortcode() in wp-includes\/media.php *\/\n\t\t<\/style>\n\t\t<div id='gallery-1' class='gallery galleryid-237 gallery-columns-3 gallery-size-thumbnail'><dl class='gallery-item'>\n\t\t\t<dt class='gallery-icon landscape'>\n\t\t\t\t<a href='https:\/\/paliskunnat.fi\/py\/wp-content\/uploads\/2014\/08\/kuva05a.jpg' rel=\"lightbox[237]\"><img loading=\"lazy\" decoding=\"async\" width=\"150\" height=\"150\" src=\"https:\/\/paliskunnat.fi\/py\/wp-content\/uploads\/2014\/08\/kuva05a-150x150.jpg\" class=\"attachment-thumbnail size-thumbnail\" alt=\"Poroparlamentin osallistujia 2013.\" \/><\/a>\n\t\t\t<\/dt><\/dl><dl class='gallery-item'>\n\t\t\t<dt class='gallery-icon landscape'>\n\t\t\t\t<a href='https:\/\/paliskunnat.fi\/py\/wp-content\/uploads\/2014\/08\/kuva01a.jpg' rel=\"lightbox[237]\"><img loading=\"lazy\" decoding=\"async\" width=\"150\" height=\"150\" src=\"https:\/\/paliskunnat.fi\/py\/wp-content\/uploads\/2014\/08\/kuva01a-150x150.jpg\" class=\"attachment-thumbnail size-thumbnail\" alt=\"Jukka Knuuti, Jari Koskinen, Anne Ollila, Pirkko Saarela ja Timo Tolvi poroparlamentissa 2013. Kuva: Aarre Jortikka.\" \/><\/a>\n\t\t\t<\/dt><\/dl><dl class='gallery-item'>\n\t\t\t<dt class='gallery-icon portrait'>\n\t\t\t\t<a href='https:\/\/paliskunnat.fi\/py\/wp-content\/uploads\/2014\/08\/kuva06a.jpg' rel=\"lightbox[237]\"><img loading=\"lazy\" decoding=\"async\" width=\"150\" height=\"150\" src=\"https:\/\/paliskunnat.fi\/py\/wp-content\/uploads\/2014\/08\/kuva06a-150x150.jpg\" class=\"attachment-thumbnail size-thumbnail\" alt=\"Heikki Autto puhumassa parlamentissa 2013.\" \/><\/a>\n\t\t\t<\/dt><\/dl><br style=\"clear: both\" \/><dl class='gallery-item'>\n\t\t\t<dt class='gallery-icon landscape'>\n\t\t\t\t<a href='https:\/\/paliskunnat.fi\/py\/wp-content\/uploads\/2014\/08\/P1110642.jpg' rel=\"lightbox[237]\"><img loading=\"lazy\" decoding=\"async\" width=\"150\" height=\"150\" src=\"https:\/\/paliskunnat.fi\/py\/wp-content\/uploads\/2014\/08\/P1110642-150x150.jpg\" class=\"attachment-thumbnail size-thumbnail\" alt=\"Poroparlamentin tauolla 2012.\" \/><\/a>\n\t\t\t<\/dt><\/dl><dl class='gallery-item'>\n\t\t\t<dt class='gallery-icon landscape'>\n\t\t\t\t<a href='https:\/\/paliskunnat.fi\/py\/wp-content\/uploads\/2014\/08\/kuva1a.jpg' rel=\"lightbox[237]\"><img loading=\"lazy\" decoding=\"async\" width=\"150\" height=\"150\" src=\"https:\/\/paliskunnat.fi\/py\/wp-content\/uploads\/2014\/08\/kuva1a-150x150.jpg\" class=\"attachment-thumbnail size-thumbnail\" alt=\"Ansiomerkit on jaettu\" \/><\/a>\n\t\t\t<\/dt><\/dl><dl class='gallery-item'>\n\t\t\t<dt class='gallery-icon landscape'>\n\t\t\t\t<a href='https:\/\/paliskunnat.fi\/py\/wp-content\/uploads\/2014\/08\/kuva3a.jpg' rel=\"lightbox[237]\"><img loading=\"lazy\" decoding=\"async\" width=\"150\" height=\"150\" src=\"https:\/\/paliskunnat.fi\/py\/wp-content\/uploads\/2014\/08\/kuva3a-150x150.jpg\" class=\"attachment-thumbnail size-thumbnail\" alt=\"Porois\u00e4nn\u00e4t poroparlamentissa.\" \/><\/a>\n\t\t\t<\/dt><\/dl><br style=\"clear: both\" \/>\n\t\t<\/div>\n\n<p>&nbsp;<\/p>\n<p>Ensimm\u00e4inen Poroparlamentti j\u00e4rjestettiin vuonna 1948. Nyky\u00e4\u00e4n Poroparlamentti on kaksip\u00e4iv\u00e4inen porov\u00e4en vuoden ykk\u00f6stapahtuma. Sen ajankohta on\u00a0perinteisesti\u00a0kes\u00e4kuun ensimm\u00e4inen maanantai ja tiistai. Pitopaikaksi on vakiintunut Rovaniemi. Poroparlamentti kokoaa yhteen noin 350\u2013450 osallistujaa. Osallistujat ovat niin poronhoidon ammattilaisia kuin valtionhallinnon organisaatioiden edustajia, tutkijoita, politiikkoja ja muita poronhoidosta kiinnostuneita.<\/p>\n<p>Ensimm\u00e4isen\u00e4 kokousp\u00e4iv\u00e4n\u00e4 poroparlamentissa kuullaan valtionhallinnon terveisi\u00e4 ja asiantuntijaluentoja, joiden teemana on poronhoidossa kulloinkin ajankohtainen asiakokonaisuus. Parlamenttipuheet julkaistaan Poromies-lehdess\u00e4. Toisena kokousp\u00e4iv\u00e4n\u00e4 k\u00e4sitell\u00e4\u00e4n yhdistyksen vuosikertomus, tilit sek\u00e4 talous- ja toimintasuunnitelmat.<\/p>\n<h3>Poroparlamenttiteemat:<\/h3>\n<p>2026\u00a0 \u00a0 \u00a0 \u00a0 \u00a0 \u00a0 \u00a0 Tulevaisuus<\/p>\n<p>2025\u00a0 \u00a0 \u00a0 \u00a0 \u00a0 \u00a0 \u00a0 Kannattavuus ja yritt\u00e4jyys poronhoidossa<\/p>\n<p>2024\u00a0 \u00a0 \u00a0 \u00a0 \u00a0 \u00a0 \u00a0 Pedot<\/p>\n<p>2023\u00a0 \u00a0 \u00a0 \u00a0 \u00a0 \u00a0 \u00a0 El\u00e4inten hyvinvointi<\/p>\n<p>2022\u00a0 \u00a0 \u00a0 \u00a0 \u00a0 \u00a0 \u00a0 Maank\u00e4ytt\u00f6 ja mets\u00e4t<\/p>\n<p>2021\u00a0 \u00a0 \u00a0 \u00a0 \u00a0 \u00a0 \u00a0 &#8212;<\/p>\n<p>2020\u00a0 \u00a0 \u00a0 \u00a0 \u00a0 \u00a0 \u00a0&#8212;<\/p>\n<p>2019\u00a0 \u00a0 \u00a0 \u00a0 \u00a0 \u00a0 \u00a0 Porolaidunten tila<\/p>\n<p>2018\u00a0 \u00a0 \u00a0 \u00a0 \u00a0 \u00a0 \u00a0 70-vuotisjuhla<\/p>\n<p>2017\u00a0 \u00a0 \u00a0 \u00a0 \u00a0 \u00a0 \u00a0 Poronliha ja poro matkailun vetovoimatekij\u00e4n\u00e4<\/p>\n<p>2016 \u00a0 \u00a0 \u00a0 \u00a0 \u00a0 \u00a0 \u00a0Uusinta uutta porosta<\/p>\n<p>2015 \u00a0 \u00a0 \u00a0 \u00a0 \u00a0 \u00a0 \u00a0Yhteis\u00f6llisyys<\/p>\n<p>2014 \u00a0\u00a0\u00a0\u00a0\u00a0\u00a0\u00a0\u00a0\u00a0\u00a0\u00a0\u00a0 Mahdollisuudet ja tulevaisuus<\/p>\n<p>2013 \u00a0\u00a0\u00a0\u00a0\u00a0\u00a0\u00a0\u00a0\u00a0\u00a0\u00a0\u00a0 Maank\u00e4ytt\u00f6<\/p>\n<p>2012 \u00a0\u00a0\u00a0\u00a0\u00a0\u00a0\u00a0\u00a0\u00a0\u00a0\u00a0\u00a0 Hyvinvointi<\/p>\n<p>2011\u00a0 \u00a0 \u00a0 \u00a0 \u00a0 \u00a0 \u00a0 \u00a0Media<\/p>\n<p>2010\u00a0 \u00a0 \u00a0 \u00a0 \u00a0 \u00a0 \u00a0 Pedot<\/p>\n<p>2009\u00a0\u00a0\u00a0\u00a0\u00a0\u00a0\u00a0\u00a0\u00a0\u00a0\u00a0\u00a0\u00a0 Ilmastonmuutos<\/p>\n<p>2008\u00a0\u00a0\u00a0\u00a0\u00a0\u00a0\u00a0\u00a0\u00a0\u00a0\u00a0\u00a0\u00a0 60-vuotisjuhla<\/p>\n<p>2007 \u00a0\u00a0\u00a0\u00a0\u00a0\u00a0\u00a0\u00a0\u00a0\u00a0\u00a0\u00a0 Poronliha<\/p>\n<p>2006 \u00a0\u00a0\u00a0\u00a0\u00a0\u00a0\u00a0\u00a0\u00a0\u00a0\u00a0\u00a0 Yleiskatsaus<\/p>\n<p>2005 \u00a0\u00a0\u00a0\u00a0\u00a0\u00a0\u00a0\u00a0\u00a0\u00a0\u00a0\u00a0 Kannattavuus<\/p>\n<p>2004\u00a0\u00a0\u00a0\u00a0\u00a0\u00a0\u00a0\u00a0\u00a0\u00a0\u00a0\u00a0\u00a0 Kannattavuus<\/p>\n<p>2003 \u00a0\u00a0\u00a0\u00a0\u00a0\u00a0\u00a0\u00a0\u00a0\u00a0\u00a0\u00a0 Tulevaisuusfoorumi<\/p>\n<p>&nbsp;<\/p>\n","protected":false},"excerpt":{"rendered":"<p>Poroparlamentti on Paliskuntain yhdistyksen vuosittainen edustajakokous.<\/p>\n","protected":false},"author":1,"featured_media":0,"parent":4,"menu_order":7,"comment_status":"open","ping_status":"closed","template":"","meta":{"footnotes":""},"class_list":["post-237","page","type-page","status-publish","hentry"],"_links":{"self":[{"href":"https:\/\/paliskunnat.fi\/py\/wp-json\/wp\/v2\/pages\/237","targetHints":{"allow":["GET"]}}],"collection":[{"href":"https:\/\/paliskunnat.fi\/py\/wp-json\/wp\/v2\/pages"}],"about":[{"href":"https:\/\/paliskunnat.fi\/py\/wp-json\/wp\/v2\/types\/page"}],"author":[{"embeddable":true,"href":"https:\/\/paliskunnat.fi\/py\/wp-json\/wp\/v2\/users\/1"}],"replies":[{"embeddable":true,"href":"https:\/\/paliskunnat.fi\/py\/wp-json\/wp\/v2\/comments?post=237"}],"version-history":[{"count":51,"href":"https:\/\/paliskunnat.fi\/py\/wp-json\/wp\/v2\/pages\/237\/revisions"}],"predecessor-version":[{"id":8832,"href":"https:\/\/paliskunnat.fi\/py\/wp-json\/wp\/v2\/pages\/237\/revisions\/8832"}],"up":[{"embeddable":true,"href":"https:\/\/paliskunnat.fi\/py\/wp-json\/wp\/v2\/pages\/4"}],"wp:attachment":[{"href":"https:\/\/paliskunnat.fi\/py\/wp-json\/wp\/v2\/media?parent=237"}],"curies":[{"name":"wp","href":"https:\/\/api.w.org\/{rel}","templated":true}]}}