{"id":280,"date":"2014-08-29T11:33:10","date_gmt":"2014-08-29T08:33:10","guid":{"rendered":"http:\/\/80.69.171.23\/py\/?page_id=280"},"modified":"2026-03-20T11:05:19","modified_gmt":"2026-03-20T09:05:19","slug":"yhteystiedot","status":"publish","type":"page","link":"https:\/\/paliskunnat.fi\/py\/organisaatio\/yhteystiedot\/","title":{"rendered":"Yhteystiedot"},"content":{"rendered":"<h2>Paliskuntain yhdistyksen yhteystiedot<\/h2>\n\n<table id=\"tablepress-2\" class=\"tablepress tablepress-id-2\">\n<tbody>\n<tr class=\"row-1\">\n\t<td class=\"column-1\"><h3>Postiosoite:<\/h3><br \/>\nPaliskuntain yhdistys<br \/>\nPL 8168<br \/>\n96101 Rovaniemi<br \/>\n<\/td><td class=\"column-2\"><h3>K\u00e4yntiosoite:<\/h3><br \/>\nKoskikatu 33 A<br \/>\n96100 Rovaniemi<\/td>\n<\/tr>\n<\/tbody>\n<\/table>\n<!-- #tablepress-2 from cache -->\n<p><iframe loading=\"lazy\" style=\"border: 0;\" src=\"https:\/\/www.google.com\/maps\/embed?pb=!1m18!1m12!1m3!1d12721.380243447416!2d25.738921976954355!3d66.51196017000365!2m3!1f0!2f0!3f0!3m2!1i1024!2i768!4f13.1!3m3!1m2!1s0x442b4b8c5ef9044f%3A0xab51e3814533eb92!2sPaliskuntain+yhdistys!5e0!3m2!1sfi!2sfi!4v1409389539713\" width=\"650\" height=\"400\" frameborder=\"0\"><\/iframe><\/p>\n<h3>Tietojen luovutus tutkimusk\u00e4ytt\u00f6\u00f6n:<\/h3>\n<p>Tietopyynt\u00f6 Paliskuntain yhdistyksen rekisterist\u00e4 (tulostettava, <a href=\"https:\/\/paliskunnat.fi\/py\/wp-content\/uploads\/2014\/10\/tietopyynto_py_rekisterista.pdf\">PDF-tiedosto<\/a>\u00a077 kt)<\/p>\n<p>Tietopyynt\u00f6 Paliskuntain yhdistyksen rekisterist\u00e4 (muokattava, <a href=\"https:\/\/paliskunnat.fi\/py\/wp-content\/uploads\/2014\/11\/tietopyynto_py_rekisterista.doc\">Word-tiedosto<\/a>\u00a0194 kt)<\/p>\n<p>&nbsp;<\/p>\n<p>&nbsp;<\/p>\n<p><!--more--><\/p>\n<h2>Puhelin ja s\u00e4hk\u00f6posti<\/h2>\n<p>Puhelin: 0400 251 673<br \/>\nkir&#106;&#97;&#97;&#x6d;&#x6f;&#x40;&#x70;&#x61;&#x6c;isk&#117;&#110;&#110;&#97;&#x74;&#x2e;&#x66;&#x69;<br \/>\nToimisto avoinna arkisin<br \/>\nklo 8:00 &#8211; 16:00<\/p>\n<h2>Verkkolaskuosoite<\/h2>\n<p>OVT-tunnus:<br \/>\n003701924045<br \/>\nOperaattori:<br \/>\nBasWare (BAWCFI22)<\/p>\n<p>Paperilaskut osoitteeseen:<br \/>\nPaliskuntain yhdistys<br \/>\n00064 ADMINISTER<\/p>\n<h2>Poromies-lehti<\/h2>\n<p><a href=\"https:\/\/paliskunnat.fi\/py\/wp-content\/uploads\/2025\/10\/poromies-lehti-mediakortti-2026.pdf\">Mediakortti 2026<\/a><\/p>\n<p>Toimitussihteeri (puhelin):<br \/>\n0400 633\u00a0159<\/p>\n<h2>WWW-linkkej\u00e4<\/h2>\n<p><a href=\"http:\/\/www.pororeseptit.fi\/\">www.pororeseptit.fi<\/a><\/p>\n<p><a href=\"http:\/\/www.facebook.com\/Paliskuntainyhdistys\">www.facebook.com\/<br \/>\nPaliskuntainyhdistys<\/a><\/p>\n<p><a href=\"https:\/\/www.facebook.com\/porokilpailijat\">www.facebook.com\/<br \/>\nporokilpailijat<\/a><\/p>\n<p><a href=\"http:\/\/www.facebook.com\/Pororeseptit\">www.facebook.com\/<br \/>\nPororeseptit<\/a><\/p>\n<p>&nbsp;<\/p>\n","protected":false},"excerpt":{"rendered":"<p>Paliskuntain yhdistyksen yhteystiedot Tietojen luovutus tutkimusk\u00e4ytt\u00f6\u00f6n: Tietopyynt\u00f6 Paliskuntain yhdistyksen rekisterist\u00e4 (tulostettava, PDF-tiedosto\u00a077 kt) Tietopyynt\u00f6 Paliskuntain yhdistyksen rekisterist\u00e4 (muokattava, Word-tiedosto\u00a0194 kt) &nbsp; &nbsp;<\/p>\n","protected":false},"author":1,"featured_media":0,"parent":4,"menu_order":2,"comment_status":"open","ping_status":"closed","template":"","meta":{"footnotes":""},"class_list":["post-280","page","type-page","status-publish","hentry"],"_links":{"self":[{"href":"https:\/\/paliskunnat.fi\/py\/wp-json\/wp\/v2\/pages\/280","targetHints":{"allow":["GET"]}}],"collection":[{"href":"https:\/\/paliskunnat.fi\/py\/wp-json\/wp\/v2\/pages"}],"about":[{"href":"https:\/\/paliskunnat.fi\/py\/wp-json\/wp\/v2\/types\/page"}],"author":[{"embeddable":true,"href":"https:\/\/paliskunnat.fi\/py\/wp-json\/wp\/v2\/users\/1"}],"replies":[{"embeddable":true,"href":"https:\/\/paliskunnat.fi\/py\/wp-json\/wp\/v2\/comments?post=280"}],"version-history":[{"count":58,"href":"https:\/\/paliskunnat.fi\/py\/wp-json\/wp\/v2\/pages\/280\/revisions"}],"predecessor-version":[{"id":8804,"href":"https:\/\/paliskunnat.fi\/py\/wp-json\/wp\/v2\/pages\/280\/revisions\/8804"}],"up":[{"embeddable":true,"href":"https:\/\/paliskunnat.fi\/py\/wp-json\/wp\/v2\/pages\/4"}],"wp:attachment":[{"href":"https:\/\/paliskunnat.fi\/py\/wp-json\/wp\/v2\/media?parent=280"}],"curies":[{"name":"wp","href":"https:\/\/api.w.org\/{rel}","templated":true}]}}