{"id":284,"date":"2014-08-29T11:37:14","date_gmt":"2014-08-29T08:37:14","guid":{"rendered":"http:\/\/80.69.171.23\/py\/?page_id=284"},"modified":"2025-10-29T09:44:35","modified_gmt":"2025-10-29T07:44:35","slug":"poromies-lehti","status":"publish","type":"page","link":"https:\/\/paliskunnat.fi\/py\/organisaatio\/poromies-lehti\/","title":{"rendered":"Poromies-lehti"},"content":{"rendered":"<h2>Poromies-lehti<\/h2>\n<p>Poromies on poronhoidon ammattilehti. Se on suunnattu sek\u00e4 elinkeinon parissa toimiville poromiehille ett\u00e4 sidosryhmille ja kaikille muillekin poronhoitoon liittyvist\u00e4 asioista kiinnostuneille.<\/p>\n<p>Ensimm\u00e4inen Poromies julkaistiin vuonna 1931. Vuosina 1938 -1939 lehdet merkittiin yhdeksi vuosikerraksi. Samoin vuosina 1945-1947 lehdet on yhdistettiin yhdeksi vuosikerraksi.<\/p>\n<p>Muutoin lehte\u00e4 on julkaistu s\u00e4\u00e4nn\u00f6llisesti vuosittain.<\/p>\n<p><a href=\"https:\/\/paliskunnat.fi\/py\/organisaatio\/yhteystiedot\/henkilokunta\/#Ollila\">P\u00e4\u00e4toimittaja:<\/a> Hanna Nurmi<\/p>\n<p><a href=\"https:\/\/paliskunnat.fi\/py\/organisaatio\/yhteystiedot\/henkilokunta\/#Konstig\">Toimitussihteeri:<\/a>\u00a0Tarja Konstig<\/p>\n<p><a href=\"https:\/\/paliskunnat.fi\/py\/wp-content\/uploads\/2024\/01\/poromies-lehti-kansi-2021.jpg\" rel=\"lightbox[284]\"><img loading=\"lazy\" decoding=\"async\" class=\"alignnone wp-image-7963\" src=\"https:\/\/paliskunnat.fi\/py\/wp-content\/uploads\/2024\/01\/poromies-lehti-kansi-2021.jpg\" alt=\"Poromies-lehti\" width=\"460\" height=\"322\" srcset=\"https:\/\/paliskunnat.fi\/py\/wp-content\/uploads\/2024\/01\/poromies-lehti-kansi-2021.jpg 1000w, https:\/\/paliskunnat.fi\/py\/wp-content\/uploads\/2024\/01\/poromies-lehti-kansi-2021-300x210.jpg 300w, https:\/\/paliskunnat.fi\/py\/wp-content\/uploads\/2024\/01\/poromies-lehti-kansi-2021-768x538.jpg 768w\" sizes=\"auto, (max-width: 460px) 100vw, 460px\" \/><\/a><\/p>\n<h2>Poromies-lehden aikataulut 2026<\/h2>\n<table style=\"border-collapse: collapse; width: 93.117%; height: 120px;\">\n<tbody>\n<tr style=\"height: 24px;\">\n<td style=\"width: 25%; height: 24px;\"><strong>Numero<\/strong><\/td>\n<td style=\"width: 25%; height: 24px;\"><strong>Aineisto<\/strong><\/td>\n<td style=\"width: 25%; height: 24px;\"><strong>Viimeinen jakelup\u00e4iv\u00e4<\/strong><\/td>\n<\/tr>\n<tr style=\"height: 24px;\">\n<td style=\"width: 25%; height: 24px;\">1\/2026<\/td>\n<td style=\"width: 25%; height: 24px;\">Pe 23.1.2026<\/td>\n<td style=\"width: 25%; height: 24px;\">Pe 20.3.2026<\/td>\n<\/tr>\n<tr style=\"height: 24px;\">\n<td style=\"width: 25%; height: 24px;\">2\/2026<\/td>\n<td style=\"width: 25%; height: 24px;\">Pe 10.4.2026<\/td>\n<td style=\"width: 25%; height: 24px;\">Pe 12.6.2026<\/td>\n<\/tr>\n<tr style=\"height: 24px;\">\n<td style=\"width: 25%; height: 24px;\">3\/2026<\/td>\n<td style=\"width: 25%; height: 24px;\">Pe 7.8.2026<\/td>\n<td style=\"width: 25%; height: 24px;\">Pe 25.9.2026<\/td>\n<\/tr>\n<tr style=\"height: 24px;\">\n<td style=\"width: 25%; height: 24px;\">4\/2026<\/td>\n<td style=\"width: 25%; height: 24px;\">Pe 23.10.2026<\/td>\n<td style=\"width: 25%; height: 24px;\">Pe 11.12.2026<\/td>\n<\/tr>\n<\/tbody>\n<\/table>\n<h2>1930-luvun Poromies-lehti\u00e4<\/h2>\n<p>1930-luvulla julkaistuja Poromies-lehti\u00e4 (<a href=\"https:\/\/digi.kansalliskirjasto.fi\/aikakausi\/titles\/0355-0540?display=THUMB&amp;year=1939\" target=\"_blank\" rel=\"noopener\">digi.kansalliskirjasto.fi<\/a>). Voit valita pudotusvalikosta vuosikerran.<\/p>\n<p>&nbsp;<\/p>\n<p><!--more--><\/p>\n<h2>Digiartikkelit ja Insta<\/h2>\n<p>Poromies-lehden valittuja<a href=\"https:\/\/poromieslehti.blogspot.com\/\"> digiartikkeleita<\/a>.<\/p>\n<p>Poromies-lehti <a href=\"https:\/\/www.instagram.com\/poromieslehti\/\">Instagram<\/a><\/p>\n<h2>Tilaa Poromies-lehti<\/h2>\n<p>Tilaa painettu Poromies-lehti s\u00e4hk\u00f6postilla: &#x6b;&#x69;&#x72;&#x6a;&#97;&#97;mo&#64;&#x70;&#x61;&#x6c;&#x69;&#115;&#107;unn&#x61;&#x74;&#x2e;&#x66;&#105;<\/p>\n<p><img decoding=\"async\" src=\"https:\/\/feed.lehtiluukku.fi\/cover?id=634\" alt=\"\" \/><\/p>\n<h2>Mediakortti ja osoitemuutos<\/h2>\n<p><a title=\"Poromies-lehden mediakortti 2023\" href=\"https:\/\/paliskunnat.fi\/py\/wp-content\/uploads\/2025\/10\/poromies-lehti-mediakortti-2026.pdf\">Mediakortti 2026<\/a><\/p>\n<p>Ilmoitusmyynti ja osoitteenmuutos:<br \/>\ntarja.konstig (at) paliskunnat.fi<br \/>\n0400 633 159<\/p>\n<h2>Toimituskunta<\/h2>\n<p>Toimituskunta 2024\u20132026:<\/p>\n<p>Hanna Nurmi, PY<br \/>\n&#8211; P\u00e4\u00e4toimittaja<\/p>\n<p>Heikkil\u00e4 Elisa<br \/>\nKela Sarai-Natalia<br \/>\nUkkola Viola<\/p>\n<p>Angeli Maaren, PY<br \/>\nJortikka Aarre, PY<br \/>\nKonstig Tarja, PY<br \/>\n&#8211; Toimitussihteeri<br \/>\nSanaksenaho Vilma, PY<\/p>\n","protected":false},"excerpt":{"rendered":"<p>Poromies-lehti on poroalan ammattilehti. Se ilmestyy kuudesti vuodessa. Ensimm\u00e4inen Poromies ilmestyi vuonna 1931. <\/p>\n","protected":false},"author":1,"featured_media":0,"parent":4,"menu_order":3,"comment_status":"open","ping_status":"closed","template":"","meta":{"footnotes":""},"class_list":["post-284","page","type-page","status-publish","hentry"],"_links":{"self":[{"href":"https:\/\/paliskunnat.fi\/py\/wp-json\/wp\/v2\/pages\/284","targetHints":{"allow":["GET"]}}],"collection":[{"href":"https:\/\/paliskunnat.fi\/py\/wp-json\/wp\/v2\/pages"}],"about":[{"href":"https:\/\/paliskunnat.fi\/py\/wp-json\/wp\/v2\/types\/page"}],"author":[{"embeddable":true,"href":"https:\/\/paliskunnat.fi\/py\/wp-json\/wp\/v2\/users\/1"}],"replies":[{"embeddable":true,"href":"https:\/\/paliskunnat.fi\/py\/wp-json\/wp\/v2\/comments?post=284"}],"version-history":[{"count":139,"href":"https:\/\/paliskunnat.fi\/py\/wp-json\/wp\/v2\/pages\/284\/revisions"}],"predecessor-version":[{"id":8675,"href":"https:\/\/paliskunnat.fi\/py\/wp-json\/wp\/v2\/pages\/284\/revisions\/8675"}],"up":[{"embeddable":true,"href":"https:\/\/paliskunnat.fi\/py\/wp-json\/wp\/v2\/pages\/4"}],"wp:attachment":[{"href":"https:\/\/paliskunnat.fi\/py\/wp-json\/wp\/v2\/media?parent=284"}],"curies":[{"name":"wp","href":"https:\/\/api.w.org\/{rel}","templated":true}]}}