{"id":287,"date":"2014-08-29T11:43:49","date_gmt":"2014-08-29T08:43:49","guid":{"rendered":"http:\/\/80.69.171.23\/py\/?page_id=287"},"modified":"2026-03-16T13:38:48","modified_gmt":"2026-03-16T11:38:48","slug":"poroesteaidat","status":"publish","type":"page","link":"https:\/\/paliskunnat.fi\/py\/organisaatio\/poroesteaidat\/","title":{"rendered":"Poroesteaidat"},"content":{"rendered":"<h2>Valtakuntien v\u00e4liset poroesteaidat<\/h2>\n<p>Paliskuntain yhdistys vastaa maa- ja mets\u00e4talousministeri\u00f6n toimeksiannosta valtakunnan rajoilla olevien poroesteaitojen kunnossapidosta ja peruskorjauksesta. Poroaidat on rakennettu Ven\u00e4j\u00e4n ja Norjan vastaisille rajoille. Niiden tarkoituksena on tukea\u00a0porojen paimennusta ja\u00a0est\u00e4\u00e4 porojen kulkeminen valtakunnan rajojen yli. Norjan kanssa aitaa pidet\u00e4\u00e4n kunnossa jaettujen kunnossapidon vastuualueiden mukaisesti.\u00a0Ven\u00e4j\u00e4n vastaisella rajalla poroesteaidan rakentamisesta ja kunnossapidosta vastaa Suomi.<\/p>\n\n\t\t<style type=\"text\/css\">\n\t\t\t#gallery-1 {\n\t\t\t\tmargin: auto;\n\t\t\t}\n\t\t\t#gallery-1 .gallery-item {\n\t\t\t\tfloat: left;\n\t\t\t\tmargin-top: 10px;\n\t\t\t\ttext-align: center;\n\t\t\t\twidth: 33%;\n\t\t\t}\n\t\t\t#gallery-1 img {\n\t\t\t\tborder: 2px solid #cfcfcf;\n\t\t\t}\n\t\t\t#gallery-1 .gallery-caption {\n\t\t\t\tmargin-left: 0;\n\t\t\t}\n\t\t\t\/* see gallery_shortcode() in wp-includes\/media.php *\/\n\t\t<\/style>\n\t\t<div id='gallery-1' class='gallery galleryid-287 gallery-columns-3 gallery-size-thumbnail'><dl class='gallery-item'>\n\t\t\t<dt class='gallery-icon landscape'>\n\t\t\t\t<a href='https:\/\/paliskunnat.fi\/py\/wp-content\/uploads\/2014\/08\/aitakuva_01.jpg' rel=\"lightbox[287]\"><img loading=\"lazy\" decoding=\"async\" width=\"150\" height=\"150\" src=\"https:\/\/paliskunnat.fi\/py\/wp-content\/uploads\/2014\/08\/aitakuva_01-150x150.jpg\" class=\"attachment-thumbnail size-thumbnail\" alt=\"Rajaporoesteaitaa. Aidan alaosassa pienpetojen liikkumista est\u00e4v\u00e4\u00e4 tihe\u00e4mp\u00e4\u00e4 verkkoa.\" \/><\/a>\n\t\t\t<\/dt><\/dl><dl class='gallery-item'>\n\t\t\t<dt class='gallery-icon landscape'>\n\t\t\t\t<a href='https:\/\/paliskunnat.fi\/py\/wp-content\/uploads\/2014\/08\/aitakuva_02.jpg' rel=\"lightbox[287]\"><img loading=\"lazy\" decoding=\"async\" width=\"150\" height=\"150\" src=\"https:\/\/paliskunnat.fi\/py\/wp-content\/uploads\/2014\/08\/aitakuva_02-150x150.jpg\" class=\"attachment-thumbnail size-thumbnail\" alt=\"Paikoin aita kulkee halki vaikeakulkuisten rakkakivikoiden.\" \/><\/a>\n\t\t\t<\/dt><\/dl><dl class='gallery-item'>\n\t\t\t<dt class='gallery-icon portrait'>\n\t\t\t\t<a href='https:\/\/paliskunnat.fi\/py\/wp-content\/uploads\/2014\/08\/aitakuva_03.jpg' rel=\"lightbox[287]\"><img loading=\"lazy\" decoding=\"async\" width=\"150\" height=\"150\" src=\"https:\/\/paliskunnat.fi\/py\/wp-content\/uploads\/2014\/08\/aitakuva_03-150x150.jpg\" class=\"attachment-thumbnail size-thumbnail\" alt=\"Aitalinjaa kauniissa ruskamaisemassa.\" \/><\/a>\n\t\t\t<\/dt><\/dl><br style=\"clear: both\" \/><dl class='gallery-item'>\n\t\t\t<dt class='gallery-icon landscape'>\n\t\t\t\t<a href='https:\/\/paliskunnat.fi\/py\/wp-content\/uploads\/2014\/08\/aitakuva_04.jpg' rel=\"lightbox[287]\"><img loading=\"lazy\" decoding=\"async\" width=\"150\" height=\"150\" src=\"https:\/\/paliskunnat.fi\/py\/wp-content\/uploads\/2014\/08\/aitakuva_04-150x150.jpg\" class=\"attachment-thumbnail size-thumbnail\" alt=\"Lumen ja huurteen kinostuminen asettaa aidan kest\u00e4vyyden koetukselle.\" \/><\/a>\n\t\t\t<\/dt><\/dl><dl class='gallery-item'>\n\t\t\t<dt class='gallery-icon landscape'>\n\t\t\t\t<a href='https:\/\/paliskunnat.fi\/py\/wp-content\/uploads\/2014\/08\/aitakuva_05.jpg' rel=\"lightbox[287]\"><img loading=\"lazy\" decoding=\"async\" width=\"150\" height=\"150\" src=\"https:\/\/paliskunnat.fi\/py\/wp-content\/uploads\/2014\/08\/aitakuva_05-150x150.jpg\" class=\"attachment-thumbnail size-thumbnail\" alt=\"Talvella kinostuva lumi voi peitt\u00e4\u00e4 aidan kokonaan.\" \/><\/a>\n\t\t\t<\/dt><\/dl><dl class='gallery-item'>\n\t\t\t<dt class='gallery-icon landscape'>\n\t\t\t\t<a href='https:\/\/paliskunnat.fi\/py\/wp-content\/uploads\/2014\/08\/aitakuva_06.jpg' rel=\"lightbox[287]\"><img loading=\"lazy\" decoding=\"async\" width=\"150\" height=\"150\" src=\"https:\/\/paliskunnat.fi\/py\/wp-content\/uploads\/2014\/08\/aitakuva_06-150x150.jpg\" class=\"attachment-thumbnail size-thumbnail\" alt=\"Tuuli saattaa kinostaa tykkylunta toispuoleisesti. ja riski aitojen rikkoutumiseen kasvaa.\" \/><\/a>\n\t\t\t<\/dt><\/dl><br style=\"clear: both\" \/>\n\t\t<\/div>\n\n<p>&nbsp;<\/p>\n<p>Aitaa on Ven\u00e4j\u00e4n ja Norjan vastaisilla rajoilla yhteens\u00e4 1 200 kilometri\u00e4. Ven\u00e4j\u00e4n vastaisella rajalla aitaa on 750 km ja Norjan vastaisella rajalla 450 km. Rakentamis- ja kunnossapitokustannukset maksetaan poronhoitolain (<a href=\"https:\/\/www.finlex.fi\/fi\/laki\/ajantasa\/1990\/19900848\">848\/1990<\/a>) <a href=\"https:\/\/www.finlex.fi\/fi\/laki\/ajantasa\/1990\/19900848#P39\">39.3 \u00a7:n<\/a> mukaisesti valtion varoista. Aidat perustuvat maiden v\u00e4lisiin valtiosopimuksiin.<\/p>\n<p>Esteaidan ja ty\u00f6maa-asuntojen rakentamisen ja kunnossapidon toteuttamiseksi Paliskuntain yhdistyksen palveluksessa toimii noin 50 osa-aikaista aitamiest\u00e4 20 eri paliskunnan alueella. Peruskorjaust\u00f6ihin rekrytoidaan lis\u00e4ksi vuosittain tarvittava m\u00e4\u00e4r\u00e4 aputy\u00f6voimaa. Ty\u00f6t\u00e4 johtaa ja organisoi aitaty\u00f6njohtaja.<\/p>\n<p>Aitamiesten ja ty\u00f6njohdon k\u00e4yt\u00f6ss\u00e4 on 19 ty\u00f6maa-asuntoa eli k\u00e4mpp\u00e4\u00e4. K\u00e4mp\u00e4t sijaitsevat seitsem\u00e4n kunnan ja 14 paliskunnan alueella.<\/p>\n<p>Lis\u00e4tiedot <a href=\"https:\/\/paliskunnat.fi\/py\/organisaatio\/yhteystiedot\/henkilokunta\/#rajaporoaidat\">aitaty\u00f6njohtaja<\/a><\/p>\n<p>&nbsp;<\/p>\n<p><!--more--><\/p>\n<h2>Aidan tekniset m\u00e4\u00e4r\u00e4ykset<\/h2>\n<p><a href=\"https:\/\/paliskunnat.fi\/py\/wp-content\/uploads\/2024\/08\/Sopimusaidan-tekniset-maaraykset-18-04-24.pdf\">Sopimusaidan tekniset m\u00e4\u00e4r\u00e4ykset<\/a><\/p>\n<p><a href=\"https:\/\/paliskunnat.fi\/py\/wp-content\/uploads\/2024\/08\/Teknisk_spesifikasjon_for_konvensjonsgjerde_18_04_24.pdf\">Teknisk spesifikasjon for konvensjonsgjerde<\/a><\/p>\n<p>(Mik\u00e4li haluat tarkastella s\u00e4hk\u00f6isi\u00e4 allekirjoituksia, niin lataa tiedostot omalle koneellesi)<\/p>\n<h2>Suomi-Norja poroaidat<\/h2>\n<p><a href=\"https:\/\/finnish-norwegian-conventionfence.nibio.org\/\" target=\"_blank\" rel=\"noopener\">Kartta Suomi-Norja -poroesteaidasta<\/a><\/p>\n<h2>Raja-aidasta Nato-aidaksi<\/h2>\n<p><a href=\"https:\/\/yle.fi\/a\/74-20028996\">Helsingin Sanomat 27.4.2023<\/a><\/p>\n<h2>It\u00e4rajalla 750 km aitaa<\/h2>\n<p><a href=\"https:\/\/yle.fi\/a\/74-20002485\">Yle 27.10.2022<\/a><\/p>\n<h2>Kilpajuoksua kuuraa vastaan<\/h2>\n<p><a href=\"https:\/\/www.youtube.com\/watch?v=lUNrOKJPTWw\"><img loading=\"lazy\" decoding=\"async\" class=\"alignnone wp-image-898 size-full\" src=\"https:\/\/paliskunnat.fi\/py\/wp-content\/uploads\/2014\/08\/aitamiehet.jpg\" alt=\"Aitamiehet h\u00e4rveli -video\" width=\"150\" height=\"114\" \/><br \/>\n<\/a>Aitamiehet ty\u00f6ss\u00e4\u00e4n\u00a0(<a href=\"https:\/\/www.youtube.com\/watch?v=lUNrOKJPTWw\">Youtube<\/a>)<\/p>\n","protected":false},"excerpt":{"rendered":"<p>Valtakuntien v\u00e4liset poroesteaidat Paliskuntain yhdistys vastaa maa- ja mets\u00e4talousministeri\u00f6n toimeksiannosta valtakunnan rajoilla olevien poroesteaitojen kunnossapidosta ja peruskorjauksesta. Poroaidat on rakennettu Ven\u00e4j\u00e4n ja Norjan vastaisille rajoille. Niiden tarkoituksena on tukea\u00a0porojen paimennusta ja\u00a0est\u00e4\u00e4 porojen kulkeminen valtakunnan rajojen yli. Norjan kanssa aitaa pidet\u00e4\u00e4n kunnossa jaettujen kunnossapidon vastuualueiden mukaisesti.\u00a0Ven\u00e4j\u00e4n vastaisella rajalla poroesteaidan rakentamisesta ja kunnossapidosta vastaa Suomi. &nbsp; Aitaa [&hellip;]<\/p>\n","protected":false},"author":1,"featured_media":0,"parent":4,"menu_order":4,"comment_status":"open","ping_status":"closed","template":"","meta":{"footnotes":""},"class_list":["post-287","page","type-page","status-publish","hentry"],"_links":{"self":[{"href":"https:\/\/paliskunnat.fi\/py\/wp-json\/wp\/v2\/pages\/287","targetHints":{"allow":["GET"]}}],"collection":[{"href":"https:\/\/paliskunnat.fi\/py\/wp-json\/wp\/v2\/pages"}],"about":[{"href":"https:\/\/paliskunnat.fi\/py\/wp-json\/wp\/v2\/types\/page"}],"author":[{"embeddable":true,"href":"https:\/\/paliskunnat.fi\/py\/wp-json\/wp\/v2\/users\/1"}],"replies":[{"embeddable":true,"href":"https:\/\/paliskunnat.fi\/py\/wp-json\/wp\/v2\/comments?post=287"}],"version-history":[{"count":79,"href":"https:\/\/paliskunnat.fi\/py\/wp-json\/wp\/v2\/pages\/287\/revisions"}],"predecessor-version":[{"id":8800,"href":"https:\/\/paliskunnat.fi\/py\/wp-json\/wp\/v2\/pages\/287\/revisions\/8800"}],"up":[{"embeddable":true,"href":"https:\/\/paliskunnat.fi\/py\/wp-json\/wp\/v2\/pages\/4"}],"wp:attachment":[{"href":"https:\/\/paliskunnat.fi\/py\/wp-json\/wp\/v2\/media?parent=287"}],"curies":[{"name":"wp","href":"https:\/\/api.w.org\/{rel}","templated":true}]}}