{"id":298,"date":"2014-08-29T12:02:19","date_gmt":"2014-08-29T09:02:19","guid":{"rendered":"http:\/\/80.69.171.23\/py\/?page_id=298"},"modified":"2025-10-29T09:19:05","modified_gmt":"2025-10-29T07:19:05","slug":"suomi-norja-rajaporoesteaita","status":"publish","type":"page","link":"https:\/\/paliskunnat.fi\/py\/organisaatio\/poroesteaidat\/suomi-norja-rajaporoesteaita\/","title":{"rendered":"Suomi-Norja"},"content":{"rendered":"<h2>Suomen ja Norjan v\u00e4linen rajaporoesteaita<\/h2>\n<p>Suomen ja Norjan raja-alueella oleva poroesteaita on rakennettu vuonna 1952.\u00a0Aidan tarkoituksena\u00a0on tukea porojen paimennusta, jotta\u00a0porojen siirtyminen rajojen yli voidaan mahdollisimman tehokkaasti est\u00e4\u00e4.<\/p>\n<p><a href=\"https:\/\/paliskunnat.fi\/py\/wp-content\/uploads\/2014\/08\/raja_aita_norja_suomi_2014.png\" rel=\"lightbox[298]\"><img loading=\"lazy\" decoding=\"async\" class=\"alignnone wp-image-300 size-custom-image\" src=\"https:\/\/paliskunnat.fi\/py\/wp-content\/uploads\/2014\/08\/raja_aita_norja_suomi_2014-500x300.png\" alt=\"Norja-Suomi rajaporoesteaita\" width=\"500\" height=\"300\" \/><\/a><\/p>\n<p>Maiden v\u00e4lisess\u00e4 valtiosopimuksessa, eli raja-aitasopimuksessa, s\u00e4\u00e4det\u00e4\u00e4n vastuunjaosta\u00a0aidan rakentamisessa ja kunnossapidossa. Raja-aitasopimus on tehty ensi kertaa vuonna 1952 ja sittemmin sit\u00e4 on p\u00e4ivitetty lailla\u00a0 <a href=\"http:\/\/www.finlex.fi\/fi\/sopimukset\/sopsteksti\/1983\/19830029\">29\/1983<\/a> (s\u00e4\u00e4d\u00f6snumero: 425\/83\u00a0) ja asetuksella <a href=\"http:\/\/www.finlex.fi\/fi\/sopimukset\/sopsteksti\/1983\/19830030\">30\/1986<\/a> (s\u00e4\u00e4d\u00f6snumero: 426\/83). Uusin ja voimassa oleva\u00a0on Laki poroaitojen rakentamisesta ja kunnossapidosta sek\u00e4 muista toimenpiteist\u00e4 porojen est\u00e4miseksi p\u00e4\u00e4sem\u00e4st\u00e4 toisen valtakunnan alueelle Norjan kanssa tehdyn sopimuksen lains\u00e4\u00e4d\u00e4nn\u00f6n alaan kuuluvien m\u00e4\u00e4r\u00e4ysten voimaansaattamisesta ja sopimuksen soveltamisesta <a href=\"https:\/\/www.finlex.fi\/fi\/sopimukset\/sopsteksti\/2016\/20160093\">18.11.2016\/978<\/a> (SopS 92\/2016)<\/p>\n<p>Suomen ja Norjan v\u00e4lisen raja-aidan kunnossapitoa ja valtiosopimuksen noudattamista valvoo sopimuksen mukaisesti nimetty raja-aitakomissio. Komissio on nykyisell\u00e4\u00e4n kuusij\u00e4seninen: siihen kuuluu kolme j\u00e4sent\u00e4 kummastakin maasta. Komission puheenjohtajuus hoidetaan vuorovuosin. Suomen ja Norjan vastaavat ministeri\u00f6t nime\u00e4v\u00e4t komission j\u00e4senet. Suomen komissioon kuuluvat\u00a0 toiminnanjohtaja Hanna Nurmi Paliskuntain yhdistyksest\u00e4, rikoskomissario Kirsi Huhtam\u00e4ki Lapin poliisista ja yksik\u00f6np\u00e4\u00e4llikk\u00f6 Hannu Linjakumpu Lapin ELY-keskuksesta. Norjasta komission j\u00e4senin\u00e4 ovat Morten Floor Landbruks- og matdepartementet, Johan I. Haetta Landbruksdirektoratet ja Katarina P\u00e5ve Gaup Norske Reindriftsamers Landsforbund.<\/p>\n<p><!--more--><\/p>\n<h2>Suomi-Norja poroaidat<\/h2>\n<p><a href=\"https:\/\/finnish-norwegian-conventionfence.nibio.org\/\" target=\"_blank\" rel=\"noopener\">Kartta Suomi-Norja -poroesteaidasta<\/a><\/p>\n<p>&nbsp;<\/p>\n","protected":false},"excerpt":{"rendered":"<p>Suomen ja Norjan v\u00e4linen rajaporoesteaita Suomen ja Norjan raja-alueella oleva poroesteaita on rakennettu vuonna 1952.\u00a0Aidan tarkoituksena\u00a0on tukea porojen paimennusta, jotta\u00a0porojen siirtyminen rajojen yli voidaan mahdollisimman tehokkaasti est\u00e4\u00e4. Maiden v\u00e4lisess\u00e4 valtiosopimuksessa, eli raja-aitasopimuksessa, s\u00e4\u00e4det\u00e4\u00e4n vastuunjaosta\u00a0aidan rakentamisessa ja kunnossapidossa. Raja-aitasopimus on tehty ensi kertaa vuonna 1952 ja sittemmin sit\u00e4 on p\u00e4ivitetty lailla\u00a0 29\/1983 (s\u00e4\u00e4d\u00f6snumero: 425\/83\u00a0) ja asetuksella [&hellip;]<\/p>\n","protected":false},"author":1,"featured_media":0,"parent":287,"menu_order":1,"comment_status":"open","ping_status":"closed","template":"","meta":{"footnotes":""},"class_list":["post-298","page","type-page","status-publish","hentry"],"_links":{"self":[{"href":"https:\/\/paliskunnat.fi\/py\/wp-json\/wp\/v2\/pages\/298","targetHints":{"allow":["GET"]}}],"collection":[{"href":"https:\/\/paliskunnat.fi\/py\/wp-json\/wp\/v2\/pages"}],"about":[{"href":"https:\/\/paliskunnat.fi\/py\/wp-json\/wp\/v2\/types\/page"}],"author":[{"embeddable":true,"href":"https:\/\/paliskunnat.fi\/py\/wp-json\/wp\/v2\/users\/1"}],"replies":[{"embeddable":true,"href":"https:\/\/paliskunnat.fi\/py\/wp-json\/wp\/v2\/comments?post=298"}],"version-history":[{"count":52,"href":"https:\/\/paliskunnat.fi\/py\/wp-json\/wp\/v2\/pages\/298\/revisions"}],"predecessor-version":[{"id":8671,"href":"https:\/\/paliskunnat.fi\/py\/wp-json\/wp\/v2\/pages\/298\/revisions\/8671"}],"up":[{"embeddable":true,"href":"https:\/\/paliskunnat.fi\/py\/wp-json\/wp\/v2\/pages\/287"}],"wp:attachment":[{"href":"https:\/\/paliskunnat.fi\/py\/wp-json\/wp\/v2\/media?parent=298"}],"curies":[{"name":"wp","href":"https:\/\/api.w.org\/{rel}","templated":true}]}}