{"id":303,"date":"2014-08-29T13:03:58","date_gmt":"2014-08-29T10:03:58","guid":{"rendered":"http:\/\/80.69.171.23\/py\/?page_id=303"},"modified":"2015-05-13T12:15:54","modified_gmt":"2015-05-13T09:15:54","slug":"suomi-venaja-rajaporoesteaita","status":"publish","type":"page","link":"https:\/\/paliskunnat.fi\/py\/organisaatio\/poroesteaidat\/suomi-venaja-rajaporoesteaita\/","title":{"rendered":"Suomi-Ven\u00e4j\u00e4"},"content":{"rendered":"<h2>Suomen ja Ven\u00e4j\u00e4n v\u00e4linen rajaporoesteaita<\/h2>\n<p>Ven\u00e4j\u00e4n vastaisella rajalla porotokkien liikkumista valvotaan Suomen ja Sosialististen Neuvostotasavaltain Liiton v\u00e4lisen asetuksen ja porosopimuksen nojalla.<\/p>\n<p>Suomen ja Neuvostoliiton kesken oli voimassa porosopimus vuodesta 1933 l\u00e4htien, mutta sopimus kumoutui Pariisin rauhansopimuksen 12. artiklan perusteella. Vuoden 1945 j\u00e4lkeen Suomi on itsen\u00e4isesti rakentanut poroaidan Ven\u00e4j\u00e4n vastaiselle rajalle.<\/p>\n<p>Porosopimusneuvottelut aloitettiin uudelleen Neuvostoliiton kanssa vuonna 1963 ja sopimus allekirjoitettiin kes\u00e4kuussa 1965 (<a href=\"http:\/\/www.finlex.fi\/fi\/sopimukset\/sopsteksti\/1966\/19660005\/19660005_2\">5\/1966<\/a>). T\u00e4m\u00e4 edelleen voimassa oleva sopimus noudattaa yksityiskohdiltaan Suomen ja Neuvostoliiton vuoden 1960 sopimusta valtakunnan rajalla noudatettavasta j\u00e4rjestyksest\u00e4 ja rajatapahtumien selvitt\u00e4misest\u00e4.<\/p>\n<p>&nbsp;<\/p>\n","protected":false},"excerpt":{"rendered":"<p>Suomen ja Ven\u00e4j\u00e4n v\u00e4linen rajaporoesteaita Ven\u00e4j\u00e4n vastaisella rajalla porotokkien liikkumista valvotaan Suomen ja Sosialististen Neuvostotasavaltain Liiton v\u00e4lisen asetuksen ja porosopimuksen nojalla. Suomen ja Neuvostoliiton kesken oli voimassa porosopimus vuodesta 1933 l\u00e4htien, mutta sopimus kumoutui Pariisin rauhansopimuksen 12. artiklan perusteella. Vuoden 1945 j\u00e4lkeen Suomi on itsen\u00e4isesti rakentanut poroaidan Ven\u00e4j\u00e4n vastaiselle rajalle. Porosopimusneuvottelut aloitettiin uudelleen Neuvostoliiton kanssa [&hellip;]<\/p>\n","protected":false},"author":1,"featured_media":0,"parent":287,"menu_order":2,"comment_status":"open","ping_status":"closed","template":"","meta":{"footnotes":""},"class_list":["post-303","page","type-page","status-publish","hentry"],"_links":{"self":[{"href":"https:\/\/paliskunnat.fi\/py\/wp-json\/wp\/v2\/pages\/303","targetHints":{"allow":["GET"]}}],"collection":[{"href":"https:\/\/paliskunnat.fi\/py\/wp-json\/wp\/v2\/pages"}],"about":[{"href":"https:\/\/paliskunnat.fi\/py\/wp-json\/wp\/v2\/types\/page"}],"author":[{"embeddable":true,"href":"https:\/\/paliskunnat.fi\/py\/wp-json\/wp\/v2\/users\/1"}],"replies":[{"embeddable":true,"href":"https:\/\/paliskunnat.fi\/py\/wp-json\/wp\/v2\/comments?post=303"}],"version-history":[{"count":32,"href":"https:\/\/paliskunnat.fi\/py\/wp-json\/wp\/v2\/pages\/303\/revisions"}],"predecessor-version":[{"id":3856,"href":"https:\/\/paliskunnat.fi\/py\/wp-json\/wp\/v2\/pages\/303\/revisions\/3856"}],"up":[{"embeddable":true,"href":"https:\/\/paliskunnat.fi\/py\/wp-json\/wp\/v2\/pages\/287"}],"wp:attachment":[{"href":"https:\/\/paliskunnat.fi\/py\/wp-json\/wp\/v2\/media?parent=303"}],"curies":[{"name":"wp","href":"https:\/\/api.w.org\/{rel}","templated":true}]}}