{"id":3463,"date":"2015-04-22T14:35:03","date_gmt":"2015-04-22T11:35:03","guid":{"rendered":"http:\/\/80.69.171.23\/py\/?page_id=3463"},"modified":"2025-10-08T10:56:05","modified_gmt":"2025-10-08T07:56:05","slug":"pilttarekisterit","status":"publish","type":"page","link":"https:\/\/paliskunnat.fi\/py\/neuvonta\/pilttarekisterit\/","title":{"rendered":"Pilttarekisterit"},"content":{"rendered":"<h2>Pilttarekisterit ja piltat<\/h2>\n<p>Poron korviin kiinnitett\u00e4vi\u00e4 pilttoja k\u00e4ytet\u00e4\u00e4n lis\u00e4merkkein\u00e4 porojen tunnistamisessa. Lis\u00e4merkit ovat tarpeen esimerkiksi myyt\u00e4ess\u00e4 el\u00e4vi\u00e4 jo merkittyj\u00e4 poroja.<\/p>\n<p><a href=\"https:\/\/paliskunnat.fi\/py\/wp-content\/uploads\/2014\/10\/piltat-aa.jpg\" rel=\"lightbox[397]\"><img loading=\"lazy\" decoding=\"async\" class=\"alignnone wp-image-1745\" src=\"https:\/\/paliskunnat.fi\/py\/wp-content\/uploads\/2014\/10\/piltat-aa.jpg\" alt=\"Piltat\" width=\"500\" height=\"275\" srcset=\"https:\/\/paliskunnat.fi\/py\/wp-content\/uploads\/2014\/10\/piltat-aa.jpg 1000w, https:\/\/paliskunnat.fi\/py\/wp-content\/uploads\/2014\/10\/piltat-aa-300x165.jpg 300w\" sizes=\"auto, (max-width: 500px) 100vw, 500px\" \/><\/a><\/p>\n<h3>Pilttatilaukset Paliskuntain yhdistyksen kautta ovat p\u00e4\u00e4ttyneet<\/h3>\n<p>Yhdistyksen hallitus p\u00e4\u00e4tti, ett\u00e4 pilttatilaukset Paliskuntain yhdistyksen toimesta lopetetaan syyskuun 2025 loppuun. \u00a0Syyskuun loppuun menness\u00e4 tilattujen pilttojen rekisteritiedot s\u00e4ilyv\u00e4t yhdistyksess\u00e4.<\/p>\n<p>Poronomistajat voivat tilata pilttoja suoraan haluamiltaan yksityisilt\u00e4 pilttatoimittajilta. Pilttatoimittajia voi etsi\u00e4 mm. netist\u00e4.<\/p>\n<p>Kilpa- ja matkailuporot:<\/p>\n<ul>\n<li>Sininen (py\u00f6re\u00e4 piltta) on k\u00e4yt\u00f6ss\u00e4 vain rekister\u00f6idyill\u00e4 kilpa- ja matkailuporoilla. Rekistereit\u00e4 yll\u00e4pidet\u00e4\u00e4n Paliskuntain yhdistyksess\u00e4. Sinisille piltoille on omat pilttauss\u00e4\u00e4nn\u00f6t, eik\u00e4 niit\u00e4 voi tilata itse.<\/li>\n<\/ul>\n<ul>\n<li>Matkailu- ja kilpapororekisterin yll\u00e4pito jatkuu entiseen tapaan Paliskuntain yhdistyksess\u00e4.<\/li>\n<\/ul>\n<p>Paliskuntain yhdistys tilaa jatkossakin matkailu- ja kilpaporopiltat toimistolle, josta niit\u00e4 voivat noutaa porotilamatkailuyhdistyksen ja Suomen porokilpailijoiden valtuuttamat henkil\u00f6t.<\/p>\n<h3>Ohjeita matkailuporojen pilttauksesta<\/h3>\n<p>Piltattavan poron on oltava piltattaessa yli 3-vuotias, urosporo eli hirvas tai h\u00e4rk\u00e4, matkailuk\u00e4ytt\u00f6\u00f6n koulutettu ja todistettavasti matkailuporona k\u00e4ytetty.\u00a0Koulutettua matkailuporoa voi taluttaa, valjastaa ja k\u00e4ytt\u00e4\u00e4 vetoporona. Poro on totutettu ihmisryhmiin ja sit\u00e4 k\u00e4ytet\u00e4\u00e4n matkailutoiminnassa.<\/p>\n<p>Matkailuporopiltan saava poro tuottaa todistettavasti taloudellista hy\u00f6ty\u00e4 omistajalleen.\u00a0Matkailupororekisteri\u00e4 pidet\u00e4\u00e4n Paliskuntain yhdistyksess\u00e4. Matkailuporon omistajan tulee ilmoittaa viipym\u00e4tt\u00e4 <a href=\"https:\/\/paliskunnat.fi\/py\/organisaatio\/yhteystiedot\/\">yhdistykseen<\/a>, mik\u00e4li\u00a0poro poistetaan matkailuk\u00e4yt\u00f6st\u00e4, se myyd\u00e4\u00e4n, teurastetaan tai kuolee muutoin.<\/p>\n<p>&nbsp;<\/p>\n","protected":false},"excerpt":{"rendered":"<p>Pilttarekisterit ja piltat Poron korviin kiinnitett\u00e4vi\u00e4 pilttoja k\u00e4ytet\u00e4\u00e4n lis\u00e4merkkein\u00e4 porojen tunnistamisessa. Lis\u00e4merkit ovat tarpeen esimerkiksi myyt\u00e4ess\u00e4 el\u00e4vi\u00e4 jo merkittyj\u00e4 poroja. Pilttatilaukset Paliskuntain yhdistyksen kautta ovat p\u00e4\u00e4ttyneet Yhdistyksen hallitus p\u00e4\u00e4tti, ett\u00e4 pilttatilaukset Paliskuntain yhdistyksen toimesta lopetetaan syyskuun 2025 loppuun. \u00a0Syyskuun loppuun menness\u00e4 tilattujen pilttojen rekisteritiedot s\u00e4ilyv\u00e4t yhdistyksess\u00e4. Poronomistajat voivat tilata pilttoja suoraan haluamiltaan yksityisilt\u00e4 pilttatoimittajilta. Pilttatoimittajia [&hellip;]<\/p>\n","protected":false},"author":1,"featured_media":0,"parent":2,"menu_order":4,"comment_status":"open","ping_status":"closed","template":"","meta":{"footnotes":""},"class_list":["post-3463","page","type-page","status-publish","hentry"],"_links":{"self":[{"href":"https:\/\/paliskunnat.fi\/py\/wp-json\/wp\/v2\/pages\/3463","targetHints":{"allow":["GET"]}}],"collection":[{"href":"https:\/\/paliskunnat.fi\/py\/wp-json\/wp\/v2\/pages"}],"about":[{"href":"https:\/\/paliskunnat.fi\/py\/wp-json\/wp\/v2\/types\/page"}],"author":[{"embeddable":true,"href":"https:\/\/paliskunnat.fi\/py\/wp-json\/wp\/v2\/users\/1"}],"replies":[{"embeddable":true,"href":"https:\/\/paliskunnat.fi\/py\/wp-json\/wp\/v2\/comments?post=3463"}],"version-history":[{"count":15,"href":"https:\/\/paliskunnat.fi\/py\/wp-json\/wp\/v2\/pages\/3463\/revisions"}],"predecessor-version":[{"id":8661,"href":"https:\/\/paliskunnat.fi\/py\/wp-json\/wp\/v2\/pages\/3463\/revisions\/8661"}],"up":[{"embeddable":true,"href":"https:\/\/paliskunnat.fi\/py\/wp-json\/wp\/v2\/pages\/2"}],"wp:attachment":[{"href":"https:\/\/paliskunnat.fi\/py\/wp-json\/wp\/v2\/media?parent=3463"}],"curies":[{"name":"wp","href":"https:\/\/api.w.org\/{rel}","templated":true}]}}