{"id":388,"date":"2014-10-20T10:38:23","date_gmt":"2014-10-20T07:38:23","guid":{"rendered":"http:\/\/80.69.171.23\/py\/?page_id=388"},"modified":"2024-01-09T06:22:39","modified_gmt":"2024-01-09T04:22:39","slug":"koulutustarjonta","status":"publish","type":"page","link":"https:\/\/paliskunnat.fi\/py\/neuvonta\/koulutustarjonta\/","title":{"rendered":"Koulutus"},"content":{"rendered":"<h2>Koulutus<\/h2>\n<p>Paliskuntain yhdistys j\u00e4rjest\u00e4\u00e4 uusille ja vasta-aloittaneille porois\u00e4nnille ja hallituksen j\u00e4senille koulutusta paliskunnan hallinnossa toimimisesta. Rahastonhoitajia koulutetaan tarvittaessa.<\/p>\n<p>Paliskuntain yhdistys j\u00e4rjest\u00e4\u00e4 vuosittain poro- ja varaporois\u00e4ntien koulutusp\u00e4iv\u00e4t sek\u00e4 teurastamoesimiesten koulutusp\u00e4iv\u00e4t. Lis\u00e4ksi j\u00e4rjest\u00e4mme koulutusta my\u00f6s eri kohderyhmille\u00a0liikennevahinkoarviomiehen\u00e4 toimimisesta, porojen el\u00e4v\u00e4n\u00e4 kuljettamisesta ja muista porotalouteen liittyvist\u00e4 asioista.<\/p>\n<p><span style=\"line-height: 1.5;\">Kysy lis\u00e4tietoja koulutuksista ja kerro ideoita mahdollisista koulutustarpeista: <\/span><a style=\"line-height: 1.5;\" href=\"http:\/\/paliskunnat.fi\/py\/organisaatio\/yhteystiedot\/henkilokunta\/#porotalousneuvojat\">porotalousneuvojat<\/a><\/p>\n<p>&nbsp;<\/p>\n<p>&nbsp;<\/p>\n<p>&nbsp;<\/p>\n<p><!--more--><\/p>\n<h2>Ilmoittaudu tulossa olevaan koulutukseen<\/h2>\n<p>&nbsp;<\/p>\n","protected":false},"excerpt":{"rendered":"<p>Koulutus Paliskuntain yhdistys j\u00e4rjest\u00e4\u00e4 uusille ja vasta-aloittaneille porois\u00e4nnille ja hallituksen j\u00e4senille koulutusta paliskunnan hallinnossa toimimisesta. Rahastonhoitajia koulutetaan tarvittaessa. Paliskuntain yhdistys j\u00e4rjest\u00e4\u00e4 vuosittain poro- ja varaporois\u00e4ntien koulutusp\u00e4iv\u00e4t sek\u00e4 teurastamoesimiesten koulutusp\u00e4iv\u00e4t. Lis\u00e4ksi j\u00e4rjest\u00e4mme koulutusta my\u00f6s eri kohderyhmille\u00a0liikennevahinkoarviomiehen\u00e4 toimimisesta, porojen el\u00e4v\u00e4n\u00e4 kuljettamisesta ja muista porotalouteen liittyvist\u00e4 asioista. Kysy lis\u00e4tietoja koulutuksista ja kerro ideoita mahdollisista koulutustarpeista: porotalousneuvojat &nbsp; &nbsp; [&hellip;]<\/p>\n","protected":false},"author":1,"featured_media":0,"parent":2,"menu_order":5,"comment_status":"open","ping_status":"closed","template":"","meta":{"footnotes":""},"class_list":["post-388","page","type-page","status-publish","hentry"],"_links":{"self":[{"href":"https:\/\/paliskunnat.fi\/py\/wp-json\/wp\/v2\/pages\/388","targetHints":{"allow":["GET"]}}],"collection":[{"href":"https:\/\/paliskunnat.fi\/py\/wp-json\/wp\/v2\/pages"}],"about":[{"href":"https:\/\/paliskunnat.fi\/py\/wp-json\/wp\/v2\/types\/page"}],"author":[{"embeddable":true,"href":"https:\/\/paliskunnat.fi\/py\/wp-json\/wp\/v2\/users\/1"}],"replies":[{"embeddable":true,"href":"https:\/\/paliskunnat.fi\/py\/wp-json\/wp\/v2\/comments?post=388"}],"version-history":[{"count":63,"href":"https:\/\/paliskunnat.fi\/py\/wp-json\/wp\/v2\/pages\/388\/revisions"}],"predecessor-version":[{"id":8015,"href":"https:\/\/paliskunnat.fi\/py\/wp-json\/wp\/v2\/pages\/388\/revisions\/8015"}],"up":[{"embeddable":true,"href":"https:\/\/paliskunnat.fi\/py\/wp-json\/wp\/v2\/pages\/2"}],"wp:attachment":[{"href":"https:\/\/paliskunnat.fi\/py\/wp-json\/wp\/v2\/media?parent=388"}],"curies":[{"name":"wp","href":"https:\/\/api.w.org\/{rel}","templated":true}]}}