{"id":393,"date":"2014-10-20T10:43:55","date_gmt":"2014-10-20T07:43:55","guid":{"rendered":"http:\/\/80.69.171.23\/py\/?page_id=393"},"modified":"2025-01-16T11:53:05","modified_gmt":"2025-01-16T09:53:05","slug":"poronhoidon-paikkatieto","status":"publish","type":"page","link":"https:\/\/paliskunnat.fi\/py\/neuvonta\/porotalousneuvonta\/poronhoidon-paikkatieto\/","title":{"rendered":"Paikkatietoaineistot"},"content":{"rendered":"<h2>Poronhoidon paikkatietoaineistot<\/h2>\n<p>Poronhoidon paikkatietoaineistot, eli poroGIS-aineistot, on ker\u00e4tty kaikista paliskunnista 2000-luvun alussa. Aineistoon on merkitty muun muassa erilaisia porojen laidunalueita ja laidunkiertoa sek\u00e4 poronhoidon infrastruktuuria ja toimintaa. Poronhoidon paikkatietoaineistot p\u00e4ivitettiin SYKE:n ja Luonnonvarakeskuksen\u00a0POROT- ja TOKAT-hankkeissa vuosina 2015-2018 lukuun ottamatta kolmea paliskuntaa.<\/p>\n<p><a href=\"http:\/\/www.syke.fi\/hankkeet\/tokat\"><strong>www.syke.fi\/hankkeet\/tokat<\/strong><\/a><\/p>\n<p>Poronhoidon paikkatietoaineistoja on mahdollista saada maank\u00e4yt\u00f6n suunnittelun tarpeisiin. Sit\u00e4 varten tehd\u00e4\u00e4n Paliskuntain yhdistyksen kanssa k\u00e4ytt\u00f6oikeussopimus, joka on maksullinen.<\/p>\n<p>Paliskuntain yhdistykselt\u00e4 on mahdollista saada my\u00f6s paliskuntien rajoja kuvaava aineisto, jonka k\u00e4ytt\u00f6oikeus ei edellyt\u00e4 erillist\u00e4 sopimusta. Kaikki poronhoidon paikkatietoaineistot ovat Shapefile-muodossa.<\/p>\n<p>Poronhoidon paikkatietoaineistojen saamiseksi k\u00e4ytt\u00f6\u00f6n, ole yhteydess\u00e4 kirjaamoon (kirjaamo at paliskunnat.fi) tai porotalousneuvoja Vilma Sanaksenahoon (etunimi.sukunimi at paliskunnat.fi, 040 159 5592).<\/p>\n<p>Aineistojen p\u00e4ivitt\u00e4miseen liittyviss\u00e4 asioissa paliskunnat voivat olla yhteydess\u00e4 porotalousneuvojiin tai IT-asiantuntijaan.<\/p>\n<p>Lis\u00e4tiedot:\u00a0<a href=\"http:\/\/paliskunnat.fi\/py\/organisaatio\/yhteystiedot\/henkilokunta\/#porotalousneuvojat\"><strong>Porotalousneuvojat<\/strong><\/a><\/p>\n<p>&nbsp;<\/p>\n","protected":false},"excerpt":{"rendered":"<p>[L\u00e4hde: Word 24.7.2014]<\/p>\n","protected":false},"author":1,"featured_media":0,"parent":385,"menu_order":3,"comment_status":"open","ping_status":"closed","template":"","meta":{"footnotes":""},"class_list":["post-393","page","type-page","status-publish","hentry"],"_links":{"self":[{"href":"https:\/\/paliskunnat.fi\/py\/wp-json\/wp\/v2\/pages\/393","targetHints":{"allow":["GET"]}}],"collection":[{"href":"https:\/\/paliskunnat.fi\/py\/wp-json\/wp\/v2\/pages"}],"about":[{"href":"https:\/\/paliskunnat.fi\/py\/wp-json\/wp\/v2\/types\/page"}],"author":[{"embeddable":true,"href":"https:\/\/paliskunnat.fi\/py\/wp-json\/wp\/v2\/users\/1"}],"replies":[{"embeddable":true,"href":"https:\/\/paliskunnat.fi\/py\/wp-json\/wp\/v2\/comments?post=393"}],"version-history":[{"count":26,"href":"https:\/\/paliskunnat.fi\/py\/wp-json\/wp\/v2\/pages\/393\/revisions"}],"predecessor-version":[{"id":8483,"href":"https:\/\/paliskunnat.fi\/py\/wp-json\/wp\/v2\/pages\/393\/revisions\/8483"}],"up":[{"embeddable":true,"href":"https:\/\/paliskunnat.fi\/py\/wp-json\/wp\/v2\/pages\/385"}],"wp:attachment":[{"href":"https:\/\/paliskunnat.fi\/py\/wp-json\/wp\/v2\/media?parent=393"}],"curies":[{"name":"wp","href":"https:\/\/api.w.org\/{rel}","templated":true}]}}