{"id":397,"date":"2014-10-20T10:48:24","date_gmt":"2014-10-20T07:48:24","guid":{"rendered":"http:\/\/80.69.171.23\/py\/?page_id=397"},"modified":"2020-03-06T20:22:47","modified_gmt":"2020-03-06T18:22:47","slug":"poromerkit-ja-pilttarekisterit","status":"publish","type":"page","link":"https:\/\/paliskunnat.fi\/py\/neuvonta\/poromerkit-ja-pilttarekisterit\/","title":{"rendered":"Poromerkit"},"content":{"rendered":"<h2>Poromerkit<\/h2>\n<p>Poro omistetaan ja\u00a0jokaisen poron korvat merkit\u00e4\u00e4n omistajalleen rekister\u00f6idyll\u00e4 virallisella poromerkill\u00e4.\u00a0Paliskuntain yhdistys yll\u00e4pit\u00e4\u00e4 poromerkkirekisteri\u00e4 ja toimii viranomaisena poromerkkiasioissa (PHL\u00a0<a href=\"https:\/\/www.finlex.fi\/fi\/laki\/ajantasa\/1990\/19900848\">848\/1990<\/a>).<\/p>\n<p>Poromerkkien teot\u00a0kuvataan sek\u00e4 piirroksin ett\u00e4 sanallisesti.\u00a0 Jokainen poromerkki on omanlaisensa yhdistelm\u00e4 erilaisia tekoja. Korvamerkin lukeminen aloitetaan poron oikeasta korvasta, korvan k\u00e4rjest\u00e4 tyveen p\u00e4in edeten. K\u00e4yt\u00f6ss\u00e4 olevia merkkej\u00e4 on noin 12\u00a0000.<\/p>\n<p><a href=\"https:\/\/paliskunnat.fi\/py\/wp-content\/uploads\/2018\/01\/poromerkkien_teot.jpg\" rel=\"lightbox[397]\"><img loading=\"lazy\" decoding=\"async\" class=\"alignnone wp-image-5573\" src=\"https:\/\/paliskunnat.fi\/py\/wp-content\/uploads\/2018\/01\/poromerkkien_teot.jpg\" alt=\"\" width=\"460\" height=\"437\" srcset=\"https:\/\/paliskunnat.fi\/py\/wp-content\/uploads\/2018\/01\/poromerkkien_teot.jpg 843w, https:\/\/paliskunnat.fi\/py\/wp-content\/uploads\/2018\/01\/poromerkkien_teot-300x285.jpg 300w, https:\/\/paliskunnat.fi\/py\/wp-content\/uploads\/2018\/01\/poromerkkien_teot-768x729.jpg 768w\" sizes=\"auto, (max-width: 460px) 100vw, 460px\" \/><\/a><\/p>\n<p>Poromerkkien teot ovat: pistel, pyk\u00e4l\u00e4, hanka, poikki, haara, halki, p\u00e4\u00e4t\u00e4 vita, alta vita, terotus, ketunkanto, vastahanka, reik\u00e4 ja rei\u00e4st\u00e4 halki,\u00a0 linnunvarvas, tiili, rappuhanka, hanka ja hangan sis\u00e4\u00e4n sek\u00e4 vatma. Tekoja yhdistelem\u00e4ll\u00e4 saadaan erilaisia poromerkkej\u00e4.\u00a0Lis\u00e4ksi voidaan k\u00e4ytt\u00e4\u00e4 Paliskuntain yhdistyksen hyv\u00e4ksym\u00e4\u00e4 lis\u00e4merkki\u00e4, eli pilttaa.<\/p>\n<p>&nbsp;<\/p>\n<p>Lis\u00e4tietoja poromerkeist\u00e4 ja merkkirekisterist\u00e4:\u00a0<a title=\"Henkil\u00f6kunta\" href=\"https:\/\/paliskunnat.fi\/py\/organisaatio\/yhteystiedot\/henkilokunta\/#Konstig\">johdon sihteeri<\/a><\/p>\n<h2><\/h2>\n","protected":false},"excerpt":{"rendered":"<p>[L\u00e4hde: Word 24.7.2014]<\/p>\n","protected":false},"author":1,"featured_media":0,"parent":2,"menu_order":3,"comment_status":"open","ping_status":"closed","template":"","meta":{"footnotes":""},"class_list":["post-397","page","type-page","status-publish","hentry"],"_links":{"self":[{"href":"https:\/\/paliskunnat.fi\/py\/wp-json\/wp\/v2\/pages\/397","targetHints":{"allow":["GET"]}}],"collection":[{"href":"https:\/\/paliskunnat.fi\/py\/wp-json\/wp\/v2\/pages"}],"about":[{"href":"https:\/\/paliskunnat.fi\/py\/wp-json\/wp\/v2\/types\/page"}],"author":[{"embeddable":true,"href":"https:\/\/paliskunnat.fi\/py\/wp-json\/wp\/v2\/users\/1"}],"replies":[{"embeddable":true,"href":"https:\/\/paliskunnat.fi\/py\/wp-json\/wp\/v2\/comments?post=397"}],"version-history":[{"count":59,"href":"https:\/\/paliskunnat.fi\/py\/wp-json\/wp\/v2\/pages\/397\/revisions"}],"predecessor-version":[{"id":6430,"href":"https:\/\/paliskunnat.fi\/py\/wp-json\/wp\/v2\/pages\/397\/revisions\/6430"}],"up":[{"embeddable":true,"href":"https:\/\/paliskunnat.fi\/py\/wp-json\/wp\/v2\/pages\/2"}],"wp:attachment":[{"href":"https:\/\/paliskunnat.fi\/py\/wp-json\/wp\/v2\/media?parent=397"}],"curies":[{"name":"wp","href":"https:\/\/api.w.org\/{rel}","templated":true}]}}