{"id":399,"date":"2014-10-20T10:49:31","date_gmt":"2014-10-20T07:49:31","guid":{"rendered":"http:\/\/80.69.171.23\/py\/?page_id=399"},"modified":"2024-09-03T10:42:58","modified_gmt":"2024-09-03T07:42:58","slug":"maankaytto","status":"publish","type":"page","link":"https:\/\/paliskunnat.fi\/py\/neuvonta\/maankaytto\/","title":{"rendered":"Maank\u00e4ytt\u00f6"},"content":{"rendered":"<h2>Maank\u00e4ytt\u00f6 poronhoitoalueella<\/h2>\n<p>Poro on m\u00e4rehtij\u00e4, joka tarvitsee erilaisia ravintokasveja vuodenkiertonsa eri vaiheissa. Poronhoito perustuu luonnonlaitumiin ja poron vapaaseen laiduntamiseen niill\u00e4: poro etsii ja l\u00f6yt\u00e4\u00e4 ravintonsa itse luonnosta, hy\u00f6dynt\u00e4en noin 350 eri ravintokasvia. Merkitt\u00e4v\u00e4 osa poron ravintokasveista, eritoten j\u00e4k\u00e4list\u00e4, kasvaa metsiss\u00e4. Porojen kes\u00e4laitumia ovat suot, niityt ja rehev\u00e4t puronvarret. Syksyll\u00e4 porot ker\u00e4\u00e4ntyv\u00e4t kangasmaille, metsiin, hy\u00f6dynt\u00e4m\u00e4\u00e4n sieni\u00e4.<\/p>\n<p>Poronhoito tarvitsee laajoja ja monimuotoisia laidunalueita kyet\u00e4kseen toimimaan ekologisesti, sosiaalisesti, kulttuurisesti ja taloudellisesti suotuisalla tavalla.<\/p>\n<p><a href=\"https:\/\/paliskunnat.fi\/py\/wp-content\/uploads\/2014\/10\/poroja_Saarisel\u00e4ll\u00e4.jpg\" rel=\"lightbox[399]\"><img loading=\"lazy\" decoding=\"async\" class=\"alignnone wp-image-1749\" src=\"https:\/\/paliskunnat.fi\/py\/wp-content\/uploads\/2014\/10\/poroja_Saarisel\u00e4ll\u00e4.jpg\" alt=\"Kes\u00e4karvassa olevia poroja Saarisel\u00e4n rinteill\u00e4 kes\u00e4ll\u00e4 2013\" width=\"500\" height=\"321\" srcset=\"https:\/\/paliskunnat.fi\/py\/wp-content\/uploads\/2014\/10\/poroja_Saarisel\u00e4ll\u00e4.jpg 1000w, https:\/\/paliskunnat.fi\/py\/wp-content\/uploads\/2014\/10\/poroja_Saarisel\u00e4ll\u00e4-300x192.jpg 300w\" sizes=\"auto, (max-width: 500px) 100vw, 500px\" \/><\/a><\/p>\n<p>Muu maank\u00e4ytt\u00f6 vaikuttaa poronhoitoon muun muassa ravintoresurssien tai laidunalueiden v\u00e4henemisen ja pirstoutumisen, porojen laidunkierron h\u00e4iri\u00f6iden ja muutosten, poronhoidon toiminnan vaikeutumisen sek\u00e4 erilaisten onnettomuuksien lis\u00e4\u00e4ntymisen muodossa. Maank\u00e4yt\u00f6ll\u00e4 on seurauksensa paitsi poronhoitoyhteis\u00f6n taloudellisiin toimintaedellytyksiin my\u00f6s kulttuuriin.<\/p>\n<p>Poronhoito on riippuvainen luonnosta ja perustuu uusiutuvien luonnonvarojen kest\u00e4v\u00e4\u00e4n hy\u00f6dynt\u00e4miseen. Poronhoidon harjoittamisen edellytyksiin vaikuttavia maank\u00e4yt\u00f6n muotoja ovat k\u00e4yt\u00e4nn\u00f6ss\u00e4 kaikki poronhoitoalueen luonnonvarojen hy\u00f6dynt\u00e4miseen liittyv\u00e4t toimet. Keskeisimpi\u00e4 vaikuttajia ovat mets\u00e4talous, kaivannaisteollisuus, tuuli- ja vesivoimatuotanto, turvetuotanto, matkailu sek\u00e4 erilaiset suojelualueet.<\/p>\n<p><a href=\"https:\/\/paliskunnat.fi\/py\/wp-content\/uploads\/2024\/09\/Poronhoitoalueen_maankayttokartta-17062024.jpg\" rel=\"lightbox[399]\"><img loading=\"lazy\" decoding=\"async\" class=\"alignnone wp-image-8382\" src=\"https:\/\/paliskunnat.fi\/py\/wp-content\/uploads\/2024\/09\/Poronhoitoalueen_maankayttokartta-17062024.jpg\" alt=\"Poronhoitoalueen maank\u00e4ytt\u00f6kartta\" width=\"460\" height=\"650\" srcset=\"https:\/\/paliskunnat.fi\/py\/wp-content\/uploads\/2024\/09\/Poronhoitoalueen_maankayttokartta-17062024.jpg 566w, https:\/\/paliskunnat.fi\/py\/wp-content\/uploads\/2024\/09\/Poronhoitoalueen_maankayttokartta-17062024-212x300.jpg 212w\" sizes=\"auto, (max-width: 460px) 100vw, 460px\" \/><\/a><\/p>\n<p>Paras porolaidun on riitt\u00e4v\u00e4n laaja, yhten\u00e4inen ja monimuotoinen. Silloin poro voi valita ja l\u00f6yt\u00e4\u00e4 erilaisia ravintokasveja ja kaivuolosuhteita eri keleiss\u00e4. Hyv\u00e4ll\u00e4 laidunalueella poro saa riitt\u00e4v\u00e4sti ravintoa ja siell\u00e4 on my\u00f6s laidunrauha ilman mittavaa ihmistoimintaa ja t\u00e4st\u00e4 aiheutuvaa h\u00e4iri\u00f6t\u00e4. Porojen parhaat laidunalueet sijaitsevatkin suojelualueilla, joilla muuta maank\u00e4ytt\u00f6\u00e4 on rajoitettu.<\/p>\n<p>Poronhoito on aktiivisesti osallisena erilaisissa lakis\u00e4\u00e4teisiss\u00e4 maank\u00e4yt\u00f6n menettelyiss\u00e4, kuten kaavoituksen eri tasoilla (maakuntakaava, yleiskaava, asemakaava), hankkeiden ymp\u00e4rist\u00f6vaikutusten arvioinnissa (YVA), suojelualueiden hoito- ja k\u00e4ytt\u00f6suunnitelmissa, malminetsint\u00e4- ja kaivoslupaprosesseissa sek\u00e4 liikenteen suunnittelussa (tie- ja ratasuunnitelmat).<\/p>\n<p>Paliskuntain yhdistys toimii poronhoitokysymysten asiantuntijana ja asianosaisten paliskuntien apuna eri maank\u00e4yt\u00f6n menettelyiss\u00e4, antaa lausuntoja ja osallistuu neuvotteluihin, ohjausryhmiin ja kehitt\u00e4misty\u00f6ryhmiin sek\u00e4 ker\u00e4\u00e4 tietoa erilaisten maank\u00e4ytt\u00f6muotojen vaikutuksista poronhoitoon.<\/p>\n<p><a title=\"PHL\" href=\"https:\/\/www.finlex.fi\/fi\/laki\/ajantasa\/1990\/19900848#L8P53\">PHL 53 \u00a7<\/a>:n mukaisesti valtion maita koskevia, poronhoidon harjoittamiseen olennaisesti vaikuttavia toimenpiteit\u00e4 suunniteltaessa on aina neuvoteltava asianomaisen paliskunnan edustajien kanssa. Paliskuntaa neuvotteluissa edustaa <a href=\"http:\/\/paliskunnat.fi\/py\/organisaatio\/yhteystiedot\/paliskunnat\/\">porois\u00e4nt\u00e4<\/a>.<\/p>\n<p>Lis\u00e4tiedot:\u00a0<a href=\"https:\/\/paliskunnat.fi\/py\/organisaatio\/yhteystiedot\/henkilokunta\/#porotalousneuvojat\">Porotalousneuvojat<\/a><\/p>\n<p>&nbsp;<\/p>\n<p><!--more--><\/p>\n<h2>Maank\u00e4ytt\u00f6hankkeet porokulttuurin uhkana<\/h2>\n<p><a href=\"https:\/\/www.youtube.com\/watch?v=IFfJVV2vvL4\">Youtube-video<\/a><\/p>\n<h2>Maank\u00e4yt\u00f6n yhteensovittaminen<\/h2>\n<p>Lue ajankohtaisia artikkeleja ja kannanottoja<\/p>\n<p><a href=\"https:\/\/poromieslehti.blogspot.com\/\">Poromies-lehden Blogi<\/a><\/p>\n<p><a href=\"https:\/\/paliskuntainyhdistys.blogspot.com\/\">Poroblogi<\/a><\/p>\n<h2>Tutkimusta<\/h2>\n<p>Lue lis\u00e4\u00e4 poroon ja muuhun maank\u00e4ytt\u00f6\u00f6n liittyv\u00e4st\u00e4 <a href=\"https:\/\/paliskunnat.fi\/py\/materiaalit\/tutkimustietoa\/\">tutkimuksesta<\/a><\/p>\n<h2>Kaivokset<\/h2>\n<p>Tukesin <a href=\"https:\/\/gtkdata.gtk.fi\/kaivosrekisteri\/\" target=\"_blank\" rel=\"noopener noreferrer\">kaivosrekisterin<\/a> karttapalvelu tarjoaa ajankohtaista tietoa Suomen kaivosvarauksista.<\/p>\n<h2>Tuulivoima<\/h2>\n<p>Tuulivoimahankkeiden suunnittelu ja operointi poronhoitoalueella (<a href=\"https:\/\/akordi.fi\/wp-content\/uploads\/Paliskunnat-ja-tuulivoimatoimijat_toimintamalli_12012023_FINAL.pdf\">2023<\/a>, Akordi Oy)<\/p>\n<h2>PoroYVA<\/h2>\n<p><a href=\"https:\/\/www.paliskunnat.fi\/poroyva\/\">PoroYVA-opas<\/a> on kattava tietopaketti poronhoidon huomioimiseen maank\u00e4ytt\u00f6hankkeissa<\/p>\n<h2>Poro ja maatalous<\/h2>\n<p>Sanna Hast: Poronhoito ja maatalous (<a href=\"https:\/\/paliskunnat.fi\/py\/wp-content\/uploads\/2018\/03\/Poronhoito_ja_maatalous.pdf\">PDF<\/a> 1953 kt)<\/p>\n<h2>Poronhoidon paikkatietoaineistot<\/h2>\n<p><a href=\"https:\/\/paliskunnat.fi\/py\/neuvonta\/porotalousneuvonta\/poronhoidon-paikkatieto\/\">Poronhoidon paikkatietoaineistot<\/a> on ker\u00e4tty 2000-luvun alussa yhteisty\u00f6ss\u00e4 paliskuntien kanssa.<\/p>\n<p>&nbsp;<\/p>\n","protected":false},"excerpt":{"rendered":"<p>[L\u00e4hde: Word 24.7.2014]<\/p>\n","protected":false},"author":1,"featured_media":0,"parent":2,"menu_order":2,"comment_status":"open","ping_status":"closed","template":"","meta":{"footnotes":""},"class_list":["post-399","page","type-page","status-publish","hentry"],"_links":{"self":[{"href":"https:\/\/paliskunnat.fi\/py\/wp-json\/wp\/v2\/pages\/399","targetHints":{"allow":["GET"]}}],"collection":[{"href":"https:\/\/paliskunnat.fi\/py\/wp-json\/wp\/v2\/pages"}],"about":[{"href":"https:\/\/paliskunnat.fi\/py\/wp-json\/wp\/v2\/types\/page"}],"author":[{"embeddable":true,"href":"https:\/\/paliskunnat.fi\/py\/wp-json\/wp\/v2\/users\/1"}],"replies":[{"embeddable":true,"href":"https:\/\/paliskunnat.fi\/py\/wp-json\/wp\/v2\/comments?post=399"}],"version-history":[{"count":74,"href":"https:\/\/paliskunnat.fi\/py\/wp-json\/wp\/v2\/pages\/399\/revisions"}],"predecessor-version":[{"id":8384,"href":"https:\/\/paliskunnat.fi\/py\/wp-json\/wp\/v2\/pages\/399\/revisions\/8384"}],"up":[{"embeddable":true,"href":"https:\/\/paliskunnat.fi\/py\/wp-json\/wp\/v2\/pages\/2"}],"wp:attachment":[{"href":"https:\/\/paliskunnat.fi\/py\/wp-json\/wp\/v2\/media?parent=399"}],"curies":[{"name":"wp","href":"https:\/\/api.w.org\/{rel}","templated":true}]}}