{"id":4,"date":"2014-08-05T18:23:44","date_gmt":"2014-08-05T18:23:44","guid":{"rendered":"http:\/\/80.69.171.23\/py\/?page_id=4"},"modified":"2026-02-20T12:17:22","modified_gmt":"2026-02-20T10:17:22","slug":"organisaatio","status":"publish","type":"page","link":"https:\/\/paliskunnat.fi\/py\/organisaatio\/","title":{"rendered":"Organisaatio ja hallinto"},"content":{"rendered":"<h2>Porotalouden organisaatio ja hallinto<\/h2>\n<p>Porotalous kuuluu <a href=\"http:\/\/www.mmm.fi\/\">maa- ja mets\u00e4talousministeri\u00f6n<\/a> hallinnonalaan ja sit\u00e4 s\u00e4\u00e4telee poronhoitolaki (<a href=\"http:\/\/www.finlex.fi\/fi\/laki\/ajantasa\/1990\/19900848\">848\/1990<\/a>). Lihahygienias\u00e4\u00e4d\u00f6sten ja tukipolitiikan osalta porotalous on osa maataloussektoria. EU:ssa porotalous m\u00e4\u00e4ritell\u00e4\u00e4n elintarviketuotannoksi.<\/p>\n<p><a href=\"https:\/\/paliskunnat.fi\/py\/wp-content\/uploads\/2026\/02\/suomen-porontalouden-organisaatio.jpg\" rel=\"lightbox[4]\"><img loading=\"lazy\" decoding=\"async\" class=\"alignnone wp-image-8749\" src=\"https:\/\/paliskunnat.fi\/py\/wp-content\/uploads\/2026\/02\/suomen-porontalouden-organisaatio.jpg\" alt=\"Suomen porotalouden organisaatio.\" width=\"460\" height=\"281\" srcset=\"https:\/\/paliskunnat.fi\/py\/wp-content\/uploads\/2026\/02\/suomen-porontalouden-organisaatio.jpg 1200w, https:\/\/paliskunnat.fi\/py\/wp-content\/uploads\/2026\/02\/suomen-porontalouden-organisaatio-300x183.jpg 300w, https:\/\/paliskunnat.fi\/py\/wp-content\/uploads\/2026\/02\/suomen-porontalouden-organisaatio-1024x625.jpg 1024w, https:\/\/paliskunnat.fi\/py\/wp-content\/uploads\/2026\/02\/suomen-porontalouden-organisaatio-768x469.jpg 768w\" sizes=\"auto, (max-width: 460px) 100vw, 460px\" \/><\/a><\/p>\n<p>&nbsp;<\/p>\n<p><!--\n\n\n<h2>Maa- ja mets\u00e4talousministeri\u00f6<\/h2>\n\n\n<a href=\"http:\/\/www.mmm.fi\/fi\/index\/etusivu\/kalastus_riista_porot\/porotalous.html\">Porotalous<\/a> MMM--><\/p>\n","protected":false},"excerpt":{"rendered":"<p>Porotalouden organisaatio ja hallinto Porotalous kuuluu maa- ja mets\u00e4talousministeri\u00f6n hallinnonalaan ja sit\u00e4 s\u00e4\u00e4telee poronhoitolaki (848\/1990). Lihahygienias\u00e4\u00e4d\u00f6sten ja tukipolitiikan osalta porotalous on osa maataloussektoria. EU:ssa porotalous m\u00e4\u00e4ritell\u00e4\u00e4n elintarviketuotannoksi. &nbsp;<\/p>\n","protected":false},"author":1,"featured_media":0,"parent":0,"menu_order":1,"comment_status":"open","ping_status":"closed","template":"","meta":{"footnotes":""},"class_list":["post-4","page","type-page","status-publish","hentry"],"_links":{"self":[{"href":"https:\/\/paliskunnat.fi\/py\/wp-json\/wp\/v2\/pages\/4","targetHints":{"allow":["GET"]}}],"collection":[{"href":"https:\/\/paliskunnat.fi\/py\/wp-json\/wp\/v2\/pages"}],"about":[{"href":"https:\/\/paliskunnat.fi\/py\/wp-json\/wp\/v2\/types\/page"}],"author":[{"embeddable":true,"href":"https:\/\/paliskunnat.fi\/py\/wp-json\/wp\/v2\/users\/1"}],"replies":[{"embeddable":true,"href":"https:\/\/paliskunnat.fi\/py\/wp-json\/wp\/v2\/comments?post=4"}],"version-history":[{"count":109,"href":"https:\/\/paliskunnat.fi\/py\/wp-json\/wp\/v2\/pages\/4\/revisions"}],"predecessor-version":[{"id":8750,"href":"https:\/\/paliskunnat.fi\/py\/wp-json\/wp\/v2\/pages\/4\/revisions\/8750"}],"wp:attachment":[{"href":"https:\/\/paliskunnat.fi\/py\/wp-json\/wp\/v2\/media?parent=4"}],"curies":[{"name":"wp","href":"https:\/\/api.w.org\/{rel}","templated":true}]}}