{"id":401,"date":"2014-10-20T10:51:15","date_gmt":"2014-10-20T07:51:15","guid":{"rendered":"http:\/\/80.69.171.23\/py\/?page_id=401"},"modified":"2024-03-06T14:23:21","modified_gmt":"2024-03-06T12:23:21","slug":"metsatalous","status":"publish","type":"page","link":"https:\/\/paliskunnat.fi\/py\/neuvonta\/maankaytto\/metsatalous\/","title":{"rendered":"Mets\u00e4talous"},"content":{"rendered":"<h2>Mets\u00e4talous<\/h2>\n<p>Poronhoito kilpailee t\u00e4rkeimm\u00e4st\u00e4 resurssistaan, laajoista luonnonlaitumista, muun maank\u00e4yt\u00f6n kanssa. Laajavaikutteisin toinen maank\u00e4ytt\u00e4j\u00e4 on mets\u00e4talous. Mets\u00e4hallituksen kaikista\u00a0mets\u00e4talouden mets\u00e4maista 71 % sijaitsee poronhoitoalueella. Poronhoitoalueella 62 % mets\u00e4talousmaasta on tuottavaa mets\u00e4maata, mist\u00e4 58 % on valtion, 33 % yksityisten ja 10 % muiden (muun muassa kunnat, seurakunnat ja yhti\u00f6t) omistamaa.<\/p>\n<p>Mets\u00e4paliskunnissa metsien merkitys etenkin talvilaitumena on eritt\u00e4in suuri. Porot valikoivat talvella ravinnokseen ensisijaisesti j\u00e4k\u00e4li\u00e4 ja varpuja. J\u00e4k\u00e4lien merkitys porolle helposti hy\u00f6dynnett\u00e4v\u00e4n\u00e4, paljon hiilihydraatteja sis\u00e4lt\u00e4v\u00e4n\u00e4 ravintona kasvaa talven edetess\u00e4. Luonnonvarakeskuksen tutkimusten mukaan j\u00e4k\u00e4lien ja luppojen m\u00e4\u00e4r\u00e4 on vanhoissa metsiss\u00e4 suurempi kuin nuorissa kasvatusmetsiss\u00e4.<\/p>\n\n\t\t<style type=\"text\/css\">\n\t\t\t#gallery-1 {\n\t\t\t\tmargin: auto;\n\t\t\t}\n\t\t\t#gallery-1 .gallery-item {\n\t\t\t\tfloat: left;\n\t\t\t\tmargin-top: 10px;\n\t\t\t\ttext-align: center;\n\t\t\t\twidth: 33%;\n\t\t\t}\n\t\t\t#gallery-1 img {\n\t\t\t\tborder: 2px solid #cfcfcf;\n\t\t\t}\n\t\t\t#gallery-1 .gallery-caption {\n\t\t\t\tmargin-left: 0;\n\t\t\t}\n\t\t\t\/* see gallery_shortcode() in wp-includes\/media.php *\/\n\t\t<\/style>\n\t\t<div id='gallery-1' class='gallery galleryid-401 gallery-columns-3 gallery-size-thumbnail'><dl class='gallery-item'>\n\t\t\t<dt class='gallery-icon landscape'>\n\t\t\t\t<a href='https:\/\/paliskunnat.fi\/py\/wp-content\/uploads\/2014\/10\/Metsanmuokkaus1.jpg' rel=\"lightbox[401]\"><img loading=\"lazy\" decoding=\"async\" width=\"150\" height=\"150\" src=\"https:\/\/paliskunnat.fi\/py\/wp-content\/uploads\/2014\/10\/Metsanmuokkaus1-150x150.jpg\" class=\"attachment-thumbnail size-thumbnail\" alt=\"\" \/><\/a>\n\t\t\t<\/dt><\/dl><dl class='gallery-item'>\n\t\t\t<dt class='gallery-icon landscape'>\n\t\t\t\t<a href='https:\/\/paliskunnat.fi\/py\/wp-content\/uploads\/2014\/10\/MetsanmuokkausB.jpg' rel=\"lightbox[401]\"><img loading=\"lazy\" decoding=\"async\" width=\"150\" height=\"150\" src=\"https:\/\/paliskunnat.fi\/py\/wp-content\/uploads\/2014\/10\/MetsanmuokkausB-150x150.jpg\" class=\"attachment-thumbnail size-thumbnail\" alt=\"\" \/><\/a>\n\t\t\t<\/dt><\/dl><dl class='gallery-item'>\n\t\t\t<dt class='gallery-icon landscape'>\n\t\t\t\t<a href='https:\/\/paliskunnat.fi\/py\/wp-content\/uploads\/2014\/10\/Porot_kaivoksella.jpg' rel=\"lightbox[401]\"><img loading=\"lazy\" decoding=\"async\" width=\"150\" height=\"150\" src=\"https:\/\/paliskunnat.fi\/py\/wp-content\/uploads\/2014\/10\/Porot_kaivoksella-150x150.jpg\" class=\"attachment-thumbnail size-thumbnail\" alt=\"\" \/><\/a>\n\t\t\t<\/dt><\/dl><br style=\"clear: both\" \/><dl class='gallery-item'>\n\t\t\t<dt class='gallery-icon landscape'>\n\t\t\t\t<a href='https:\/\/paliskunnat.fi\/py\/wp-content\/uploads\/2014\/10\/poroja_hakkuulla.jpg' rel=\"lightbox[401]\"><img loading=\"lazy\" decoding=\"async\" width=\"150\" height=\"150\" src=\"https:\/\/paliskunnat.fi\/py\/wp-content\/uploads\/2014\/10\/poroja_hakkuulla-150x150.jpg\" class=\"attachment-thumbnail size-thumbnail\" alt=\"\" \/><\/a>\n\t\t\t<\/dt><\/dl>\n\t\t\t<br style='clear: both' \/>\n\t\t<\/div>\n\n<p>&nbsp;<\/p>\n<p>Kev\u00e4ttalvella, hangen k\u00e4ydess\u00e4 liian paksuksi ja kovaksi ravinnon kaivamiseen, poro s\u00e4\u00e4st\u00e4\u00e4 kaivuuseen kuluvaa energiaa ja siirtyy hy\u00f6dynt\u00e4m\u00e4\u00e4n luppoja eli puissa kasvavia j\u00e4k\u00e4li\u00e4, joita on eniten varttuneissa ja vanhoissa havumetsiss\u00e4. Poro hy\u00f6dynt\u00e4\u00e4 puiden rungoilla ja oksilla kasvavien luppojen lis\u00e4ksi my\u00f6s lupposadantaa, eli lumen ja tuulen hangelle kylv\u00e4m\u00e4\u00e4 luppoa.<\/p>\n<p>Sotien j\u00e4lkeen yleistyi voimaper\u00e4inen mets\u00e4talous, jossa suositaan tasaik\u00e4rakenteisia, yhden valtapuulajin metsik\u00f6it\u00e4 ja p\u00e4\u00e4tehakkuita. Vanhojen ja varttuneiden metsien m\u00e4\u00e4r\u00e4 on merkitt\u00e4v\u00e4sti v\u00e4hentynyt, niit\u00e4 on nykyisin j\u00e4ljell\u00e4 l\u00e4hinn\u00e4 suojelualueilla. Voimakkaat maanmuokkaukset ja ojitukset ovat my\u00f6s osaltaan muuttaneet poronhoidon toimintaymp\u00e4rist\u00f6\u00e4. Monimuotoinen mets\u00e4rakenne on muuttunut hakkuuaukkojen, taimikoiden ja nuorten tasaik\u00e4rakenteisten kasvatusmetsik\u00f6iden mosaiikiksi.\u00a0 Muuttunut mets\u00e4rakenne on vaikuttanut eritoten talviaikaiseen poronhoitoon.<\/p>\n<p>Jokaisen paliskunnan poroista osaa lis\u00e4ruokitaan talvisin. Lis\u00e4ruokinnan tarve kytkeytyy kunkin paliskunnan tai tokkakunnan laiduntilanteeseen. Talousmets\u00e4alueilla ruokinta on v\u00e4ltt\u00e4m\u00e4t\u00f6nt\u00e4 porojen pit\u00e4miseksi hyv\u00e4ss\u00e4 kunnossa talven yli. Lis\u00e4ruokinta hoidetaan osin tarhoissa, osin luonnonlaitumilla. Porot p\u00e4rj\u00e4\u00e4v\u00e4t hyv\u00e4kuntoisina ilman talvista lis\u00e4ruokintaa l\u00e4hinn\u00e4 riitt\u00e4v\u00e4n laajoilla yhten\u00e4isten vanhojen metsien alueilla, kuten erilaisilla suojelualueilla, joilla j\u00e4k\u00e4l\u00e4 ja luppo edelleen\u00a0kasvavat hyvin.<br \/>\n<strong>Mets\u00e4talous vaikuttaa poronhoitoon erityisesti laidunten muuttamisen kautta, sill\u00e4 se v\u00e4hent\u00e4\u00e4 porolle t\u00e4rkeiden talvilaidunten pinta-aloja ja heikent\u00e4\u00e4 niiden tilaa:<\/strong><\/p>\n<ul>\n<li>Yhten\u00e4iset laidunalueet pirstoutuvat<\/li>\n<li>Kun puusto hakataan, lupon kasvualusta h\u00e4vi\u00e4\u00e4<\/li>\n<li>Maan muokkaus: j\u00e4k\u00e4l\u00e4t ja varvut v\u00e4henev\u00e4t<\/li>\n<li>Hakkuut\u00e4hteet haittaavat j\u00e4k\u00e4l\u00e4n kasvua<\/li>\n<li>Hakkuualueilla s\u00e4teily-, kosteus-, l\u00e4mp\u00f6- ja tuuliolosuhteet muuttuvat. J\u00e4k\u00e4l\u00e4n kilpailutilanne muiden kasvien kanssa kiristyy<\/li>\n<li>Lumipeite avoimilla alueilla kovettuu tuulen vaikutuksesta, mik\u00e4 vaikeuttaa kaivuoloja (kev\u00e4ttalvi)<\/li>\n<\/ul>\n<p><strong>Mets\u00e4talous vaikuttaa my\u00f6s poronhoitot\u00f6ihin<\/strong><\/p>\n<ul>\n<li>Kannot, hakkuut\u00e4hteet, \u00e4estykset, m\u00e4t\u00e4stykset, ojitukset ja ylitihe\u00e4t taimikot vaikeuttavat porojen ja poromiesten liikkumista porolaitumilla<\/li>\n<li>Mets\u00e4tiet helpottavat poronhoitot\u00f6it\u00e4, mutta toisaalta my\u00f6s lis\u00e4\u00e4v\u00e4t muutakin liikehdint\u00e4\u00e4 ja erilaista h\u00e4iri\u00f6t\u00e4 metsiss\u00e4<\/li>\n<\/ul>\n<p><strong>Mets\u00e4talouden positiiviset vaikutukset poronhoitoon<\/strong><\/p>\n<ul>\n<li>Harvennushakkuut: n\u00e4kyvyys paranee ja valon m\u00e4\u00e4r\u00e4 lis\u00e4\u00e4ntyy; j\u00e4k\u00e4l\u00e4 hy\u00f6tyy ja liikkuminen poronhoitot\u00f6iss\u00e4 helpottuu<\/li>\n<li>Ty\u00f6llist\u00e4\u00e4 sesonkiluontoisesti my\u00f6s poronhoitajia (istutus, raivaus, konety\u00f6t)<\/li>\n<\/ul>\n<h3>Poronhoidon huomioiminen mets\u00e4taloudessa<\/h3>\n<p>Nykyisess\u00e4\u00a0<a href=\"https:\/\/www.finlex.fi\/fi\/laki\/ajantasa\/1996\/19961093\">mets\u00e4laissa<\/a> (1093\/1996) mets\u00e4nomistaja voi p\u00e4\u00e4tt\u00e4\u00e4 hakkuun ajoituksesta ja metsien kiertoajoista, mik\u00e4 mahdollistaa poronhoitoa paremmin huomioivan mets\u00e4nhoidon. Jatkuvapeitteisen mets\u00e4nkasvatuksen menetelm\u00e4t, kuten poiminta- ja pienaukkohakkuut, luontainen uudistaminen ja eri-ik\u00e4rakenteisen mets\u00e4n kasvatus ovat nykyisin mets\u00e4nomistajalle vaihtoehtoja. Poimintahakkuiden k\u00e4ytt\u00f6 mets\u00e4taloudessa lis\u00e4isi metsien peitteisyytt\u00e4, jolloin lupon siirtyminen uuteen puusukupolveen helpottuu. Maan muokkauksia ei uudistamisessa t\u00e4ll\u00f6in tarvita, jolloin porojen laitumet s\u00e4ilyv\u00e4t paremmin my\u00f6s mets\u00e4talousmailla.<\/p>\n<p>&nbsp;<\/p>\n<p><!--more--><\/p>\n<h2>Lis\u00e4tietoja<\/h2>\n<p><a href=\"https:\/\/paliskunnat.fi\/py\/materiaalit\/tutkimustietoa\/\">Tutkimustietoa<\/a> -sivulla<\/p>\n<h2>Paliskuntain yhdistyksen ja Mets\u00e4hallituksen sopimus<\/h2>\n<p><a href=\"https:\/\/paliskunnat.fi\/ohjeet_oppaat\/Paliskuntain_yhdistyksen_ja_metsahallituksen_sopimus_2021.pdf\">Sopimus<\/a> (PDF-tiedostona). Sopimus on uusittu 11.1.2021. Sopimuksen vastaisesta toiminnasta tulee ilmoittaa viipym\u00e4tt\u00e4 <a href=\"https:\/\/paliskunnat.fi\/py\/organisaatio\/yhteystiedot\/henkilokunta\/#porotalousneuvojat\">porotalousneuvojille<\/a>.<\/p>\n<p>Mets\u00e4hallituksen toiminta poronhoitoalueella (<a href=\"https:\/\/www.metsa.fi\/maat-ja-vedet\/alueiden-kayton-suunnittelu\/toiminta-poronhoitoalueella\/\">metsa.fi<\/a>)<\/p>\n","protected":false},"excerpt":{"rendered":"<p>L\u00e5hde Yammer<br \/>\nAnne Ollila, Rovaniemi 11\/2013[Mets\u00e4hallitus ja sopimusperusteinen yhteisty\u00f6]. PowerPoint.<\/p>\n","protected":false},"author":1,"featured_media":0,"parent":399,"menu_order":2,"comment_status":"open","ping_status":"closed","template":"","meta":{"footnotes":""},"class_list":["post-401","page","type-page","status-publish","hentry"],"_links":{"self":[{"href":"https:\/\/paliskunnat.fi\/py\/wp-json\/wp\/v2\/pages\/401","targetHints":{"allow":["GET"]}}],"collection":[{"href":"https:\/\/paliskunnat.fi\/py\/wp-json\/wp\/v2\/pages"}],"about":[{"href":"https:\/\/paliskunnat.fi\/py\/wp-json\/wp\/v2\/types\/page"}],"author":[{"embeddable":true,"href":"https:\/\/paliskunnat.fi\/py\/wp-json\/wp\/v2\/users\/1"}],"replies":[{"embeddable":true,"href":"https:\/\/paliskunnat.fi\/py\/wp-json\/wp\/v2\/comments?post=401"}],"version-history":[{"count":63,"href":"https:\/\/paliskunnat.fi\/py\/wp-json\/wp\/v2\/pages\/401\/revisions"}],"predecessor-version":[{"id":8142,"href":"https:\/\/paliskunnat.fi\/py\/wp-json\/wp\/v2\/pages\/401\/revisions\/8142"}],"up":[{"embeddable":true,"href":"https:\/\/paliskunnat.fi\/py\/wp-json\/wp\/v2\/pages\/399"}],"wp:attachment":[{"href":"https:\/\/paliskunnat.fi\/py\/wp-json\/wp\/v2\/media?parent=401"}],"curies":[{"name":"wp","href":"https:\/\/api.w.org\/{rel}","templated":true}]}}