{"id":4053,"date":"2015-05-25T15:04:03","date_gmt":"2015-05-25T12:04:03","guid":{"rendered":"http:\/\/paliskunnat.fi\/py\/?page_id=4053"},"modified":"2015-10-01T09:20:42","modified_gmt":"2015-10-01T06:20:42","slug":"rahastonhoitajat","status":"publish","type":"page","link":"https:\/\/paliskunnat.fi\/py\/organisaatio\/yhteystiedot\/rahastonhoitajat\/","title":{"rendered":"Rahastonhoitajat"},"content":{"rendered":"<h2><\/h2>\n<h2><\/h2>\n<p>&nbsp;<\/p>\n<p>&nbsp;<\/p>\n<h2>Paliskuntien rahastonhoitajat<\/h2>\n\n<table id=\"tablepress-4\" class=\"tablepress tablepress-id-4\">\n<thead>\n<tr class=\"row-1\">\n\t<th class=\"column-1\">PALISKUNTA<\/th><th class=\"column-2\">NIMI<\/th><th class=\"column-3\">PUHELIN<\/th><th class=\"column-4\">OSOITE<\/th>\n<\/tr>\n<\/thead>\n<tbody class=\"row-striping row-hover\">\n<tr class=\"row-2\">\n\t<td class=\"column-1\">Akanlahti<\/td><td class=\"column-2\">P\u00e4tsi Ella<br \/>\n<\/td><td class=\"column-3\">040 835 7089<br \/>\n<\/td><td class=\"column-4\">Lohirannantie 270<br \/>\n97940 Lohiranta<\/td>\n<\/tr>\n<tr class=\"row-3\">\n\t<td class=\"column-1\">Alakyl\u00e4<\/td><td class=\"column-2\">Nevalainen Helena<\/td><td class=\"column-3\">040 375 9327<\/td><td class=\"column-4\">Tainiontie 1290\t<br \/>\n97420 Lohiniva<\/td>\n<\/tr>\n<tr class=\"row-4\">\n\t<td class=\"column-1\">Halla<\/td><td class=\"column-2\">Kaartinen Kati<\/td><td class=\"column-3\">044 355 8821<\/td><td class=\"column-4\">Tervakyl\u00e4ntie 4 B <br \/>\n89400 Hyrynsalmi<\/td>\n<\/tr>\n<tr class=\"row-5\">\n\t<td class=\"column-1\">Hammastunturi<\/td><td class=\"column-2\">Lehtola Minna<\/td><td class=\"column-3\">040 771 2688<br \/>\n<\/td><td class=\"column-4\">Anselmintie 4 A 3<br \/>\n99800 Ivalo<\/td>\n<\/tr>\n<tr class=\"row-6\">\n\t<td class=\"column-1\">Hirvasniemi<\/td><td class=\"column-2\">Kaisanlahti Pekka<\/td><td class=\"column-3\">040 523 6230<br \/>\n<\/td><td class=\"column-4\">Per\u00e4posiontie 723<br \/>\n98400 Isokyl\u00e4<\/td>\n<\/tr>\n<tr class=\"row-7\">\n\t<td class=\"column-1\">Hossa-Irni<\/td><td class=\"column-2\">Manninen Erkki<\/td><td class=\"column-3\">050 586 2359<\/td><td class=\"column-4\">Korpikuusentie 11<br \/>\n89800 Suomussalmi KK<\/td>\n<\/tr>\n<tr class=\"row-8\">\n\t<td class=\"column-1\">Ikonen<\/td><td class=\"column-2\">Hepola Esko<\/td><td class=\"column-3\">040 573 8281<\/td><td class=\"column-4\">Siuruantie 4480<br \/>\n93187 Ala-Siurua<\/td>\n<\/tr>\n<tr class=\"row-9\">\n\t<td class=\"column-1\">Isosyd\u00e4nmaa<\/td><td class=\"column-2\">Porotalo Oy<br \/>\nSipola Asta<\/td><td class=\"column-3\">045 251 6355<\/td><td class=\"column-4\">Vanamonkatu 5 A 13<br \/>\n96500 Rovaniemi<\/td>\n<\/tr>\n<tr class=\"row-10\">\n\t<td class=\"column-1\">Ivalo<\/td><td class=\"column-2\">Mikkola Outi<\/td><td class=\"column-3\">040 730 3107<\/td><td class=\"column-4\">Heikuntie 36<br \/>\n99800 Ivalo<\/td>\n<\/tr>\n<tr class=\"row-11\">\n\t<td class=\"column-1\">J\u00e4\u00e4sk\u00f6<\/td><td class=\"column-2\">Porotalo Oy<br \/>\nSipola Asta<\/td><td class=\"column-3\">045 251 6355<\/td><td class=\"column-4\">Vanamonkatu 5 A 13<br \/>\n96500 Rovaniemi<\/td>\n<\/tr>\n<tr class=\"row-12\">\n\t<td class=\"column-1\">Kaldoaivi<\/td><td class=\"column-2\">Porotalo Oy<br \/>\nSipola Asta<\/td><td class=\"column-3\">045 251 6355<\/td><td class=\"column-4\">Vanamonkatu 5 A 13<br \/>\n96500 Rovaniemi<\/td>\n<\/tr>\n<tr class=\"row-13\">\n\t<td class=\"column-1\">Kallioluoma<\/td><td class=\"column-2\">Sepp\u00e4nen Juho<\/td><td class=\"column-3\">040 044 2762<\/td><td class=\"column-4\">Lehtomannisentie 7<br \/>\n93700 Kuusamo<\/td>\n<\/tr>\n<tr class=\"row-14\">\n\t<td class=\"column-1\">Kemin-Sompio<\/td><td class=\"column-2\">Wessman Iida<\/td><td class=\"column-3\">040 861 6533<\/td><td class=\"column-4\">Korvatunturintie 165<br \/>\n98800 Savukoski<\/td>\n<\/tr>\n<tr class=\"row-15\">\n\t<td class=\"column-1\">Kiiminki<\/td><td class=\"column-2\">P\u00e4kkil\u00e4 Tuomo<\/td><td class=\"column-3\">041 433 7701<\/td><td class=\"column-4\">Huovisentie 32<br \/>\n91210 Jakkukyl\u00e4<\/td>\n<\/tr>\n<tr class=\"row-16\">\n\t<td class=\"column-1\">Kolari<\/td><td class=\"column-2\">Ollitervo-Satta Marjukka<\/td><td class=\"column-3\">040 511 0733<\/td><td class=\"column-4\">Pellontie 283 B <br \/>\n95800 Sieppij\u00e4rvi<\/td>\n<\/tr>\n<tr class=\"row-17\">\n\t<td class=\"column-1\">Kollaja<\/td><td class=\"column-2\">Oinas Jorma<\/td><td class=\"column-3\">040 047 6414<\/td><td class=\"column-4\">Oinaantie 50<br \/>\n93160 Hetej\u00e4rvi<\/td>\n<\/tr>\n<tr class=\"row-18\">\n\t<td class=\"column-1\">Kuivasalmi<\/td><td class=\"column-2\">Korhonen Maija<\/td><td class=\"column-3\">040 846 3910<\/td><td class=\"column-4\">Kurjennivantie 84<br \/>\n99100 Kittil\u00e4<\/td>\n<\/tr>\n<tr class=\"row-19\">\n\t<td class=\"column-1\">Kuukas<\/td><td class=\"column-2\">Kortesalmi Outi<\/td><td class=\"column-3\">040 719 8809<\/td><td class=\"column-4\">Keskustie 30<br \/>\n97700 Ranua<\/td>\n<\/tr>\n<tr class=\"row-20\">\n\t<td class=\"column-1\">Kyr\u00f6<\/td><td class=\"column-2\">Nurmela\tTanja<\/td><td class=\"column-3\">040 583 2504<\/td><td class=\"column-4\">Kiistalantie 3505<br \/>\n99250 Kiistala<\/td>\n<\/tr>\n<tr class=\"row-21\">\n\t<td class=\"column-1\">K\u00e4sivarsi<\/td><td class=\"column-2\">Valkeap\u00e4\u00e4 Tytti<\/td><td class=\"column-3\">040 575 3425<\/td><td class=\"column-4\">K\u00e4sivarrentie 1752<br \/>\n99460 Kuttanen<\/td>\n<\/tr>\n<tr class=\"row-22\">\n\t<td class=\"column-1\">Lappi<\/td><td class=\"column-2\">Kuhmonen Hanna-Riikka<\/td><td class=\"column-3\">045 261 6680<\/td><td class=\"column-4\">Tolosentie 1009<br \/>\n99800 Ivalo<\/td>\n<\/tr>\n<tr class=\"row-23\">\n\t<td class=\"column-1\">Lohij\u00e4rvi<\/td><td class=\"column-2\">Porotalo Oy<br \/>\nSipola Asta<\/td><td class=\"column-3\">045 251 6355<\/td><td class=\"column-4\">Vanamonkatu 5 A 13<br \/>\n96500 Rovaniemi<\/td>\n<\/tr>\n<tr class=\"row-24\">\n\t<td class=\"column-1\">Muddusj\u00e4rvi<\/td><td class=\"column-2\">Seuruj\u00e4rvi Miina<\/td><td class=\"column-3\">040 744 7528<\/td><td class=\"column-4\">Sevettij\u00e4rventie 3880<br \/>\n99870 Inari<\/td>\n<\/tr>\n<tr class=\"row-25\">\n\t<td class=\"column-1\">Muonio<\/td><td class=\"column-2\">Kotakorva Aslak<\/td><td class=\"column-3\">040 097 8280<\/td><td class=\"column-4\">Kanervapolku 2<br \/>\n99300 Muonio<\/td>\n<\/tr>\n<tr class=\"row-26\">\n\t<td class=\"column-1\">Muotkatunturi<\/td><td class=\"column-2\">Nuorgam Olli-Veli<\/td><td class=\"column-3\">040 034 7411<\/td><td class=\"column-4\">Kaamasentie 3241<br \/>\n99910 Kaamanen<\/td>\n<\/tr>\n<tr class=\"row-27\">\n\t<td class=\"column-1\">Narkaus<\/td><td class=\"column-2\">Porotalo Oy<br \/>\nSipola Asta<\/td><td class=\"column-3\">045 251 6355<\/td><td class=\"column-4\">Vanamonkatu 5 A 13<br \/>\n96500 Rovaniemi<\/td>\n<\/tr>\n<tr class=\"row-28\">\n\t<td class=\"column-1\">Niemel\u00e4<\/td><td class=\"column-2\">Ahvensalmi Kaisa<\/td><td class=\"column-3\">040 547 0826<\/td><td class=\"column-4\">Pirttikoskentie 1363<br \/>\n97630 Pekkala<\/td>\n<\/tr>\n<tr class=\"row-29\">\n\t<td class=\"column-1\">N\u00e4kk\u00e4l\u00e4<\/td><td class=\"column-2\">N\u00e4kk\u00e4l\u00e4j\u00e4rvi Anne-Maria<\/td><td class=\"column-3\">040 841 0555<\/td><td class=\"column-4\">Ounastie 497<br \/>\n99400 Enonteki\u00f6<\/td>\n<\/tr>\n<tr class=\"row-30\">\n\t<td class=\"column-1\">N\u00e4lj\u00e4nk\u00e4<\/td><td class=\"column-2\">Suorsa Leila<\/td><td class=\"column-3\">040 567 9284<\/td><td class=\"column-4\">Auhonkatu 20<br \/>\n89200 Puolanka<\/td>\n<\/tr>\n<tr class=\"row-31\">\n\t<td class=\"column-1\">N\u00e4\u00e4t\u00e4m\u00f6<\/td><td class=\"column-2\">Lehtola Minna<\/td><td class=\"column-3\">040 771 2688<\/td><td class=\"column-4\">Sudentie 4 as 3<br \/>\n99800 Ivalo<\/td>\n<\/tr>\n<tr class=\"row-32\">\n\t<td class=\"column-1\">Oij\u00e4rvi<\/td><td class=\"column-2\">Siurua Leena<\/td><td class=\"column-3\">040 706 6142<\/td><td class=\"column-4\">Kangastalontie 17<br \/>\n 91210 Jakkukyl\u00e4<\/td>\n<\/tr>\n<tr class=\"row-33\">\n\t<td class=\"column-1\">Oivanki<\/td><td class=\"column-2\">Pitk\u00e4nen Inga<\/td><td class=\"column-3\">040 770 1629<\/td><td class=\"column-4\">K\u00e4rp\u00e4nkyl\u00e4ntie 6<br \/>\n93800 Kuusamo<\/td>\n<\/tr>\n<tr class=\"row-34\">\n\t<td class=\"column-1\">Oraj\u00e4rvi<\/td><td class=\"column-2\">M\u00e4mmil\u00e4 Hilkka<\/td><td class=\"column-3\">040 833 4806<\/td><td class=\"column-4\">Torniontie 51<br \/>\n95700 Pello<\/td>\n<\/tr>\n<tr class=\"row-35\">\n\t<td class=\"column-1\">Oraniemi<\/td><td class=\"column-2\">Mikkola Hanna<\/td><td class=\"column-3\">040 564 4162<\/td><td class=\"column-4\">Sattasentie 351<br \/>\n99650 Sattanen<\/td>\n<\/tr>\n<tr class=\"row-36\">\n\t<td class=\"column-1\">Paatsjoki<\/td><td class=\"column-2\">M\u00e4enp\u00e4\u00e4 Ritva<\/td><td class=\"column-3\">040 524 0526<\/td><td class=\"column-4\">Nellimintie 4501<br \/>\n99800 Ivalo<\/td>\n<\/tr>\n<tr class=\"row-37\">\n\t<td class=\"column-1\">Paistunturi<\/td><td class=\"column-2\">Portti Annikki<\/td><td class=\"column-3\">040 041 0889<\/td><td class=\"column-4\">Rantatie 37 B<br \/>\n99800 Ivalo<\/td>\n<\/tr>\n<tr class=\"row-38\">\n\t<td class=\"column-1\">Paloj\u00e4rvi<\/td><td class=\"column-2\">Konttaniemi Mari<\/td><td class=\"column-3\">040 739 5614<\/td><td class=\"column-4\">Tamsintie 76<br \/>\n96100 Rovaniemi<\/td>\n<\/tr>\n<tr class=\"row-39\">\n\t<td class=\"column-1\">Pintamo<\/td><td class=\"column-2\">Takaharju Kari<\/td><td class=\"column-3\">040 509 5435<\/td><td class=\"column-4\">Etel\u00e4puolentie 500<br \/>\n93277 Iinattij\u00e4rvi<\/td>\n<\/tr>\n<tr class=\"row-40\">\n\t<td class=\"column-1\">Pohjois-Salla<\/td><td class=\"column-2\">S\u00e4rkel\u00e4 Marja<\/td><td class=\"column-3\">040 589 8456<\/td><td class=\"column-4\">Miuluksentie 7 C<br \/>\n98950 Saija<\/td>\n<\/tr>\n<tr class=\"row-41\">\n\t<td class=\"column-1\">Poikaj\u00e4rvi<\/td><td class=\"column-2\">Ylisuvanto Emilia<\/td><td class=\"column-3\">040 764 2158<\/td><td class=\"column-4\">Molkojoentie 409<br \/>\n97340 Meltaus<\/td>\n<\/tr>\n<tr class=\"row-42\">\n\t<td class=\"column-1\">Posion Livo<\/td><td class=\"column-2\">Soudunsaari Hannu<\/td><td class=\"column-3\">040 568 0564<\/td><td class=\"column-4\">Honkaniementie 3<br \/>\n97900 Posio<\/td>\n<\/tr>\n<tr class=\"row-43\">\n\t<td class=\"column-1\">Pudasj\u00e4rven Livo<\/td><td class=\"column-2\">S\u00e4rkel\u00e4 Kalevi<\/td><td class=\"column-3\">040 702 9475<\/td><td class=\"column-4\">Rytinginsalmentie 3032<br \/>\n93280 Sy\u00f6te<\/td>\n<\/tr>\n<tr class=\"row-44\">\n\t<td class=\"column-1\">Pudasj\u00e4rvi<\/td><td class=\"column-2\">Porotalo Oy<br \/>\nSipola Asta<\/td><td class=\"column-3\">045 251 6355<\/td><td class=\"column-4\">Vanamonkatu 5 A 13<br \/>\n96500 Rovaniemi<\/td>\n<\/tr>\n<tr class=\"row-45\">\n\t<td class=\"column-1\">Pyh\u00e4-Kallio<\/td><td class=\"column-2\">Poropudas Riikka<\/td><td class=\"column-3\">040 128 1112<\/td><td class=\"column-4\">Pounikkotie 5<br \/>\n96500 Rovaniemi<\/td>\n<\/tr>\n<tr class=\"row-46\">\n\t<td class=\"column-1\">Salla<\/td><td class=\"column-2\">Uutela Anniina<\/td><td class=\"column-3\">045 631 8279<\/td><td class=\"column-4\">Portinniskantie 520<br \/>\n98720 Suomutunturi<\/td>\n<\/tr>\n<tr class=\"row-47\">\n\t<td class=\"column-1\">Sallivaara<\/td><td class=\"column-2\">Sara\tMarjinga<\/td><td class=\"column-3\"><\/td><td class=\"column-4\"><\/td>\n<\/tr>\n<tr class=\"row-48\">\n\t<td class=\"column-1\">Sattasniemi<\/td><td class=\"column-2\">Mikkola Hanna<\/td><td class=\"column-3\">040 564 4162<\/td><td class=\"column-4\">Sattasentie 351<br \/>\n99650 Sattanen<\/td>\n<\/tr>\n<tr class=\"row-49\">\n\t<td class=\"column-1\">Syv\u00e4j\u00e4rvi<\/td><td class=\"column-2\">Porotalo Oy<br \/>\nSipola Asta<\/td><td class=\"column-3\">045 251 6355<\/td><td class=\"column-4\">Vanamonkatu 5 A 13<br \/>\n96500 Rovaniemi<\/td>\n<\/tr>\n<tr class=\"row-50\">\n\t<td class=\"column-1\">Taivalkoski<\/td><td class=\"column-2\">V\u00e4\u00e4t\u00e4j\u00e4 Timo<\/td><td class=\"column-3\">040 020 8261<\/td><td class=\"column-4\">Ouluntie 194 B<br \/>\n93420 Jurmu<\/td>\n<\/tr>\n<tr class=\"row-51\">\n\t<td class=\"column-1\">Timisj\u00e4rvi<\/td><td class=\"column-2\">Kylm\u00e4niemi Arto<\/td><td class=\"column-3\">040 721 6867<\/td><td class=\"column-4\">Tuomikuja 1 B 9<br \/>\n96190 Rovaniemi<\/td>\n<\/tr>\n<tr class=\"row-52\">\n\t<td class=\"column-1\">Tolva<\/td><td class=\"column-2\">Harjukelo Ossi<\/td><td class=\"column-3\">044 531 1818<\/td><td class=\"column-4\">Kimaskuja 9<br \/>\n98900 Salla<\/td>\n<\/tr>\n<tr class=\"row-53\">\n\t<td class=\"column-1\">Vanttaus<\/td><td class=\"column-2\">Soudunsaari Sami<\/td><td class=\"column-3\">040 020 5645<\/td><td class=\"column-4\">Sumatie 12 B<br \/>\n96900 Saarenkyl\u00e4<\/td>\n<\/tr>\n<tr class=\"row-54\">\n\t<td class=\"column-1\">V\u00e4ts\u00e4ri<\/td><td class=\"column-2\">Sinkkonen Minna<\/td><td class=\"column-3\">050 475 5091<\/td><td class=\"column-4\">Varsitie 12<br \/>\n96900 Saarenkyl\u00e4<\/td>\n<\/tr>\n<\/tbody>\n<\/table>\n<!-- #tablepress-4 from cache -->\n","protected":false},"excerpt":{"rendered":"<p>&nbsp; &nbsp; Paliskuntien rahastonhoitajat<\/p>\n","protected":false},"author":1,"featured_media":0,"parent":280,"menu_order":3,"comment_status":"closed","ping_status":"closed","template":"kokosivu.php","meta":{"footnotes":""},"class_list":["post-4053","page","type-page","status-publish","hentry"],"_links":{"self":[{"href":"https:\/\/paliskunnat.fi\/py\/wp-json\/wp\/v2\/pages\/4053","targetHints":{"allow":["GET"]}}],"collection":[{"href":"https:\/\/paliskunnat.fi\/py\/wp-json\/wp\/v2\/pages"}],"about":[{"href":"https:\/\/paliskunnat.fi\/py\/wp-json\/wp\/v2\/types\/page"}],"author":[{"embeddable":true,"href":"https:\/\/paliskunnat.fi\/py\/wp-json\/wp\/v2\/users\/1"}],"replies":[{"embeddable":true,"href":"https:\/\/paliskunnat.fi\/py\/wp-json\/wp\/v2\/comments?post=4053"}],"version-history":[{"count":10,"href":"https:\/\/paliskunnat.fi\/py\/wp-json\/wp\/v2\/pages\/4053\/revisions"}],"predecessor-version":[{"id":4274,"href":"https:\/\/paliskunnat.fi\/py\/wp-json\/wp\/v2\/pages\/4053\/revisions\/4274"}],"up":[{"embeddable":true,"href":"https:\/\/paliskunnat.fi\/py\/wp-json\/wp\/v2\/pages\/280"}],"wp:attachment":[{"href":"https:\/\/paliskunnat.fi\/py\/wp-json\/wp\/v2\/media?parent=4053"}],"curies":[{"name":"wp","href":"https:\/\/api.w.org\/{rel}","templated":true}]}}