{"id":406,"date":"2014-10-20T10:53:14","date_gmt":"2014-10-20T07:53:14","guid":{"rendered":"http:\/\/80.69.171.23\/py\/?page_id=406"},"modified":"2024-03-12T16:23:00","modified_gmt":"2024-03-12T14:23:00","slug":"tuulivoima","status":"publish","type":"page","link":"https:\/\/paliskunnat.fi\/py\/neuvonta\/maankaytto\/tuulivoima\/","title":{"rendered":"Tuulivoima"},"content":{"rendered":"<h2>Tuulivoima<\/h2>\n<p><span style=\"font-weight: 400;\">Pohjoismaissa etenkin pohjoiset harvaan asutut alueet ovat voimakkaan tuulivoiman lis\u00e4suunnittelun ja -rakentamisen kohteena. Kansallisesti t<\/span>uulivoimalle on annettu merkitt\u00e4vin rooli uusiutuvan energian tarjonnan lis\u00e4\u00e4misess\u00e4. Suomen tavoitteena on omavaraisuus vuoteen 2030 menness\u00e4, jonka j\u00e4lkeen siirrymme energian toimittajaksi Euroopan maihin.<\/p>\n<p>Rintarinnan alueidenk\u00e4yt\u00f6n suunnittelun kanssa poronhoitoalueella on toiminnassa jo parisen kymment\u00e4 kokoluokaltaan merkitt\u00e4v\u00e4\u00e4 tuulienergiantuotannon aluetta (2023). Hankkeita on k\u00e4ynniss\u00e4 useita kymmeni\u00e4 ja lis\u00e4ksi on alustavia suunnitelmia, joista ei ole virallisia tietoja. Uusia hankkeita tulee vireille nopealla tahdilla.<\/p>\n<p><a href=\"https:\/\/paliskunnat.fi\/py\/wp-content\/uploads\/2024\/03\/kuivaniemen-sorakentta-kuivaniemi-simo.jpg\" rel=\"lightbox[406]\"><img loading=\"lazy\" decoding=\"async\" class=\"alignnone wp-image-8143\" src=\"https:\/\/paliskunnat.fi\/py\/wp-content\/uploads\/2024\/03\/kuivaniemen-sorakentta-kuivaniemi-simo.jpg\" alt=\"Tuulivoima-alue Kuivaniemell\u00e4 Simon kunnassa.\" width=\"460\" height=\"345\" srcset=\"https:\/\/paliskunnat.fi\/py\/wp-content\/uploads\/2024\/03\/kuivaniemen-sorakentta-kuivaniemi-simo.jpg 1100w, https:\/\/paliskunnat.fi\/py\/wp-content\/uploads\/2024\/03\/kuivaniemen-sorakentta-kuivaniemi-simo-300x225.jpg 300w, https:\/\/paliskunnat.fi\/py\/wp-content\/uploads\/2024\/03\/kuivaniemen-sorakentta-kuivaniemi-simo-1024x768.jpg 1024w, https:\/\/paliskunnat.fi\/py\/wp-content\/uploads\/2024\/03\/kuivaniemen-sorakentta-kuivaniemi-simo-768x576.jpg 768w\" sizes=\"auto, (max-width: 460px) 100vw, 460px\" \/><\/a><\/p>\n<p>Ruotsissa tehdyt GPS-seurantatutkimukset, porojen papanatutkimukset sek\u00e4 paliskuntien kokemukset eri puolilta Suomen ja Ruotsin poronhoitoaluetta antavat viitteit\u00e4 porojen reagoimisesta. Porot pyrkiv\u00e4t v\u00e4ltt\u00e4m\u00e4\u00e4n tuulivoima-alueita sek\u00e4 voimaloiden rakentamisen ett\u00e4 niiden toiminnan aikana ja ovat erityisesti vasonnan aikana herkki\u00e4 h\u00e4iri\u00f6lle. Porojen k\u00e4ytt\u00e4ytymiseen vaikuttavat kuitenkin monet tekij\u00e4t, kuten alueella jo oleva muu infrastruktuuri tai h\u00e4iri\u00f6, laidunaluetyyppi ja korvaavien laidunalueiden olemassaolo.<\/p>\n<p><a href=\"https:\/\/paliskunnat.fi\/py\/wp-content\/uploads\/2024\/03\/tuulivoima-poronhoitoalueella.png\" rel=\"lightbox[406]\"><img loading=\"lazy\" decoding=\"async\" class=\"alignnone wp-image-8240\" src=\"https:\/\/paliskunnat.fi\/py\/wp-content\/uploads\/2024\/03\/tuulivoima-poronhoitoalueella.png\" alt=\"Tuulivoima poronhoitoalueella.\" width=\"460\" height=\"650\" srcset=\"https:\/\/paliskunnat.fi\/py\/wp-content\/uploads\/2024\/03\/tuulivoima-poronhoitoalueella.png 637w, https:\/\/paliskunnat.fi\/py\/wp-content\/uploads\/2024\/03\/tuulivoima-poronhoitoalueella-212x300.png 212w\" sizes=\"auto, (max-width: 460px) 100vw, 460px\" \/><\/a><\/p>\n<p>Erityisesti vasonta-alueiden k\u00e4ytt\u00f6 sek\u00e4 porojen kulkureitit voivat muuttua tuulivoimaloiden my\u00f6t\u00e4. Voimaloiden sijoittuminen suhteessa porolaitumiin ja niiden k\u00e4ytt\u00f6\u00f6n on keskeisess\u00e4 asemassa arvioitaessa voimaloiden vaikutuksia. Tuulivoimalahankkeita on syyt\u00e4 tarkastella aina tapauskohtaisesti, mutta my\u00f6s kumuloituvat vaikutukset muiden hankkeiden ja muun maank\u00e4yt\u00f6n kanssa on kyett\u00e4v\u00e4 ottamaan huomioon. Hankesuunnittelun alkuvaiheista alkaen tulee selvitt\u00e4\u00e4, millaisia vaikutukset mahdollisesti ovat ja voidaanko niit\u00e4 suunnittelun keinoin v\u00e4hent\u00e4\u00e4. Porojen GPS-seuranta ennen hanketta, rakentamisen aikana ja voimaloiden k\u00e4yt\u00f6n aikana tulee l\u00e4hitulevaisuudessa lis\u00e4\u00e4m\u00e4\u00e4n ja vahvistamaan tietoa porojen reagoimisesta ja laidunten k\u00e4yt\u00f6n muutoksista.<\/p>\n<p>Kaikki poronhoitoalueella suunnitteilla olevat tuulivoimahankkeet eiv\u00e4t vaadi ymp\u00e4rist\u00f6vaikutusten arviointimenettely\u00e4. Pienemm\u00e4n mittakaavan hankkeita pyrit\u00e4\u00e4n toteuttamaan pelk\u00e4ll\u00e4 kaavoituksella. Vaikutukset poronhoitoon on kuitenkin aina arvioitava ja huomioitava hankesuunnitelman alkuvaiheista l\u00e4htien.<\/p>\n<p>Poronhoidon ja luonnon kannalta v\u00e4hiten haitallista on tuulivoiman sijoittaminen jo ennest\u00e4\u00e4n rakennettuun ymp\u00e4rist\u00f6\u00f6n.<\/p>\n<p>&nbsp;<\/p>\n<p><!--more--><\/p>\n<h2>Tuulivoima poronhoitoalueella<\/h2>\n<p>Paliskuntain yhdistys ja Tuulivoima ry ovat julkaisseet alojen n\u00e4kemyksen hyvist\u00e4 k\u00e4yt\u00e4nn\u00f6ist\u00e4 <a href=\"https:\/\/akordi.fi\/wp-content\/uploads\/Paliskunnat-ja-tuulivoimatoimijat_toimintamalli_12012023_FINAL.pdf\">tuulivoiman suunnittelussa poronhoitoalueella<\/a>.<\/p>\n<h2>Tutkimusta ja lis\u00e4tietoja<\/h2>\n<p>Luonnonvarakeskuksen tutkimushanke <a href=\"https:\/\/www.luke.fi\/fi\/projektit\/tuuliriista\">WindLife<\/a><\/p>\n<p class=\"content-header__title content-header__title--h1\">Useat lintu- ja nis\u00e4k\u00e4sryhm\u00e4t v\u00e4ist\u00e4v\u00e4t tuulivoimaloita (Tolvanen ym. <a href=\"https:\/\/www.sciencedirect.com\/science\/article\/pii\/S0006320723004834?via%3Dihub\">2023)<\/a><\/p>\n<p>Porot, poronhoito ja tuulivoima (Skarin ym. <a href=\"https:\/\/www.naturvardsverket.se\/978-91-620-7011-3\">2021<\/a>)<\/p>\n<p class=\"citation__title\">Out of sight of wind turbines\u2014Reindeer response to wind farms in operation (Skarin ym. <a href=\"https:\/\/onlinelibrary.wiley.com\/doi\/full\/10.1002\/ece3.4476\">2018<\/a>)<\/p>\n<p>Laaja ruotsalaistutkimus tuulivoimaloiden vaikutuksesta porojen k\u00e4ytt\u00e4ytymiseen (Skarin ym. <a href=\"http:\/\/pub.epsilon.slu.se\/13562\/\">2016 <\/a>).<\/p>\n<p>Kokoelma-artikkeli poron k\u00e4ytt\u00e4ytymisest\u00e4 ja h\u00e4iri\u00f6tekij\u00f6iden vaikutuksista. (Skarin &amp; \u00c5hman <a href=\"http:\/\/link.springer.com\/article\/10.1007%2Fs00300-014-1499-5\">2014<\/a>)<\/p>\n","protected":false},"excerpt":{"rendered":"<p>Tuulivoima Pohjoismaissa etenkin pohjoiset harvaan asutut alueet ovat voimakkaan tuulivoiman lis\u00e4suunnittelun ja -rakentamisen kohteena. Kansallisesti tuulivoimalle on annettu merkitt\u00e4vin rooli uusiutuvan energian tarjonnan lis\u00e4\u00e4misess\u00e4. Suomen tavoitteena on omavaraisuus vuoteen 2030 menness\u00e4, jonka j\u00e4lkeen siirrymme energian toimittajaksi Euroopan maihin. Rintarinnan alueidenk\u00e4yt\u00f6n suunnittelun kanssa poronhoitoalueella on toiminnassa jo parisen kymment\u00e4 kokoluokaltaan merkitt\u00e4v\u00e4\u00e4 tuulienergiantuotannon aluetta (2023). Hankkeita on [&hellip;]<\/p>\n","protected":false},"author":1,"featured_media":0,"parent":399,"menu_order":4,"comment_status":"open","ping_status":"closed","template":"","meta":{"footnotes":""},"class_list":["post-406","page","type-page","status-publish","hentry"],"_links":{"self":[{"href":"https:\/\/paliskunnat.fi\/py\/wp-json\/wp\/v2\/pages\/406","targetHints":{"allow":["GET"]}}],"collection":[{"href":"https:\/\/paliskunnat.fi\/py\/wp-json\/wp\/v2\/pages"}],"about":[{"href":"https:\/\/paliskunnat.fi\/py\/wp-json\/wp\/v2\/types\/page"}],"author":[{"embeddable":true,"href":"https:\/\/paliskunnat.fi\/py\/wp-json\/wp\/v2\/users\/1"}],"replies":[{"embeddable":true,"href":"https:\/\/paliskunnat.fi\/py\/wp-json\/wp\/v2\/comments?post=406"}],"version-history":[{"count":44,"href":"https:\/\/paliskunnat.fi\/py\/wp-json\/wp\/v2\/pages\/406\/revisions"}],"predecessor-version":[{"id":8241,"href":"https:\/\/paliskunnat.fi\/py\/wp-json\/wp\/v2\/pages\/406\/revisions\/8241"}],"up":[{"embeddable":true,"href":"https:\/\/paliskunnat.fi\/py\/wp-json\/wp\/v2\/pages\/399"}],"wp:attachment":[{"href":"https:\/\/paliskunnat.fi\/py\/wp-json\/wp\/v2\/media?parent=406"}],"curies":[{"name":"wp","href":"https:\/\/api.w.org\/{rel}","templated":true}]}}