{"id":410,"date":"2014-10-20T10:55:29","date_gmt":"2014-10-20T07:55:29","guid":{"rendered":"http:\/\/80.69.171.23\/py\/?page_id=410"},"modified":"2024-03-17T16:06:58","modified_gmt":"2024-03-17T14:06:58","slug":"kaavoitus","status":"publish","type":"page","link":"https:\/\/paliskunnat.fi\/py\/neuvonta\/maankaytto\/kaavoitus\/","title":{"rendered":"Kaavoitus"},"content":{"rendered":"<h2>Kaavoitus<\/h2>\n<p><span style=\"font-weight: 400;\">Poronhoito-oikeus ja siihen kuuluva vapaa laidunnusoikeus on poronhoitolailla turvattu <\/span><i><span style=\"font-weight: 400;\">ikiaikainen nautintaoikeus<\/span><\/i><span style=\"font-weight: 400;\"> (<a href=\"https:\/\/www.finlex.fi\/fi\/laki\/ajantasa\/1990\/19900848\">PHL 848\/1990<\/a>; <a href=\"https:\/\/research.ulapland.fi\/fi\/publications\/poronhoito-oikeus-maank%C3%A4ytt%C3%B6oikeutena\">Joona 1993<\/a>). Poronhoidon k\u00e4yt\u00e4nn\u00f6llinen perusta on maan omistussuhteesta riippumaton porojen vapaa laidunnus <\/span>(PHL 3\u00a7)\u00a0ja laajat yhten\u00e4iset laidunalueet. Erityislakina poronhoitolaki tulee huomioida kaavoituksessa ja muussa poronhoitoalueella tapahtuvassa toiminnassa. Vapaa laidunnusoikeus on tarkoitettu ja tunnustettu pysyv\u00e4ksi oikeudeksi. Paliskunnat ja poronhoitajat ovat maank\u00e4yt\u00f6n suunnittelussa oikeudenhaltijoita.<\/p>\n<p><span style=\"font-weight: 400;\">Poronhoitoalueen maakuntakaavoista tulee m\u00e4\u00e4r\u00e4yksi\u00e4, jotka edellytt\u00e4v\u00e4t poronhoidon turvaamista maank\u00e4yt\u00f6n suunnittelussa. Lis\u00e4ksi maank\u00e4ytt\u00f6- ja rakennuslain (<a href=\"https:\/\/www.finlex.fi\/fi\/laki\/ajantasa\/1999\/19990132\">MRL 1999\/132<\/a>) mukaan kaavoilla ei saa aiheuttaa maanomistajille tai muille oikeudenhaltijoille <em>kohtuutonta haittaa<\/em> (28 \u00a7). <\/span>Lis\u00e4ksi valtakunnalliset alueidenk\u00e4ytt\u00f6tavoitteet (<a href=\"https:\/\/www.ymparisto.fi\/fi\/rakennettu-ymparisto\/kaavoitus-ja-alueidenkaytto\/valtakunnalliset-alueidenkayttotavoitteet\">VAT<\/a>) osana maank\u00e4ytt\u00f6- ja rakennuslain mukaista alueidenk\u00e4yt\u00f6n suunnitteluj\u00e4rjestelm\u00e4\u00e4, turvaavat elinvoimaisten kulttuuri- ja luonnonymp\u00e4rist\u00f6jen s\u00e4ilytt\u00e4mist\u00e4 sek\u00e4 luonnonvarojen kest\u00e4v\u00e4\u00e4 k\u00e4ytt\u00f6\u00e4. Ne ohjaavat my\u00f6s huolehtimaan saamelaiskulttuurin ja -elinkeinojen kannalta merkitt\u00e4vien alueiden s\u00e4ilytt\u00e4misest\u00e4.<\/p>\n<p>Poronhoitoon kohdistuvia vaikutuksia kaavakohtaisesti selvitett\u00e4ess\u00e4 tulee asiasta neuvotella asianosaisen paliskunnan kanssa. Poronhoitolain mukaan valtion viranomaisen on neuvoteltava paliskunnan kanssa suunnitellessaan toimintaa, jolla voi olla olennaista vaikutusta poronhoidon harjoittamiseen (PHL 53\u00a7). Lapin maakuntakaavoissa poronhoitolain 53\u00a7 on kaavam\u00e4\u00e4r\u00e4yksell\u00e4 laajennettu koskemaan muitakin kuin valtion viranomaisia.\u00a0Asianosaista paliskuntaa edustaa <a href=\"https:\/\/paliskunnat.fi\/py\/organisaatio\/yhteystiedot\/paliskunnat\/\">porois\u00e4nt\u00e4<\/a>.<\/p>\n<h3>Neuvottelut<\/h3>\n<p>Kaavoissa neuvottelut paliskunnan kanssa on hyv\u00e4 aloittaa jo selvitysvaiheessa. Neuvotteluissa tulee noudattaa hyv\u00e4\u00e4 neuvotteluk\u00e4yt\u00e4nt\u00f6\u00e4. T\u00e4m\u00e4 tarkoittaa, ett\u00e4 suunnitelmista neuvotellaan siin\u00e4 vaiheessa, kun niihin on mahdollista vaikuttaa. Kuntakaavoissa (maakuntakaavan velvoittamat) neuvottelut tulee j\u00e4rjest\u00e4\u00e4 viimeist\u00e4\u00e4n valmisteluaineiston n\u00e4ht\u00e4vill\u00e4 olon j\u00e4lkeen. Niiss\u00e4 voidaan k\u00e4yd\u00e4 l\u00e4pi yksityiskohtaisemmin paliskunnan kannanoton huomioon ottamista kaavassa, paliskunnan esiintuomia vaikutuksia ja haitallisten vaikutusten lievent\u00e4mist\u00e4. Paliskunnan kanssa voidaan neuvotella my\u00f6s ennen valmisteluaineiston esille laittamista ja toisen kerran ennen ehdotusvaiheen n\u00e4ht\u00e4vill\u00e4 oloa, kuten vakiintunut menettelytapa Lapin alueen maakuntakaavoissa on. Paliskunta ja Paliskuntain yhdistys ovat olleet mukana kunta- ja maakuntakaavojen lakis\u00e4\u00e4teisiss\u00e4 viranomaisneuvotteluissa, mik\u00e4 on n\u00e4hty hyv\u00e4ksi tavaksi varmistaa poronhoidon huomioimisen riitt\u00e4vyys.<\/p>\n<p>Mik\u00e4li luonnonvarahankkeeseen liittyv\u00e4n kaavan todetaan aiheuttavan alueen poronhoidolle haittaa, tulee haitat minimoida ja kompensoida. Jos haitat arvioidaan poronhoidon kannalta kohtuuttomiksi, eik\u00e4 haittoja ole osoitettu korvattavan tai minimoitavan, on kaava silloin lainvastainen (MRL 28\u00a7). Tilanteen muuttaminen edellytt\u00e4\u00e4 hanketoimijan ja elinkeinon v\u00e4lisi\u00e4 neuvotteluja ja todenn\u00e4k\u00f6isesti suunniteltuun toimintaan muutoksia. Hyv\u00e4 toimintatapa on laatia kirjallinen sopimus siit\u00e4, miten hankkeesta aiheutuvia haittoja lievennet\u00e4\u00e4n ja kompensoidaan sek\u00e4 miten niit\u00e4 seurataan ja miten seurannan tuloksiin reagoidaan.<\/p>\n<h3>Kaavan vaikutukset poronhoitoon<\/h3>\n<p>Poronhoito perustuu vapaaseen laidunnukseen: poronhoitolain (PHL 848\/1990) <a href=\"https:\/\/www.finlex.fi\/fi\/laki\/ajantasa\/1990\/19900848#P3\">3 \u00a7:n<\/a> mukaisesti poronhoitoa saadaan harjoittaa poronhoitoalueella maan omistus- ja hallintaoikeudesta riippumatta. Poronhoito on toiminta-alueellaan laaja-alainen maank\u00e4ytt\u00e4j\u00e4. Kaikki muu maank\u00e4ytt\u00f6 poronhoitoalueella vaikuttaa aina enemm\u00e4n tai v\u00e4hemm\u00e4n poronhoidon harjoittamisen edellytyksiin. Vaikutusten selvitt\u00e4minen ja maank\u00e4yt\u00f6n yhteensovittaminen on siis \u00e4\u00e4rimm\u00e4isen keskeinen kysymys poronhoidon kannalta.<\/p>\n<p>Kaavoituksessa on l\u00e4ht\u00f6kohtana erilaisten alueidenk\u00e4yt\u00f6n intressien ja tarpeiden yhteensovittaminen. Kaavoitusprosessit toimivat my\u00f6s alueidenk\u00e4yt\u00f6n suunnittelun vuorovaikutteisuuden v\u00e4lineen\u00e4. Kaavoilla on oikeusvaikutuksia. Poronhoitoalueella vuorovaikutteisuutta on k\u00e4yt\u00e4nn\u00f6ss\u00e4 toteutettu erilaisilla osallistavilla suunnittelu- ja neuvotteluprosesseilla. Kaavoituksessa tulee lis\u00e4ksi hy\u00f6dynt\u00e4\u00e4 olemassa olevaa paliskuntien paikkatietoaineistoa, joka kertoo poronhoidon keskeisist\u00e4 laidun- ja toiminta-alueista.<\/p>\n<p>Kaavoista maakuntakaavat ovat niin laaja-alaisia, ett\u00e4 ne kattavat kokonaisia paliskuntia ja kuntia. Maakuntakaavat ovat ohjeellisia, yleispiirteisi\u00e4 ja toimintaa mahdollistavia, eli niist\u00e4 ei seuraa suoria toimintaa tai rakentamista ohjaavia oikeudellisia velvoitteita. Vasta yksityiskohtaisemmissa kuntakaavoissa, yleis- ja asemakaavoissa ohjataan suoremmin toimintaa ja rakentamista. Maakuntakaavat ohjaavat kuitenkin alueiden k\u00e4yt\u00f6n yksityiskohtaisempaa suunnittelua ja mahdollistavat maank\u00e4ytt\u00f6hankkeiden alkutaipaletta. Maakuntakaavaa on pidett\u00e4v\u00e4 ohjeena laadittaessa ja muutettaessa yleiskaavaa ja asemakaavaa tai ryhdytt\u00e4ess\u00e4 muutoin toimenpiteisiin alueiden k\u00e4yt\u00f6n j\u00e4rjest\u00e4miseksi.<\/p>\n<p>Yleiskaavoituksella ohjataan yhdyskuntarakennetta. Yleiskaavassa suunnittelun tarkkuus mahdollistaa poronhoitoon liittyvien alueidenk\u00e4ytt\u00f6ratkaisujen tekemisen. Yhdyskuntarakenteeseen liittyvill\u00e4 ratkaisuilla on usein huomattavaa vaikutusta poronhoidon harjoittamiseen, useimmiten erilaisten h\u00e4iri\u00f6vaikutuksen yleistymisen vuoksi. H\u00e4iri\u00f6vaikutus voi tulla esimerkiksi rakentamiseen varattavien alueiden sijainnin, riitt\u00e4m\u00e4tt\u00f6mien rakentamiselta poissuljettujen alueiden tai liikenteeseen liittyvien aluevarausten ja liikennealueiden k\u00e4yt\u00f6st\u00e4 aiheutuvien h\u00e4iri\u00f6iden muodossa. Yleiskaavassa tulee tunnistaa suunniteltavan alueen rooli poronhoidossa ja laatia sen mukaisesti tarpeelliset aluevaraukset ja m\u00e4\u00e4r\u00e4ykset.<\/p>\n<p>&nbsp;<\/p>\n<p><!--more--><\/p>\n<h2>Lis\u00e4tietoja<\/h2>\n<p><a href=\"https:\/\/paliskunnat.fi\/py\/materiaalit\/tutkimustietoa\/\">Tutkimustietoa<\/a> -sivulla<\/p>\n<p>Opas poronhoidon tarkasteluun maank\u00e4ytt\u00f6hankkeissa (PoroYVA, <a href=\"https:\/\/paliskunnat.fi\/poroyva\/PoroYVA_2014_FI_web.pdf\">2013<\/a>)<\/p>\n<p>Tuulivoimahankkeiden suunnittelu ja operointi poronhoitoalueella (Akordi, <a href=\"https:\/\/akordi.fi\/wp-content\/uploads\/Paliskunnat-ja-tuulivoimatoimijat_toimintamalli_12012023_FINAL.pdf\">2023<\/a>)<\/p>\n<p>Marja Anttonen, <a href=\"https:\/\/paliskunnat.fi\/py\/organisaatio\/yhteystiedot\/henkilokunta\/#porotalousneuvojat\">Porotalousneuvojat<\/a><\/p>\n","protected":false},"excerpt":{"rendered":"<p>Kaavoitus Poronhoito-oikeus ja siihen kuuluva vapaa laidunnusoikeus on poronhoitolailla turvattu ikiaikainen nautintaoikeus (PHL 848\/1990; Joona 1993). Poronhoidon k\u00e4yt\u00e4nn\u00f6llinen perusta on maan omistussuhteesta riippumaton porojen vapaa laidunnus (PHL 3\u00a7)\u00a0ja laajat yhten\u00e4iset laidunalueet. Erityislakina poronhoitolaki tulee huomioida kaavoituksessa ja muussa poronhoitoalueella tapahtuvassa toiminnassa. Vapaa laidunnusoikeus on tarkoitettu ja tunnustettu pysyv\u00e4ksi oikeudeksi. Paliskunnat ja poronhoitajat ovat maank\u00e4yt\u00f6n suunnittelussa [&hellip;]<\/p>\n","protected":false},"author":1,"featured_media":0,"parent":399,"menu_order":5,"comment_status":"open","ping_status":"closed","template":"","meta":{"footnotes":""},"class_list":["post-410","page","type-page","status-publish","hentry"],"_links":{"self":[{"href":"https:\/\/paliskunnat.fi\/py\/wp-json\/wp\/v2\/pages\/410","targetHints":{"allow":["GET"]}}],"collection":[{"href":"https:\/\/paliskunnat.fi\/py\/wp-json\/wp\/v2\/pages"}],"about":[{"href":"https:\/\/paliskunnat.fi\/py\/wp-json\/wp\/v2\/types\/page"}],"author":[{"embeddable":true,"href":"https:\/\/paliskunnat.fi\/py\/wp-json\/wp\/v2\/users\/1"}],"replies":[{"embeddable":true,"href":"https:\/\/paliskunnat.fi\/py\/wp-json\/wp\/v2\/comments?post=410"}],"version-history":[{"count":37,"href":"https:\/\/paliskunnat.fi\/py\/wp-json\/wp\/v2\/pages\/410\/revisions"}],"predecessor-version":[{"id":8267,"href":"https:\/\/paliskunnat.fi\/py\/wp-json\/wp\/v2\/pages\/410\/revisions\/8267"}],"up":[{"embeddable":true,"href":"https:\/\/paliskunnat.fi\/py\/wp-json\/wp\/v2\/pages\/399"}],"wp:attachment":[{"href":"https:\/\/paliskunnat.fi\/py\/wp-json\/wp\/v2\/media?parent=410"}],"curies":[{"name":"wp","href":"https:\/\/api.w.org\/{rel}","templated":true}]}}