{"id":412,"date":"2014-10-20T10:56:19","date_gmt":"2014-10-20T07:56:19","guid":{"rendered":"http:\/\/80.69.171.23\/py\/?page_id=412"},"modified":"2024-03-06T14:26:44","modified_gmt":"2024-03-06T12:26:44","slug":"vesivoima","status":"publish","type":"page","link":"https:\/\/paliskunnat.fi\/py\/neuvonta\/maankaytto\/vesivoima\/","title":{"rendered":"Vesivoima"},"content":{"rendered":"<h2>Vesivoima<\/h2>\n<p>Lokan ja Porttipahdan tekoaltaat hukuttivat alleen laajat porolaitumet vuosina 1967 ja 1970. Alueita k\u00e4ytt\u00e4m\u00e4\u00e4n tottuneet porot l\u00e4htiv\u00e4t vaeltamaan. Niit\u00e4 haettiin vuosien ajan jopa satojen kilometrien p\u00e4\u00e4st\u00e4. Poroja ui altaiden turvelautoille ja hukkui. Tekoaltaat muuttivat peruuttamattomalla tavalla alueen ymp\u00e4rist\u00f6\u00e4, kulttuuria ja sosiaalista rakennetta. Suorat taloudelliset menetykset olivat mittavia, eik\u00e4 korvauksia menetyksist\u00e4 ole koskaan asiallisesti hoidettu. Vuosikymmenten my\u00f6t\u00e4 alueen elinkeinot ovat sopeutuneet tilanteeseen pakon edess\u00e4, mutta\u00a0tekoaltaiden rakentaminen j\u00e4tti paikallisten ihmisten el\u00e4m\u00e4\u00e4n\u00a0pysyv\u00e4t arvet.<\/p>\n<p>Mittavista allastuhoista huolimatta poronhoitoalueella nousevat toistuvasti keskusteluun s\u00e4\u00e4nn\u00f6stelyallashankkeet Kollaja ja Kemihaara (ent. Vuotos). Molemmilla allashankkeilla olisi pysyvi\u00e4, laaja-alaisia ja merkitt\u00e4v\u00e4n haitallisia ymp\u00e4rist\u00f6vaikutuksia. Kollajan allas vaatisi koskiensuojelulain avaamisen. Kemihaaran altaan alle j\u00e4isi laajasti Natura-alueita.<\/p>\n<p>Kollajan allassuunnitelma sijaitsee Pudasj\u00e4rvell\u00e4, Kollajan paliskunnan alueella. Kemihaaran suunnitelma puolestaan Hirvasniemen paliskunnan alueella Pelkosenniemell\u00e4.<\/p>\n<p>Altaiden alle j\u00e4\u00e4vien alueiden merkityst\u00e4 poronhoidon kannalta lis\u00e4\u00e4 niiden rauhallisuus. Altaat veisiv\u00e4t paliskuntien keskeisi\u00e4 kes\u00e4laidun- ja vasoma-alueita sek\u00e4 sekoittaisivat pahasti alueiden laidunkierron. Hirvasniemen paliskunta voisi Kemihaaran altaan my\u00f6t\u00e4 jakautua kahteen osaan, jolloin alueen poronhoito olisi organisoitava kokonaan uudestaan.<\/p>\n<p>Vaikka allassuunnitelmat sijoittuvat p\u00e4\u00e4osin Hirvasniemen ja Kollajan paliskuntien alueille, vaikutukset ulottuisivat my\u00f6s naapuripaliskuntiin.\u00a0 Porotaloudelle aiheutuvia yleisi\u00e4 vaikutuksia olisivat: poronhoidon estyminen, poronhoitoty\u00f6n vaikeutuminen ja lis\u00e4\u00e4ntyminen sek\u00e4 poronhoidossa k\u00e4ytett\u00e4v\u00e4\u00e4n kiinte\u00e4\u00e4n omaisuuteen ja rakenteisiin kohdistuvat vahingot. Laidunalueiden menetys johtaisi tarpeeseen v\u00e4hent\u00e4\u00e4 porojen m\u00e4\u00e4r\u00e4\u00e4. Lis\u00e4ksi altaiden suuret vedenpinnan vaihtelut tekisiv\u00e4t j\u00e4ist\u00e4 arvaamattomat liikkua niin poroille kuin poronhoitajille. My\u00f6s liikenne lis\u00e4\u00e4ntyisi alueella ja aiheuttaisi onnettomuuksia.<\/p>\n<p>Poronhoidon kannalta allashankkeilla on monia kielteisi\u00e4 vaikutuksia, niiden aiheuttamat vaikutukset kulttuurin kannalta olisivat j\u00e4risytt\u00e4v\u00e4t, eik\u00e4 mittavia taloudellisia menetyksi\u00e4 elinkeinolle voida sivuuttaa. Poroelinkeino vastustaa molempia allashankkeita. Hankkeet ovat my\u00f6s voimassa olevan lains\u00e4\u00e4d\u00e4nn\u00f6n vastaisia.<\/p>\n<p><!--more--><\/p>\n<h2>Lis\u00e4tietoja:<\/h2>\n<p><a href=\"http:\/\/yle.fi\/aihe\/artikkeli\/2014\/03\/14\/tekoaltaat-mullistivat-sompiolaisten-elaman\">Tekoaltaat mullistivat sompiolaisten el\u00e4m\u00e4n<\/a> (YLE 14.3.2014)<\/p>\n<p>Lokka muutosten n\u00e4ytt\u00e4m\u00f6n\u00e4 (Pyh\u00e4j\u00e4rvi, 2011)<\/p>\n<p>Suunnitellun Kollajan altaan vaikutus poronhoitoon \u2013 Porojen GPS-seurannan tulokset ja laidunalueiden k\u00e4ytt\u00f6. (Nyk\u00e4nen &amp; Colpaert, <a href=\"https:\/\/erepo.uef.fi\/handle\/123456789\/16630\">2016<\/a>)<\/p>\n","protected":false},"excerpt":{"rendered":"<p>Vesivoima Lokan ja Porttipahdan tekoaltaat hukuttivat alleen laajat porolaitumet vuosina 1967 ja 1970. Alueita k\u00e4ytt\u00e4m\u00e4\u00e4n tottuneet porot l\u00e4htiv\u00e4t vaeltamaan. Niit\u00e4 haettiin vuosien ajan jopa satojen kilometrien p\u00e4\u00e4st\u00e4. Poroja ui altaiden turvelautoille ja hukkui. Tekoaltaat muuttivat peruuttamattomalla tavalla alueen ymp\u00e4rist\u00f6\u00e4, kulttuuria ja sosiaalista rakennetta. Suorat taloudelliset menetykset olivat mittavia, eik\u00e4 korvauksia menetyksist\u00e4 ole koskaan asiallisesti hoidettu. [&hellip;]<\/p>\n","protected":false},"author":1,"featured_media":0,"parent":399,"menu_order":7,"comment_status":"open","ping_status":"closed","template":"","meta":{"footnotes":""},"class_list":["post-412","page","type-page","status-publish","hentry"],"_links":{"self":[{"href":"https:\/\/paliskunnat.fi\/py\/wp-json\/wp\/v2\/pages\/412","targetHints":{"allow":["GET"]}}],"collection":[{"href":"https:\/\/paliskunnat.fi\/py\/wp-json\/wp\/v2\/pages"}],"about":[{"href":"https:\/\/paliskunnat.fi\/py\/wp-json\/wp\/v2\/types\/page"}],"author":[{"embeddable":true,"href":"https:\/\/paliskunnat.fi\/py\/wp-json\/wp\/v2\/users\/1"}],"replies":[{"embeddable":true,"href":"https:\/\/paliskunnat.fi\/py\/wp-json\/wp\/v2\/comments?post=412"}],"version-history":[{"count":21,"href":"https:\/\/paliskunnat.fi\/py\/wp-json\/wp\/v2\/pages\/412\/revisions"}],"predecessor-version":[{"id":8098,"href":"https:\/\/paliskunnat.fi\/py\/wp-json\/wp\/v2\/pages\/412\/revisions\/8098"}],"up":[{"embeddable":true,"href":"https:\/\/paliskunnat.fi\/py\/wp-json\/wp\/v2\/pages\/399"}],"wp:attachment":[{"href":"https:\/\/paliskunnat.fi\/py\/wp-json\/wp\/v2\/media?parent=412"}],"curies":[{"name":"wp","href":"https:\/\/api.w.org\/{rel}","templated":true}]}}