{"id":420,"date":"2014-10-20T13:32:53","date_gmt":"2014-10-20T10:32:53","guid":{"rendered":"http:\/\/80.69.171.23\/py\/?page_id=420"},"modified":"2023-06-08T10:26:08","modified_gmt":"2023-06-08T07:26:08","slug":"paliskuntien-tiedot","status":"publish","type":"page","link":"https:\/\/paliskunnat.fi\/py\/paliskunnat\/paliskuntien-tiedot\/","title":{"rendered":"Paliskuntien tiedot"},"content":{"rendered":"<h2>Paliskunnat<\/h2>\n<p>Paliskunnat on numeroitu j\u00e4rjestysnumeroilla 1-57. Paliskuntien m\u00e4\u00e4r\u00e4 el\u00e4\u00e4 paliskuntien yhdistymisten tai jakojen mukana. Poronhoitovuoden 2014\u22122015 p\u00e4\u00e4ttyess\u00e4 (31.5.2015) paliskuntia oli 54.<\/p>\n<p><a href=\"https:\/\/paliskunnat.fi\/py\/wp-content\/uploads\/2018\/01\/Paliskuntanumerot.jpg\" rel=\"lightbox[420]\"><img loading=\"lazy\" decoding=\"async\" class=\"alignnone wp-image-5550\" src=\"https:\/\/paliskunnat.fi\/py\/wp-content\/uploads\/2018\/01\/Paliskuntanumerot.jpg\" alt=\"Paliskuntanumerot\" width=\"460\" height=\"472\" srcset=\"https:\/\/paliskunnat.fi\/py\/wp-content\/uploads\/2018\/01\/Paliskuntanumerot.jpg 878w, https:\/\/paliskunnat.fi\/py\/wp-content\/uploads\/2018\/01\/Paliskuntanumerot-293x300.jpg 293w, https:\/\/paliskunnat.fi\/py\/wp-content\/uploads\/2018\/01\/Paliskuntanumerot-768x787.jpg 768w\" sizes=\"auto, (max-width: 460px) 100vw, 460px\" \/><\/a><\/p>\n<p>Paliskuntakohtaisilla sivuilla esitetyt valtion ja muiden tahojen omistamien maiden maapinta-alojen prosenttiosuudet ovat per\u00e4isin julkaisusta: Kumpula, J. et al. 2019. Poronhoitoalueen talvilaitumet vuosien 2016\u20132018 laiduninventoinnissa. Luonnonvara- ja biotalouden tutkimus 33\/2019.<\/p>\n<p><!--more--><\/p>\n<h2>Asetus merkkipiireist\u00e4 ja porom\u00e4\u00e4rist\u00e4<\/h2>\n<p><a href=\"https:\/\/www.finlex.fi\/fi\/laki\/alkup\/2020\/20200414\">MMM asetus 414\/2020<\/a><\/p>\n","protected":false},"excerpt":{"rendered":"<p>Paliskunnat Paliskunnat on numeroitu j\u00e4rjestysnumeroilla 1-57. Paliskuntien m\u00e4\u00e4r\u00e4 el\u00e4\u00e4 paliskuntien yhdistymisten tai jakojen mukana. Poronhoitovuoden 2014\u22122015 p\u00e4\u00e4ttyess\u00e4 (31.5.2015) paliskuntia oli 54. Paliskuntakohtaisilla sivuilla esitetyt valtion ja muiden tahojen omistamien maiden maapinta-alojen prosenttiosuudet ovat per\u00e4isin julkaisusta: Kumpula, J. et al. 2019. Poronhoitoalueen talvilaitumet vuosien 2016\u20132018 laiduninventoinnissa. Luonnonvara- ja biotalouden tutkimus 33\/2019.<\/p>\n","protected":false},"author":1,"featured_media":0,"parent":6,"menu_order":2,"comment_status":"open","ping_status":"closed","template":"paliskuntasivut.php","meta":{"footnotes":""},"class_list":["post-420","page","type-page","status-publish","hentry"],"_links":{"self":[{"href":"https:\/\/paliskunnat.fi\/py\/wp-json\/wp\/v2\/pages\/420","targetHints":{"allow":["GET"]}}],"collection":[{"href":"https:\/\/paliskunnat.fi\/py\/wp-json\/wp\/v2\/pages"}],"about":[{"href":"https:\/\/paliskunnat.fi\/py\/wp-json\/wp\/v2\/types\/page"}],"author":[{"embeddable":true,"href":"https:\/\/paliskunnat.fi\/py\/wp-json\/wp\/v2\/users\/1"}],"replies":[{"embeddable":true,"href":"https:\/\/paliskunnat.fi\/py\/wp-json\/wp\/v2\/comments?post=420"}],"version-history":[{"count":42,"href":"https:\/\/paliskunnat.fi\/py\/wp-json\/wp\/v2\/pages\/420\/revisions"}],"predecessor-version":[{"id":7790,"href":"https:\/\/paliskunnat.fi\/py\/wp-json\/wp\/v2\/pages\/420\/revisions\/7790"}],"up":[{"embeddable":true,"href":"https:\/\/paliskunnat.fi\/py\/wp-json\/wp\/v2\/pages\/6"}],"wp:attachment":[{"href":"https:\/\/paliskunnat.fi\/py\/wp-json\/wp\/v2\/media?parent=420"}],"curies":[{"name":"wp","href":"https:\/\/api.w.org\/{rel}","templated":true}]}}