{"id":429,"date":"2014-10-30T13:29:29","date_gmt":"2014-10-30T11:29:29","guid":{"rendered":"http:\/\/80.69.171.23\/py\/?page_id=429"},"modified":"2024-06-19T14:21:53","modified_gmt":"2024-06-19T11:21:53","slug":"paliskuntain-yhdistys","status":"publish","type":"page","link":"https:\/\/paliskunnat.fi\/py\/organisaatio\/paliskuntain-yhdistys\/","title":{"rendered":"Paliskuntain yhdistys"},"content":{"rendered":"<h2>Paliskuntain yhdistys<\/h2>\n<p>Paliskuntain yhdistys on porotalouden ohjaus-, neuvonta- ja asiantuntijaorganisaatio.<\/p>\n<p>Paliskuntain yhdistyksen teht\u00e4v\u00e4n\u00e4 on poronhoitolain (<a href=\"https:\/\/www.finlex.fi\/fi\/laki\/ajantasa\/1990\/19900848#P20\">848\/1990<\/a>) mukaan:<\/p>\n<p>1) toimia paliskuntien yhdyssiteen\u00e4;<br \/>\n2) kehitt\u00e4\u00e4 poronhoitoa ja porotaloutta;<br \/>\n3) edist\u00e4\u00e4 poronhoidon tutkimusta, poronhoitoa koskevaa koetoimintaa ja poronjalostusta; sek\u00e4<br \/>\n4) suorittaa muut sille s\u00e4\u00e4detyt tai m\u00e4\u00e4r\u00e4tyt teht\u00e4v\u00e4t<br \/>\n(<a href=\"https:\/\/www.finlex.fi\/fi\/laki\/ajantasa\/1990\/19900848#P20\">PHL 20.1 \u00a7<\/a>).<\/p>\n<p>Paliskuntain yhdistys:<\/p>\n<ul>\n<li>Neuvoo paliskuntia, poronomistajia, sidosryhmi\u00e4 ja kansalaisia poroihin liittyviss\u00e4 kysymyksiss\u00e4<\/li>\n<li>Julkaisee <a href=\"https:\/\/paliskunnat.fi\/py\/organisaatio\/poromies-lehti\/\">Poromies-lehte\u00e4<\/a> ja muuta poronhoidon tietomateriaalia<\/li>\n<li>J\u00e4rjest\u00e4\u00e4 neuvottelu-, tiedotus- ja koulutustilaisuuksia<\/li>\n<li>Tekee poronhoidon ja porotalouden kehitt\u00e4miseksi aloitteita lains\u00e4\u00e4d\u00e4nn\u00f6n ja hallinnon alalla<\/li>\n<li>Edist\u00e4\u00e4 paliskuntien yhteistoimintaa<\/li>\n<li>Vaikuttaa porotalouteen liittyviin muihin elinkeinoihin ja sidosryhmiin poronhoidon toimintaedellytysten s\u00e4ilytt\u00e4miseksi<\/li>\n<li>Tukee poronhoidon tutkimustoimintaa ja yll\u00e4pit\u00e4\u00e4 <a href=\"https:\/\/paliskunnat.fi\/py\/organisaatio\/koeporotarha\/\">Kutuharjun koeporotarhaa<\/a><\/li>\n<li>Vastaa valtakuntien v\u00e4lisist\u00e4 <a href=\"https:\/\/paliskunnat.fi\/py\/organisaatio\/rajaporoaidat\/\">rajaporoesteaidoista<\/a><\/li>\n<li>Toimii viranomaisena <a href=\"https:\/\/paliskunnat.fi\/py\/neuvonta\/poromerkit-ja-pilttarekisterit\/\">poromerkkiasioissa<\/a><\/li>\n<\/ul>\n<p>Paliskuntain yhdistyksen j\u00e4seni\u00e4 ovat lakis\u00e4\u00e4teisesti kaikki paliskunnat.<\/p>\n<p><a href=\"https:\/\/paliskunnat.fi\/py\/wp-content\/uploads\/2021\/02\/paliskuntain_yhdistys_organisaatio.png\" rel=\"lightbox[429]\"><img loading=\"lazy\" decoding=\"async\" class=\"alignnone wp-image-6856\" src=\"https:\/\/paliskunnat.fi\/py\/wp-content\/uploads\/2021\/02\/paliskuntain_yhdistys_organisaatio.png\" alt=\"Paliskuntain yhdistys organisaatio\" width=\"460\" height=\"300\" srcset=\"https:\/\/paliskunnat.fi\/py\/wp-content\/uploads\/2021\/02\/paliskuntain_yhdistys_organisaatio.png 1200w, https:\/\/paliskunnat.fi\/py\/wp-content\/uploads\/2021\/02\/paliskuntain_yhdistys_organisaatio-300x196.png 300w, https:\/\/paliskunnat.fi\/py\/wp-content\/uploads\/2021\/02\/paliskuntain_yhdistys_organisaatio-1024x668.png 1024w, https:\/\/paliskunnat.fi\/py\/wp-content\/uploads\/2021\/02\/paliskuntain_yhdistys_organisaatio-768x501.png 768w\" sizes=\"auto, (max-width: 460px) 100vw, 460px\" \/><\/a><\/p>\n<p>Paliskunnat k\u00e4ytt\u00e4v\u00e4t p\u00e4\u00e4t\u00f6svaltaansa yhdistyksen kokouksessa. (<a href=\"https:\/\/www.finlex.fi\/fi\/laki\/ajantasa\/1990\/19900848#P20\">PHL 20.2 \u00a7<\/a>) Yhdistyksen hallitus ja edustajakokous hyv\u00e4ksyv\u00e4t vuosittain toimintasuunnitelman ja talousarvion, joista k\u00e4yv\u00e4t ilmi Paliskuntain yhdistyksen teht\u00e4v\u00e4t. Paliskuntain yhdistyksen varsinainen yleinen kokous eli\u00a0<a href=\"https:\/\/paliskunnat.fi\/py\/organisaatio\/poroparlamentti\/\">Poroparlamentti<\/a> pidet\u00e4\u00e4n kerran vuodessa kes\u00e4kuun alussa.<\/p>\n<p>Paliskuntain yhdistyksen tulosohjauksesta vastaa <a href=\"https:\/\/www.ely-keskus.fi\/web\/ely\/ely-lappi#.VGS7EfmsV8E\">Lapin elinkeino-, liikenne- ja ymp\u00e4rist\u00f6keskus<\/a>. Vuosittain teht\u00e4v\u00e4ss\u00e4 tulossopimuksessa m\u00e4\u00e4ritell\u00e4\u00e4n yhdistyksen tarkemmat teht\u00e4v\u00e4t.<\/p>\n<p><!--more--><\/p>\n<h2>Paliskuntain yhdistys<\/h2>\n<p><a href=\"https:\/\/paliskunnat.fi\/py\/wp-content\/uploads\/2021\/12\/Paliskuntain-yhdistys-vuosikertomus-2019.pdf\">Vuosikertomus 2019<\/a><\/p>\n<p><a href=\"https:\/\/paliskunnat.fi\/py\/wp-content\/uploads\/2021\/12\/Paliskuntain-yhdistys-vuosikertomus-2020.pdf\">Vuosikertomus 2020<\/a><\/p>\n","protected":false},"excerpt":{"rendered":"<p>Paliskuntain yhdistys Paliskuntain yhdistys on porotalouden ohjaus-, neuvonta- ja asiantuntijaorganisaatio. Paliskuntain yhdistyksen teht\u00e4v\u00e4n\u00e4 on poronhoitolain (848\/1990) mukaan: 1) toimia paliskuntien yhdyssiteen\u00e4; 2) kehitt\u00e4\u00e4 poronhoitoa ja porotaloutta; 3) edist\u00e4\u00e4 poronhoidon tutkimusta, poronhoitoa koskevaa koetoimintaa ja poronjalostusta; sek\u00e4 4) suorittaa muut sille s\u00e4\u00e4detyt tai m\u00e4\u00e4r\u00e4tyt teht\u00e4v\u00e4t (PHL 20.1 \u00a7). Paliskuntain yhdistys: Neuvoo paliskuntia, poronomistajia, sidosryhmi\u00e4 ja kansalaisia [&hellip;]<\/p>\n","protected":false},"author":1,"featured_media":0,"parent":4,"menu_order":1,"comment_status":"open","ping_status":"closed","template":"","meta":{"footnotes":""},"class_list":["post-429","page","type-page","status-publish","hentry"],"_links":{"self":[{"href":"https:\/\/paliskunnat.fi\/py\/wp-json\/wp\/v2\/pages\/429","targetHints":{"allow":["GET"]}}],"collection":[{"href":"https:\/\/paliskunnat.fi\/py\/wp-json\/wp\/v2\/pages"}],"about":[{"href":"https:\/\/paliskunnat.fi\/py\/wp-json\/wp\/v2\/types\/page"}],"author":[{"embeddable":true,"href":"https:\/\/paliskunnat.fi\/py\/wp-json\/wp\/v2\/users\/1"}],"replies":[{"embeddable":true,"href":"https:\/\/paliskunnat.fi\/py\/wp-json\/wp\/v2\/comments?post=429"}],"version-history":[{"count":75,"href":"https:\/\/paliskunnat.fi\/py\/wp-json\/wp\/v2\/pages\/429\/revisions"}],"predecessor-version":[{"id":8353,"href":"https:\/\/paliskunnat.fi\/py\/wp-json\/wp\/v2\/pages\/429\/revisions\/8353"}],"up":[{"embeddable":true,"href":"https:\/\/paliskunnat.fi\/py\/wp-json\/wp\/v2\/pages\/4"}],"wp:attachment":[{"href":"https:\/\/paliskunnat.fi\/py\/wp-json\/wp\/v2\/media?parent=429"}],"curies":[{"name":"wp","href":"https:\/\/api.w.org\/{rel}","templated":true}]}}